{"id":771053,"date":"2025-08-28T14:52:25","date_gmt":"2025-08-28T11:52:25","guid":{"rendered":"https:\/\/roveyayinevi.com.tr\/index.php\/urun\/roji-2\/"},"modified":"2026-04-15T03:37:35","modified_gmt":"2026-04-15T00:37:35","slug":"roji-2","status":"publish","type":"product","link":"https:\/\/roveyayinevi.com.tr\/index.php\/urun\/roji-2\/","title":{"rendered":"Roji! 2"},"content":{"rendered":"<p>Hayat sakin bir \u015fekilde devam ediyor. Bir dakika, sakin mi? \u00c7ok da emin olmay\u0131n! G\u00f6lge aray\u0131\u015f\u0131nda olan Yuzu, Karin ve Azusa, gizemli bir galeri ke\u015ffederler. \u0130\u00e7eride onlar\u0131 garip bir grav\u00fcr beklemektedir&#8230; Acaba bu grav\u00fcr, son zamanlarda \u015fehirde meydana gelen ve hi\u00e7bir a\u00e7\u0131klamas\u0131 olmayan olaylarla ba\u011flant\u0131l\u0131 m\u0131? Kesin olan bir \u015fey var ki gen\u00e7 dedektiflerimiz i\u00e7in s\u00fcrprizler da ha yeni ba\u015fl\u0131yor!   M\u0130YAZAK\u0130\u2019N\u0130N UZUN METRAJ F\u0130LMLER\u0130N\u0130N \u015e\u0130\u0130RSELL\u0130\u011e\u0130YLE AL\u0130CE HAR\u0130KALAR D\u0130YARINDA\u2019NIN \u00c7ILGINLI\u011eININ B\u0130R ARAYA GELD\u0130\u011e\u0130   ROJ\u0130\u2019Y\u0130 KA\u00c7IRMAYIN! <\/p>\n","protected":false},"excerpt":{"rendered":"<p>Hayat sakin bir \u015fekilde devam ediyor. Bir dakika, sakin mi? \u00c7ok da emin olmay\u0131n! G\u00f6lge aray\u0131\u015f\u0131nda olan Yuzu, Karin ve Azusa, gizemli bir galeri ke\u015ffederler. \u0130\u00e7eride<span class=\"excerpt-hellip\"> [\u2026]<\/span><\/p>\n","protected":false},"featured_media":0,"template":"","meta":{"_monsterinsights_skip_tracking":false,"_monsterinsights_sitenote_active":false,"_monsterinsights_sitenote_note":"","_monsterinsights_sitenote_category":0},"product_brand":[],"product_cat":[12416,12291],"product_tag":[],"class_list":{"0":"post-771053","1":"product","2":"type-product","3":"status-publish","5":"product_cat-cizgi-roman","6":"product_cat-edebiyat","7":"pa_cilt-ciltsiz","8":"pa_tur-kitap","9":"pa_yayinevi-athica-yayinlari","10":"pa_yazar-keisuke-kotobuki","12":"first","13":"instock","14":"sale","15":"shipping-taxable","16":"purchasable","17":"product-type-simple"},"_links":{"self":[{"href":"https:\/\/roveyayinevi.com.tr\/index.php\/wp-json\/wp\/v2\/product\/771053","targetHints":{"allow":["GET"]}}],"collection":[{"href":"https:\/\/roveyayinevi.com.tr\/index.php\/wp-json\/wp\/v2\/product"}],"about":[{"href":"https:\/\/roveyayinevi.com.tr\/index.php\/wp-json\/wp\/v2\/types\/product"}],"wp:attachment":[{"href":"https:\/\/roveyayinevi.com.tr\/index.php\/wp-json\/wp\/v2\/media?parent=771053"}],"wp:term":[{"taxonomy":"product_brand","embeddable":true,"href":"https:\/\/roveyayinevi.com.tr\/index.php\/wp-json\/wp\/v2\/product_brand?post=771053"},{"taxonomy":"product_cat","embeddable":true,"href":"https:\/\/roveyayinevi.com.tr\/index.php\/wp-json\/wp\/v2\/product_cat?post=771053"},{"taxonomy":"product_tag","embeddable":true,"href":"https:\/\/roveyayinevi.com.tr\/index.php\/wp-json\/wp\/v2\/product_tag?post=771053"}],"curies":[{"name":"wp","href":"https:\/\/api.w.org\/{rel}","templated":true}]}}