{"id":771051,"date":"2025-08-28T14:52:21","date_gmt":"2025-08-28T11:52:21","guid":{"rendered":"https:\/\/roveyayinevi.com.tr\/index.php\/urun\/muslumanliga-yon-verenler\/"},"modified":"2026-04-15T03:37:35","modified_gmt":"2026-04-15T00:37:35","slug":"muslumanliga-yon-verenler","status":"publish","type":"product","link":"https:\/\/roveyayinevi.com.tr\/index.php\/urun\/muslumanliga-yon-verenler\/","title":{"rendered":"M\u00fcsl\u00fcmanl\u0131\u011fa Y\u00f6n Verenler"},"content":{"rendered":"<p>\u201cDin, s\u0131radan insanlar i\u00e7in ger\u00e7ek, ayd\u0131nlar i\u00e7in yalan, iktidar i\u00e7in kullan\u0131\u015fl\u0131d\u0131r.\u201d \u2013 Seneca   Dinler, insanlar\u0131n d\u00fcnyay\u0131 anlamak ve hayat\u0131n zorluklar\u0131na bir anlam katmak i\u00e7in olu\u015fturdu\u011fu mitolojilerdir, bu mitolojiler insan\u0131n korkular\u0131n\u0131 ve umutlar\u0131n\u0131 yans\u0131t\u0131r ancak bilimsel ger\u00e7eklikten uzakt\u0131rlar.   Kuran-\u0131 Kerim a\u011f\u0131rl\u0131kl\u0131 olarak ahlak, erdem, fazilet, adalet ve yard\u0131mseverlik konular\u0131nda daha anla\u015f\u0131l\u0131r, a\u00e7\u0131k ifadelerle yol g\u00f6sterici ve rehber olsayd\u0131, d\u00fcnya daha m\u0131 adaletli ve bar\u0131\u015f i\u00e7inde olurdu? Belki itiraz edebilirsiniz ancak bakt\u0131\u011f\u0131m\u0131z zaman, birka\u00e7 Ortado\u011fu \u00fclkesi hari\u00e7 d\u00fcnyan\u0131n en yoksul ve sefalet i\u00e7indeki \u00fclkeleri M\u00fcsl\u00fcman ve bunlar\u0131n liderleri de d\u00fcnyan\u0131n en zenginleri ise ve de M\u00fcsl\u00fcman \u00fclkeler birbirleriyle din y\u00fcz\u00fcnden sava\u015f\u0131yorlarsa, bunda bir yanl\u0131\u015fl\u0131k yok mu?   Ta\u015f devrinde insanlar\u0131n en b\u00fcy\u00fck sorunu beslenme ve bar\u0131nmayd\u0131. Bug\u00fcn d\u00fcnya M\u00fcsl\u00fcmanlar\u0131n\u0131n da en b\u00fcy\u00fck sorunu beslenme ve bar\u0131nma ise, aradan ge\u00e7en binlerce y\u0131lda ne de\u011fi\u015fmi\u015f? Liderler ve yanda\u015flar, dini de\u011ferleri kullanarak kendi refah seviyelerini y\u00fckseltmi\u015f, halklar\u0131 yok saym\u0131\u015flar. T\u00fcrkiye\u2019de oldu\u011fu gibi! <\/p>\n","protected":false},"excerpt":{"rendered":"<p>\u201cDin, s\u0131radan insanlar i\u00e7in ger\u00e7ek, ayd\u0131nlar i\u00e7in yalan, iktidar i\u00e7in kullan\u0131\u015fl\u0131d\u0131r.\u201d \u2013 Seneca Dinler, insanlar\u0131n d\u00fcnyay\u0131 anlamak ve hayat\u0131n zorluklar\u0131na bir anlam katmak i\u00e7in olu\u015fturdu\u011fu mitolojilerdir,<span class=\"excerpt-hellip\"> [\u2026]<\/span><\/p>\n","protected":false},"featured_media":0,"template":"","meta":{"_monsterinsights_skip_tracking":false,"_monsterinsights_sitenote_active":false,"_monsterinsights_sitenote_note":"","_monsterinsights_sitenote_category":0},"product_brand":[],"product_cat":[13036,12718,12719],"product_tag":[],"class_list":{"0":"post-771051","1":"product","2":"type-product","3":"status-publish","5":"product_cat-arastirma-inceleme-islam","6":"product_cat-din","7":"product_cat-islam","8":"pa_cilt-ciltsiz","9":"pa_tur-kitap","10":"pa_yayinevi-destek-yayinlari","11":"pa_yazar-hayrettin-kagnici","13":"first","14":"instock","15":"sale","16":"shipping-taxable","17":"purchasable","18":"product-type-simple"},"_links":{"self":[{"href":"https:\/\/roveyayinevi.com.tr\/index.php\/wp-json\/wp\/v2\/product\/771051","targetHints":{"allow":["GET"]}}],"collection":[{"href":"https:\/\/roveyayinevi.com.tr\/index.php\/wp-json\/wp\/v2\/product"}],"about":[{"href":"https:\/\/roveyayinevi.com.tr\/index.php\/wp-json\/wp\/v2\/types\/product"}],"wp:attachment":[{"href":"https:\/\/roveyayinevi.com.tr\/index.php\/wp-json\/wp\/v2\/media?parent=771051"}],"wp:term":[{"taxonomy":"product_brand","embeddable":true,"href":"https:\/\/roveyayinevi.com.tr\/index.php\/wp-json\/wp\/v2\/product_brand?post=771051"},{"taxonomy":"product_cat","embeddable":true,"href":"https:\/\/roveyayinevi.com.tr\/index.php\/wp-json\/wp\/v2\/product_cat?post=771051"},{"taxonomy":"product_tag","embeddable":true,"href":"https:\/\/roveyayinevi.com.tr\/index.php\/wp-json\/wp\/v2\/product_tag?post=771051"}],"curies":[{"name":"wp","href":"https:\/\/api.w.org\/{rel}","templated":true}]}}