{"id":771047,"date":"2025-08-28T14:52:12","date_gmt":"2025-08-28T11:52:12","guid":{"rendered":"https:\/\/roveyayinevi.com.tr\/index.php\/urun\/cok-zor-bir-kitap-ciltli\/"},"modified":"2026-04-15T03:37:35","modified_gmt":"2026-04-15T00:37:35","slug":"cok-zor-bir-kitap-ciltli","status":"publish","type":"product","link":"https:\/\/roveyayinevi.com.tr\/index.php\/urun\/cok-zor-bir-kitap-ciltli\/","title":{"rendered":"\u00c7ok Zor Bir Kitap (Ciltli)"},"content":{"rendered":"<p>Dikkat! Bu kitap sizden zor \u015feyler yapman\u0131z\u0131 isteyecek!  Ya\u015fam\u0131n K\u0131sa Tarihi&#8217;nden tan\u0131d\u0131\u011f\u0131m\u0131z yazar Idan Ben-Barak ile \u00e7izer Philip Bunting&#8217;in yollar\u0131n\u0131 yeniden kesi\u015ftiren \u00c7ok Zor Bir Kitap, erken \u00f6\u011frenme \u00e7a\u011f\u0131ndaki \u00e7ocuklar\u0131n \u00fcstbili\u015fsel becerilerini destekleyen bol etkile\u015fimli bir ser\u00fcven. Zihin felsefesi kavram\u0131na temel bir giri\u015f sunarken hayal g\u00fcc\u00fcn\u00fcn s\u0131n\u0131rs\u0131zl\u0131\u011f\u0131ndan ilham alan kitap, okurlar\u0131 soyut konular \u00fcst\u00fcne soru sormaya ve a\u00e7\u0131k u\u00e7lu d\u00fc\u015f\u00fcnmeye davet ediyor. Yapmak istemedi\u011fin bir \u015fey yap yahut bir dakikal\u0131\u011f\u0131na ba\u015fka bir yerde ol! \u015eu an tan\u0131t\u0131m\u0131n\u0131 okudu\u011funuz bu kitap, &#8221;du\u0308\u015fu\u0308nme&#8221; hakk\u0131nda nas\u0131l fikir y\u00fcr\u00fctmeniz gerekti\u011fini g\u00f6steren \u00f6nerilerle dolup ta\u015f\u0131yor. Kitaptaki reng\u00e2renk resimleri b\u00fct\u00fcnleyen y\u00f6nergeler, sizden bamba\u015fka \u015feyler hayal etmenizi ve yapman\u0131z\u0131 istiyor. Evet, baz\u0131lar\u0131 yapmas\u0131 \u00e7ok zor belki ama bir o kadar da e\u011flenceli! E\u011fer haz\u0131rsan\u0131z, birlikte d\u00fc\u015f\u00fcnmeye ba\u015flayal\u0131m m\u0131? Bu kitab\u0131 okuyanlar\u0131 neler bekliyor? * Yarat\u0131c\u0131 d\u00fc\u015f\u00fcnmenin \u00f6nemini fark ettiriyor. * Zorlu g\u00f6revlere meydan okuma deneyimi kazand\u0131r\u0131yor. <\/p>\n","protected":false},"excerpt":{"rendered":"<p>Dikkat! Bu kitap sizden zor \u015feyler yapman\u0131z\u0131 isteyecek! Ya\u015fam\u0131n K\u0131sa Tarihi&#8217;nden tan\u0131d\u0131\u011f\u0131m\u0131z yazar Idan Ben-Barak ile \u00e7izer Philip Bunting&#8217;in yollar\u0131n\u0131 yeniden kesi\u015ftiren \u00c7ok Zor Bir Kitap,<span class=\"excerpt-hellip\"> [\u2026]<\/span><\/p>\n","protected":false},"featured_media":0,"template":"","meta":{"_monsterinsights_skip_tracking":false,"_monsterinsights_sitenote_active":false,"_monsterinsights_sitenote_note":"","_monsterinsights_sitenote_category":0},"product_brand":[],"product_cat":[12274,12284],"product_tag":[],"class_list":{"0":"post-771047","1":"product","2":"type-product","3":"status-publish","5":"product_cat-cocuk-ve-genclik-kitaplari","6":"product_cat-hikayeler","7":"pa_cilt-ciltli","8":"pa_tur-kitap","9":"pa_yayinevi-ucanbalik-yayincilik","10":"pa_yazar-idan-ben-barak","12":"first","13":"instock","14":"sale","15":"shipping-taxable","16":"purchasable","17":"product-type-simple"},"_links":{"self":[{"href":"https:\/\/roveyayinevi.com.tr\/index.php\/wp-json\/wp\/v2\/product\/771047","targetHints":{"allow":["GET"]}}],"collection":[{"href":"https:\/\/roveyayinevi.com.tr\/index.php\/wp-json\/wp\/v2\/product"}],"about":[{"href":"https:\/\/roveyayinevi.com.tr\/index.php\/wp-json\/wp\/v2\/types\/product"}],"wp:attachment":[{"href":"https:\/\/roveyayinevi.com.tr\/index.php\/wp-json\/wp\/v2\/media?parent=771047"}],"wp:term":[{"taxonomy":"product_brand","embeddable":true,"href":"https:\/\/roveyayinevi.com.tr\/index.php\/wp-json\/wp\/v2\/product_brand?post=771047"},{"taxonomy":"product_cat","embeddable":true,"href":"https:\/\/roveyayinevi.com.tr\/index.php\/wp-json\/wp\/v2\/product_cat?post=771047"},{"taxonomy":"product_tag","embeddable":true,"href":"https:\/\/roveyayinevi.com.tr\/index.php\/wp-json\/wp\/v2\/product_tag?post=771047"}],"curies":[{"name":"wp","href":"https:\/\/api.w.org\/{rel}","templated":true}]}}