{"id":771045,"date":"2025-08-28T14:52:08","date_gmt":"2025-08-28T11:52:08","guid":{"rendered":"https:\/\/roveyayinevi.com.tr\/index.php\/urun\/depodaki-sir\/"},"modified":"2026-04-15T03:37:35","modified_gmt":"2026-04-15T00:37:35","slug":"depodaki-sir","status":"publish","type":"product","link":"https:\/\/roveyayinevi.com.tr\/index.php\/urun\/depodaki-sir\/","title":{"rendered":"Depodaki S\u0131r"},"content":{"rendered":"<p>Turuncu renkli, cesur ama biraz tedirgin bu top!                        Kendini sadece s\u0131radan bir top san\u0131yordu, ta ki bir g\u00fcn onu bakkaldan sat\u0131n alan                                                  Yi\u011fit ile  yepyeni bir maceraya at\u0131lana dek&#8230;                         Patlat\u0131lma korkusuyla ba\u015flayan bir topun hik\u00e2yesiyle, \u00e7ocuklar\u0131n d\u00fcnyas\u0131na, dostlu\u011fun g\u00fcc\u00fcne ve \u201cfarkl\u0131l\u0131klar\u0131n asl\u0131nda ne kadar k\u0131ymetli oldu\u011funa\u201d tan\u0131kl\u0131k edeceksiniz.   Yi\u011fit ve arkada\u015flar\u0131n\u0131n oyun alan\u0131nda ya\u015fad\u0131klar\u0131 k\u00fc\u00e7\u00fck \u00e7at\u0131\u015fmalar, b\u00fcy\u00fck fark\u0131ndal\u0131klara d\u00f6n\u00fc\u015f\u00fcyor. Yamal\u0131, unutulmu\u015f toplar; alay edilen, d\u0131\u015flanan \u00e7ocuklar ve akran zorbal\u0131\u011f\u0131\u2026\u00c7e\u015fitli m\u00fccadele ve k\u0131rg\u0131nl\u0131klardan sonra ayn\u0131 arkada\u015f ortam\u0131ndaki \u00e7ocuklar\u0131n birbirini anlamas\u0131 sonucu ortaya \u00e7\u0131kan m\u00fcthi\u015f bir dayan\u0131\u015fma ve dostluk hikayesi\u2026 Depodaki S\u0131r sizlerle\u2026 <\/p>\n","protected":false},"excerpt":{"rendered":"<p>Turuncu renkli, cesur ama biraz tedirgin bu top! Kendini sadece s\u0131radan bir top san\u0131yordu, ta ki bir g\u00fcn onu bakkaldan sat\u0131n alan Yi\u011fit ile yepyeni bir<span class=\"excerpt-hellip\"> [\u2026]<\/span><\/p>\n","protected":false},"featured_media":0,"template":"","meta":{"_monsterinsights_skip_tracking":false,"_monsterinsights_sitenote_active":false,"_monsterinsights_sitenote_note":"","_monsterinsights_sitenote_category":0},"product_brand":[],"product_cat":[12274,12284],"product_tag":[],"class_list":{"0":"post-771045","1":"product","2":"type-product","3":"status-publish","5":"product_cat-cocuk-ve-genclik-kitaplari","6":"product_cat-hikayeler","7":"pa_cilt-ciltsiz","8":"pa_tur-kitap","9":"pa_yayinevi-hayat-yayinlari","10":"pa_yazar-secil-karabel","12":"first","13":"instock","14":"sale","15":"shipping-taxable","16":"purchasable","17":"product-type-simple"},"_links":{"self":[{"href":"https:\/\/roveyayinevi.com.tr\/index.php\/wp-json\/wp\/v2\/product\/771045","targetHints":{"allow":["GET"]}}],"collection":[{"href":"https:\/\/roveyayinevi.com.tr\/index.php\/wp-json\/wp\/v2\/product"}],"about":[{"href":"https:\/\/roveyayinevi.com.tr\/index.php\/wp-json\/wp\/v2\/types\/product"}],"wp:attachment":[{"href":"https:\/\/roveyayinevi.com.tr\/index.php\/wp-json\/wp\/v2\/media?parent=771045"}],"wp:term":[{"taxonomy":"product_brand","embeddable":true,"href":"https:\/\/roveyayinevi.com.tr\/index.php\/wp-json\/wp\/v2\/product_brand?post=771045"},{"taxonomy":"product_cat","embeddable":true,"href":"https:\/\/roveyayinevi.com.tr\/index.php\/wp-json\/wp\/v2\/product_cat?post=771045"},{"taxonomy":"product_tag","embeddable":true,"href":"https:\/\/roveyayinevi.com.tr\/index.php\/wp-json\/wp\/v2\/product_tag?post=771045"}],"curies":[{"name":"wp","href":"https:\/\/api.w.org\/{rel}","templated":true}]}}