{"id":771044,"date":"2025-08-28T14:52:06","date_gmt":"2025-08-28T11:52:06","guid":{"rendered":"https:\/\/roveyayinevi.com.tr\/index.php\/urun\/asansore-binemeyen-leylek\/"},"modified":"2026-04-15T03:37:35","modified_gmt":"2026-04-15T00:37:35","slug":"asansore-binemeyen-leylek","status":"publish","type":"product","link":"https:\/\/roveyayinevi.com.tr\/index.php\/urun\/asansore-binemeyen-leylek\/","title":{"rendered":"Asans\u00f6re Binemeyen Leylek"},"content":{"rendered":"<p>\u00c7ocuklar\u0131n d\u00fcnyas\u0131na yepyeni bir kahraman kat\u0131l\u0131yor: Leko! Hen\u00fcz u\u00e7may\u0131 \u00f6\u011frenememi\u015f sevimli bir leylek yavrusu olan Leko, ailesiyle sakin bir \u00e7at\u0131 hayat\u0131 s\u00fcrerken, en yak\u0131n arkada\u015f\u0131 g\u00fcvercin G\u00fcrkan\u2019la oynad\u0131\u011f\u0131 bir oyunun ard\u0131ndan kendini hi\u00e7 beklemedi\u011fi bir anda bir \u00e7\u00f6p tenekesinin i\u00e7ine d\u00fc\u015fer. Bu durum, Leko\u2019nun hayat\u0131n\u0131 tamamen de\u011fi\u015ftirir. Art\u0131k kendini \u00e7ok g\u00fcvende ve huzurlu hissetti\u011fi \u00e7at\u0131s\u0131ndan ve ailesinden uzaktad\u0131r. \u015eehrin karga\u015fas\u0131n\u0131n ve kalabal\u0131\u011f\u0131n zorluklar\u0131yla m\u00fccadele ederken birbirinden ilgin\u00e7 arkada\u015flar edinir.  Bu \u015fehir maceras\u0131 i\u00e7inde Leko ailesine ve kendini g\u00fcvende hissetti\u011fi \u00e7at\u0131 hayat\u0131na tekrar kavu\u015fabilecek mi? Bu hik\u00e2ye, yaln\u0131zca minik bir leyle\u011fin ailesine kavu\u015fma m\u00fccadelesi de\u011fil; bir dostluk, vefa ve hayatta kalma maceras\u0131d\u0131r. Leylek Leko\u2019nun, g\u00fcvercin G\u00fcrkan\u2019\u0131n, fare Famik\u2019in ve kedi P\u0131rt\u0131k\u2019\u0131n \u0130stanbul turuna haz\u0131r m\u0131s\u0131n? Haydi Leko\u2019nun maceras\u0131na sen de kat\u0131l! <\/p>\n","protected":false},"excerpt":{"rendered":"<p>\u00c7ocuklar\u0131n d\u00fcnyas\u0131na yepyeni bir kahraman kat\u0131l\u0131yor: Leko! Hen\u00fcz u\u00e7may\u0131 \u00f6\u011frenememi\u015f sevimli bir leylek yavrusu olan Leko, ailesiyle sakin bir \u00e7at\u0131 hayat\u0131 s\u00fcrerken, en yak\u0131n arkada\u015f\u0131 g\u00fcvercin<span class=\"excerpt-hellip\"> [\u2026]<\/span><\/p>\n","protected":false},"featured_media":0,"template":"","meta":{"_monsterinsights_skip_tracking":false,"_monsterinsights_sitenote_active":false,"_monsterinsights_sitenote_note":"","_monsterinsights_sitenote_category":0},"product_brand":[],"product_cat":[12274,12284],"product_tag":[],"class_list":{"0":"post-771044","1":"product","2":"type-product","3":"status-publish","5":"product_cat-cocuk-ve-genclik-kitaplari","6":"product_cat-hikayeler","7":"pa_cilt-ciltsiz","8":"pa_tur-kitap","9":"pa_yayinevi-hayat-yayinlari","10":"pa_yazar-cagri-cebeci","12":"first","13":"instock","14":"sale","15":"shipping-taxable","16":"purchasable","17":"product-type-simple"},"_links":{"self":[{"href":"https:\/\/roveyayinevi.com.tr\/index.php\/wp-json\/wp\/v2\/product\/771044","targetHints":{"allow":["GET"]}}],"collection":[{"href":"https:\/\/roveyayinevi.com.tr\/index.php\/wp-json\/wp\/v2\/product"}],"about":[{"href":"https:\/\/roveyayinevi.com.tr\/index.php\/wp-json\/wp\/v2\/types\/product"}],"wp:attachment":[{"href":"https:\/\/roveyayinevi.com.tr\/index.php\/wp-json\/wp\/v2\/media?parent=771044"}],"wp:term":[{"taxonomy":"product_brand","embeddable":true,"href":"https:\/\/roveyayinevi.com.tr\/index.php\/wp-json\/wp\/v2\/product_brand?post=771044"},{"taxonomy":"product_cat","embeddable":true,"href":"https:\/\/roveyayinevi.com.tr\/index.php\/wp-json\/wp\/v2\/product_cat?post=771044"},{"taxonomy":"product_tag","embeddable":true,"href":"https:\/\/roveyayinevi.com.tr\/index.php\/wp-json\/wp\/v2\/product_tag?post=771044"}],"curies":[{"name":"wp","href":"https:\/\/api.w.org\/{rel}","templated":true}]}}