{"id":771043,"date":"2025-08-28T14:52:04","date_gmt":"2025-08-28T11:52:04","guid":{"rendered":"https:\/\/roveyayinevi.com.tr\/index.php\/urun\/karanlik-dalga\/"},"modified":"2026-04-15T03:37:35","modified_gmt":"2026-04-15T00:37:35","slug":"karanlik-dalga","status":"publish","type":"product","link":"https:\/\/roveyayinevi.com.tr\/index.php\/urun\/karanlik-dalga\/","title":{"rendered":"Karanl\u0131k Dalga"},"content":{"rendered":"<p>\u201cAyn\u0131 anda hem korkmak hem de rahatlamak m\u00fcmk\u00fcn m\u00fc, bilmiyorum. Ama karanl\u0131k dalgay\u0131 hissetti\u011fim an korkuyorum ve rahatl\u0131yorum.\u201d   Aydan, bir gece r\u00fcyas\u0131nda karanl\u0131k bir dalgada s\u00fcz\u00fcld\u00fc\u011f\u00fcn\u00fc g\u00f6r\u00fcr ve sabah uyand\u0131\u011f\u0131nda kendisini tan\u0131d\u0131k ama bir o kadar da farkl\u0131 bir d\u00fcnyada bulur. Burada her \u015fey daha g\u00fczel, ailesi ve arkada\u015flar\u0131 \u00e7ok daha mutlu, hayat\u0131 adeta m\u00fckemmeldir. \u00dcstelik sonsuza dek kaybetti\u011fini zannetti\u011fi biriyle bu d\u00fcnyada kavu\u015fmu\u015ftur.   Aydan\u2019\u0131n akl\u0131nda tek bir soru vard\u0131r: Bu kusursuz d\u00fcnyada temelli kalman\u0131n bir yolu var m\u0131?   Peki ya bu kusursuz d\u00fcnya, sadece yaralar\u0131 gizleyen u\u00e7ucu bir yan\u0131lsamadan ibaretse?   \u201cKaranl\u0131k Dalga\u201d, r\u00fcyalar\u0131m\u0131z\u0131n ger\u00e7e\u011fe ve kendi ger\u00e7ekli\u011fimizin bir r\u00fcyaya d\u00f6n\u00fc\u015febilece\u011fi o ince \u00e7izgide soluk kesici bir yolculuk vadediyor.<\/p>\n","protected":false},"excerpt":{"rendered":"<p>\u201cAyn\u0131 anda hem korkmak hem de rahatlamak m\u00fcmk\u00fcn m\u00fc, bilmiyorum. Ama karanl\u0131k dalgay\u0131 hissetti\u011fim an korkuyorum ve rahatl\u0131yorum.\u201d Aydan, bir gece r\u00fcyas\u0131nda karanl\u0131k bir dalgada s\u00fcz\u00fcld\u00fc\u011f\u00fcn\u00fc<span class=\"excerpt-hellip\"> [\u2026]<\/span><\/p>\n","protected":false},"featured_media":0,"template":"","meta":{"_monsterinsights_skip_tracking":false,"_monsterinsights_sitenote_active":false,"_monsterinsights_sitenote_note":"","_monsterinsights_sitenote_category":0},"product_brand":[],"product_cat":[12291,14777],"product_tag":[],"class_list":{"0":"post-771043","1":"product","2":"type-product","3":"status-publish","5":"product_cat-edebiyat","6":"product_cat-fantastik","7":"pa_cilt-ciltsiz","8":"pa_tur-kitap","9":"pa_yayinevi-perseus","10":"pa_yazar-kerem-savas-ilgin-yildiz","12":"first","13":"instock","14":"sale","15":"shipping-taxable","16":"purchasable","17":"product-type-simple"},"_links":{"self":[{"href":"https:\/\/roveyayinevi.com.tr\/index.php\/wp-json\/wp\/v2\/product\/771043","targetHints":{"allow":["GET"]}}],"collection":[{"href":"https:\/\/roveyayinevi.com.tr\/index.php\/wp-json\/wp\/v2\/product"}],"about":[{"href":"https:\/\/roveyayinevi.com.tr\/index.php\/wp-json\/wp\/v2\/types\/product"}],"wp:attachment":[{"href":"https:\/\/roveyayinevi.com.tr\/index.php\/wp-json\/wp\/v2\/media?parent=771043"}],"wp:term":[{"taxonomy":"product_brand","embeddable":true,"href":"https:\/\/roveyayinevi.com.tr\/index.php\/wp-json\/wp\/v2\/product_brand?post=771043"},{"taxonomy":"product_cat","embeddable":true,"href":"https:\/\/roveyayinevi.com.tr\/index.php\/wp-json\/wp\/v2\/product_cat?post=771043"},{"taxonomy":"product_tag","embeddable":true,"href":"https:\/\/roveyayinevi.com.tr\/index.php\/wp-json\/wp\/v2\/product_tag?post=771043"}],"curies":[{"name":"wp","href":"https:\/\/api.w.org\/{rel}","templated":true}]}}