{"id":771042,"date":"2025-08-28T14:52:02","date_gmt":"2025-08-28T11:52:02","guid":{"rendered":"https:\/\/roveyayinevi.com.tr\/index.php\/urun\/ihtiyarin-golge-ogudu\/"},"modified":"2026-04-15T03:37:35","modified_gmt":"2026-04-15T00:37:35","slug":"ihtiyarin-golge-ogudu","status":"publish","type":"product","link":"https:\/\/roveyayinevi.com.tr\/index.php\/urun\/ihtiyarin-golge-ogudu\/","title":{"rendered":"\u0130htiyar\u0131n G\u00f6lge \u00d6\u011f\u00fcd\u00fc"},"content":{"rendered":"<p>Evvel bir zaman\u0131n i\u00e7inde, hikayeler hep varm\u0131\u015f. Bilgeler, g\u00f6rm\u00fc\u015fler ve pirler anlat\u0131rm\u0131\u015f hikayeleri. \u0130nsanlar ise cesurca hikayelerde can bulan, onlara \u00f6\u011f\u00fctler toplayan Ahrazlardan dinlermi\u015f bu hikayeleri. Sonra da b\u0131rak\u0131rlarm\u0131\u015f ki zamana kar\u0131\u015fs\u0131n bu hikayeler. Zaman, alm\u0131\u015f ve ta\u015f\u0131m\u0131\u015f bu hikayelerden birini; a\u011fa\u00e7 yapraklar\u0131n\u0131n h\u0131\u015f\u0131rt\u0131s\u0131nda saklam\u0131\u015f. Sonra d\u00fc\u015fm\u00fc\u015f yere, sa\u00e7\u0131lm\u0131\u015f g\u00f6klere. Sevgili okuyucu, i\u015fte bir zerresini sen oku diye toplad\u0131m bu hik\u00e2yenin. Hikayeler s\u00f6z konusu olunca ne do\u011frudur ne yanl\u0131\u015ft\u0131r kimse bilemez. Belki Ay bile as\u0131l\u0131 de\u011fildir gecede belki bu dilin sahibi, bir delidir. Ancak y\u00fcre\u011fine ekildi mi bir hik\u00e2ye insan\u0131n, orada yeti\u015fen \u00e7i\u00e7e\u011fe d\u00f6nelim de bir bakal\u0131m. En yorgun g\u00f6zlerle en bitkin bedenlerle alt\u0131nda dinlenelim.<\/p>\n","protected":false},"excerpt":{"rendered":"<p>Evvel bir zaman\u0131n i\u00e7inde, hikayeler hep varm\u0131\u015f. Bilgeler, g\u00f6rm\u00fc\u015fler ve pirler anlat\u0131rm\u0131\u015f hikayeleri. \u0130nsanlar ise cesurca hikayelerde can bulan, onlara \u00f6\u011f\u00fctler toplayan Ahrazlardan dinlermi\u015f bu hikayeleri.<span class=\"excerpt-hellip\"> [\u2026]<\/span><\/p>\n","protected":false},"featured_media":0,"template":"","meta":{"_monsterinsights_skip_tracking":false,"_monsterinsights_sitenote_active":false,"_monsterinsights_sitenote_note":"","_monsterinsights_sitenote_category":0},"product_brand":[],"product_cat":[12291,14777],"product_tag":[],"class_list":{"0":"post-771042","1":"product","2":"type-product","3":"status-publish","5":"product_cat-edebiyat","6":"product_cat-fantastik","7":"pa_cilt-ciltsiz","8":"pa_tur-kitap","9":"pa_yayinevi-elpis-yayinlari","10":"pa_yazar-a-s-ascian","12":"first","13":"instock","14":"sale","15":"shipping-taxable","16":"purchasable","17":"product-type-simple"},"_links":{"self":[{"href":"https:\/\/roveyayinevi.com.tr\/index.php\/wp-json\/wp\/v2\/product\/771042","targetHints":{"allow":["GET"]}}],"collection":[{"href":"https:\/\/roveyayinevi.com.tr\/index.php\/wp-json\/wp\/v2\/product"}],"about":[{"href":"https:\/\/roveyayinevi.com.tr\/index.php\/wp-json\/wp\/v2\/types\/product"}],"wp:attachment":[{"href":"https:\/\/roveyayinevi.com.tr\/index.php\/wp-json\/wp\/v2\/media?parent=771042"}],"wp:term":[{"taxonomy":"product_brand","embeddable":true,"href":"https:\/\/roveyayinevi.com.tr\/index.php\/wp-json\/wp\/v2\/product_brand?post=771042"},{"taxonomy":"product_cat","embeddable":true,"href":"https:\/\/roveyayinevi.com.tr\/index.php\/wp-json\/wp\/v2\/product_cat?post=771042"},{"taxonomy":"product_tag","embeddable":true,"href":"https:\/\/roveyayinevi.com.tr\/index.php\/wp-json\/wp\/v2\/product_tag?post=771042"}],"curies":[{"name":"wp","href":"https:\/\/api.w.org\/{rel}","templated":true}]}}