{"id":771037,"date":"2025-08-28T14:51:51","date_gmt":"2025-08-28T11:51:51","guid":{"rendered":"https:\/\/roveyayinevi.com.tr\/index.php\/urun\/guzellik-dilencisi-secme-siir\/"},"modified":"2026-04-15T03:37:35","modified_gmt":"2026-04-15T00:37:35","slug":"guzellik-dilencisi-secme-siir","status":"publish","type":"product","link":"https:\/\/roveyayinevi.com.tr\/index.php\/urun\/guzellik-dilencisi-secme-siir\/","title":{"rendered":"G\u00fczellik Dilencisi &#8211; Se\u00e7me \u015eiir"},"content":{"rendered":"<p>G\u00fcn\u00fcm\u00fczde art\u0131k bir t\u00fcr performansa d\u00f6n\u00fc\u015fm\u00fc\u015f bulunan \u015fiirin ge\u00e7en y\u00fczy\u0131ldaki en g\u00fcmrah evlatlar\u0131ndan Attila J\u00f3zsef, \u201c\u0130yiydi, \u015fen \u015fakrakt\u0131, ama yok sayd\u0131lar m\u0131 \/ do\u011fru bildiklerini, orda belki dikba\u015fl\u0131.\u201d dizeleriyle tan\u0131tt\u0131\u011f\u0131 \u00d6zg\u00fcvarl\u0131\u011f\u0131n\u0131n bedelini trajik bir ya\u015fam ve \u00f6l\u00fcmle \u00f6dedi; ancak m\u00fcesses k\u00f6t\u00fcl\u00fck nizam\u0131yla m\u00fccadelesinin semeresi olan al\u0131\u015f\u0131lmad\u0131k yo\u011funluk ve \u00f6zg\u00fcnl\u00fckteki \u015fiiri h\u00e2l\u00e2 dipdiri. T\u0131pk\u0131 H\u00f6lderlin gibi u\u00e7urumun kenar\u0131nda, hatta Lenz misali \u201cellerinin \u00fcst\u00fcnde y\u00fcr\u00fcmeye\u201d \u00e7al\u0131\u015farak en par\u0131lt\u0131l\u0131 ve y\u00fcrek par\u00e7alay\u0131c\u0131 \u015fiirlerini yazarken bir y\u00fck treni alt\u0131nda t\u00fckenen son nefesine kadar \u00f6zg\u00fcrl\u00fck, sevgi, ak\u0131l ve insanca ya\u015fam u\u011fruna hayk\u0131ran Attila J\u00f3zsef\u2019in trajedisi, asl\u0131nda gizli bir zaferi mu\u015ftuluyor hepimize. \u015eairin umudunun nabz\u0131, durmadan yank\u0131lanan sesini \u00f6l\u00fcm\u00fcnden neredeyse y\u00fcz y\u0131l sonra ke\u015ffedecek olanlar i\u00e7in \u201cBiraz Nefes\u201d ba\u015fl\u0131kl\u0131 \u015fiirinin son dizelerinde at\u0131yor:   B\u00fcy\u00fcd\u00fcm art\u0131k. Birikiyor gitgide di\u015flerimde yabanc\u0131 maddeler, \u00f6l\u00fcm\u00fcn kalbime \u00e7\u00f6reklenmesi gibi. Ama haklar\u0131m var h\u00e2l\u00e2 ne ruh ne de bal\u00e7\u0131\u011f\u0131m hen\u00fcz ger\u00e7i postum da pek \u00f6yle k\u0131ymetli de\u011fil ki tek laf etmeden vakarla katlanay\u0131m, \u00f6zg\u00fcr olmay\u0131\u015f\u0131ma!   H\u00fck\u00fcmdar\u0131m i\u00e7imden h\u00fckmeder bana! Hayvan de\u011fil insan\u0131z \u2013 d\u00fc\u015f\u00fcnen can\u0131z biz! Bir kay\u0131t verisi olamaz arzuyu beslerken y\u00fcreklerimiz. Gel ey \u00f6zg\u00fcrl\u00fck! Yeni bir d\u00fczen do\u011fur bana, do\u011fru s\u00f6zle e\u011fit ve b\u0131rak oynas\u0131n senin bu g\u00fczel, a\u011f\u0131rba\u015fl\u0131 evlad\u0131n!<\/p>\n","protected":false},"excerpt":{"rendered":"<p>G\u00fcn\u00fcm\u00fczde art\u0131k bir t\u00fcr performansa d\u00f6n\u00fc\u015fm\u00fc\u015f bulunan \u015fiirin ge\u00e7en y\u00fczy\u0131ldaki en g\u00fcmrah evlatlar\u0131ndan Attila J\u00f3zsef, \u201c\u0130yiydi, \u015fen \u015fakrakt\u0131, ama yok sayd\u0131lar m\u0131 \/ do\u011fru bildiklerini, orda<span class=\"excerpt-hellip\"> [\u2026]<\/span><\/p>\n","protected":false},"featured_media":0,"template":"","meta":{"_monsterinsights_skip_tracking":false,"_monsterinsights_sitenote_active":false,"_monsterinsights_sitenote_note":"","_monsterinsights_sitenote_category":0},"product_brand":[],"product_cat":[12291,12509],"product_tag":[],"class_list":{"0":"post-771037","1":"product","2":"type-product","3":"status-publish","5":"product_cat-edebiyat","6":"product_cat-siir","7":"pa_cilt-ciltsiz","8":"pa_tur-kitap","9":"pa_yayinevi-everest-yayinlari","10":"pa_yazar-attila-jozsef","12":"first","13":"instock","14":"sale","15":"shipping-taxable","16":"purchasable","17":"product-type-simple"},"_links":{"self":[{"href":"https:\/\/roveyayinevi.com.tr\/index.php\/wp-json\/wp\/v2\/product\/771037","targetHints":{"allow":["GET"]}}],"collection":[{"href":"https:\/\/roveyayinevi.com.tr\/index.php\/wp-json\/wp\/v2\/product"}],"about":[{"href":"https:\/\/roveyayinevi.com.tr\/index.php\/wp-json\/wp\/v2\/types\/product"}],"wp:attachment":[{"href":"https:\/\/roveyayinevi.com.tr\/index.php\/wp-json\/wp\/v2\/media?parent=771037"}],"wp:term":[{"taxonomy":"product_brand","embeddable":true,"href":"https:\/\/roveyayinevi.com.tr\/index.php\/wp-json\/wp\/v2\/product_brand?post=771037"},{"taxonomy":"product_cat","embeddable":true,"href":"https:\/\/roveyayinevi.com.tr\/index.php\/wp-json\/wp\/v2\/product_cat?post=771037"},{"taxonomy":"product_tag","embeddable":true,"href":"https:\/\/roveyayinevi.com.tr\/index.php\/wp-json\/wp\/v2\/product_tag?post=771037"}],"curies":[{"name":"wp","href":"https:\/\/api.w.org\/{rel}","templated":true}]}}