{"id":771036,"date":"2025-08-28T14:51:49","date_gmt":"2025-08-28T11:51:49","guid":{"rendered":"https:\/\/roveyayinevi.com.tr\/index.php\/urun\/bldgm\/"},"modified":"2026-04-03T03:29:19","modified_gmt":"2026-04-03T00:29:19","slug":"bldgm","status":"publish","type":"product","link":"https:\/\/roveyayinevi.com.tr\/index.php\/urun\/bldgm\/","title":{"rendered":"B!LD!\u011e!M?"},"content":{"rendered":"<p>\u201c\u015e\u0130\u0130R\u201de bir selam veriyor, \u201cB!LD!\u011e!M?\u201d, kurak iklimlerde a\u00e7an bahar m\u00fcjdecisi \u00e7i\u00e7ekler gibi.   \u201cHayattan tek bir \u015fey var \u00f6\u011frendi\u011fim D\u00fcnyan\u0131n en dertsiz insan\u0131 benim Dertle\u015ftim anlad\u0131m onca insanla D\u00fcnyan\u0131n en dertsiz insan\u0131 benim\u201d                   \u015eiirsever y\u00fcreklerin dostu olman\u0131n, gecelerini payla\u015fmakla m\u00fcmk\u00fcn oldu\u011funun idrakinde&#8230;   \u201cSeyyahlar gece dinlenir. Benim t\u00fcm seyahatlerim gecelerdedir!\u201d                 Hayata dair umudu her zaman diri tutma gereklili\u011finin bilincinde\u2026   \u201cDertleri kederi at bir kenara Olmas\u0131n g\u00f6nl\u00fcnde kanayan yara Umutsuz an\u0131nda iyiyi ara Her \u015fey yolunda ve herkes \u00e7ok iyi\u201d                   \u201cYol\u201dun ve \u201cYolcu\u201dnun birlikteli\u011finin ka\u00e7\u0131n\u0131lmazl\u0131\u011f\u0131na v\u00e2k\u0131f\u2026 \u201cHak yolundan ayr\u0131lma, vuslatt\u0131r \u00f6l\u00fcm sana, \u00c2\u015f\u0131k gibi gidersin, kavu\u015fulacak ana. Kalbi temiz olursa, hayat g\u00fcler insana, Ah alma, g\u00f6n\u00fcl k\u0131rma, emin ol Hakk\u2019tan yana, Nadan olma, hep \u00e7al\u0131\u015f, cennet gelmez nadana.   Kaderim b\u00f6yle deyip, hi\u00e7 hay\u0131flanma sak\u0131n, Att\u0131\u011f\u0131n ad\u0131mlarla ortaya \u00e7\u0131kar fark\u0131n. Rabbine ko\u015far iken insanlar ak\u0131n ak\u0131n, Can emanettir sana, verece\u011fin g\u00fcn yak\u0131n, I\u015f\u0131l \u0131\u015f\u0131l nur gibi, par\u0131ldas\u0131n ahlak\u0131n.\u201d                   \u2026Ve her daim \u201c\u015e\u0130\u0130R\u201d ile ha\u015f\u0131r ne\u015fir olmaya m\u00fctemayil g\u00f6n\u00fcllere emanet ediyor kendini.                                \u201cAhmak \u0131slatan ya\u011fd\u0131,                                Island\u0131m\u2026\u201d   <\/p>\n","protected":false},"excerpt":{"rendered":"<p>\u201c\u015e\u0130\u0130R\u201de bir selam veriyor, \u201cB!LD!\u011e!M?\u201d, kurak iklimlerde a\u00e7an bahar m\u00fcjdecisi \u00e7i\u00e7ekler gibi. \u201cHayattan tek bir \u015fey var \u00f6\u011frendi\u011fim D\u00fcnyan\u0131n en dertsiz insan\u0131 benim Dertle\u015ftim anlad\u0131m onca<span class=\"excerpt-hellip\"> [\u2026]<\/span><\/p>\n","protected":false},"featured_media":0,"template":"","meta":{"_monsterinsights_skip_tracking":false,"_monsterinsights_sitenote_active":false,"_monsterinsights_sitenote_note":"","_monsterinsights_sitenote_category":0},"product_brand":[],"product_cat":[12291,12509],"product_tag":[],"class_list":{"0":"post-771036","1":"product","2":"type-product","3":"status-publish","5":"product_cat-edebiyat","6":"product_cat-siir","7":"pa_cilt-ciltsiz","8":"pa_tur-kitap","9":"pa_yayinevi-kaptan-kitap","10":"pa_yazar-hakan-karci","12":"first","13":"instock","14":"sale","15":"shipping-taxable","16":"purchasable","17":"product-type-simple"},"_links":{"self":[{"href":"https:\/\/roveyayinevi.com.tr\/index.php\/wp-json\/wp\/v2\/product\/771036","targetHints":{"allow":["GET"]}}],"collection":[{"href":"https:\/\/roveyayinevi.com.tr\/index.php\/wp-json\/wp\/v2\/product"}],"about":[{"href":"https:\/\/roveyayinevi.com.tr\/index.php\/wp-json\/wp\/v2\/types\/product"}],"wp:attachment":[{"href":"https:\/\/roveyayinevi.com.tr\/index.php\/wp-json\/wp\/v2\/media?parent=771036"}],"wp:term":[{"taxonomy":"product_brand","embeddable":true,"href":"https:\/\/roveyayinevi.com.tr\/index.php\/wp-json\/wp\/v2\/product_brand?post=771036"},{"taxonomy":"product_cat","embeddable":true,"href":"https:\/\/roveyayinevi.com.tr\/index.php\/wp-json\/wp\/v2\/product_cat?post=771036"},{"taxonomy":"product_tag","embeddable":true,"href":"https:\/\/roveyayinevi.com.tr\/index.php\/wp-json\/wp\/v2\/product_tag?post=771036"}],"curies":[{"name":"wp","href":"https:\/\/api.w.org\/{rel}","templated":true}]}}