{"id":771035,"date":"2025-08-28T14:51:46","date_gmt":"2025-08-28T11:51:46","guid":{"rendered":"https:\/\/roveyayinevi.com.tr\/index.php\/urun\/sait-faik-butun-siirleri-secme-hikayeler\/"},"modified":"2026-04-15T03:37:35","modified_gmt":"2026-04-15T00:37:35","slug":"sait-faik-butun-siirleri-secme-hikayeler","status":"publish","type":"product","link":"https:\/\/roveyayinevi.com.tr\/index.php\/urun\/sait-faik-butun-siirleri-secme-hikayeler\/","title":{"rendered":"Sait Faik &#8211; B\u00fct\u00fcn \u015eiirleri &#8211; Se\u00e7me Hikayeler"},"content":{"rendered":"<p>\u00abS\u00f6z vermi\u015ftim kendi kendime: Yaz\u0131 bile yazmayacakt\u0131m. Yaz\u0131 yazmak da bir h\u0131rstan ba\u015fka ne idi? Burada namuslu insanlar aras\u0131nda sakin \u00f6l\u00fcm\u00fc bekleyecektim; h\u0131rs, hiddet neme gerekti? Yapamad\u0131m. Ko\u015ftum t\u00fct\u00fcnc\u00fcye, kalem k\u00e2\u011f\u0131t ald\u0131m. Oturdum. Ada\u2019n\u0131n tenha yollar\u0131nda gezerken can\u0131m s\u0131k\u0131l\u0131rsa k\u00fc\u00e7\u00fck de\u011fnekler yontmak i\u00e7in cebimde ta\u015f\u0131d\u0131\u011f\u0131m \u00e7ak\u0131m\u0131 \u00e7\u0131kard\u0131m. Kalemi yonttum. Yonttuktan sonra tuttum \u00f6pt\u00fcm. Yazmasam deli olacakt\u0131m.\u00bb Yazmayla, okumayla bir \u015fekilde muhatap olmu\u015f ki\u015filerin a\u015fina oldu\u011fu c\u00fcmlelerin ba\u015f\u0131nda gelir Sait Faik\u2019in baz\u0131 c\u00fcmleleri:  \u00abYazmasam deli olacakt\u0131m.\u00bb \u00abYald\u0131zl\u0131 karyolalarda \u00e7ift yatanlar bile tek. Yaln\u0131zl\u0131k d\u00fcnyay\u0131 doldurmu\u015f. Sevmek, bir insan\u0131 sevmekle ba\u015flar her \u015fey. Burada her \u015fey bir insan\u0131 sevmekle bitiyor.\u00bb   Edebiyat\u0131m\u0131zda hik\u00e2ye denince ilk akla gelen isimlerden Sait Faik. Kendine \u00f6zg\u00fc dili ile hik\u00e2yecili\u011fimize farkl\u0131 bir soluk getirdi\u011fi teredd\u00fcts\u00fcz kabul g\u00f6r\u00fcr. Yan\u0131 s\u0131ra roman ve \u015fiir i\u00e7in de kalemi ile ses getirmi\u015f ayn\u0131 zamanda.   Bu kitapta, daha \u00e7ok hik\u00e2yeleri ile bilinen Sair Faik\u2019in, B\u00fct\u00fcn \u015eiirleri\u2019ni ve Mahalle Kahvesi, Sarn\u0131\u00e7, Semaver, Hi\u015ft!.. Hi\u015ft!.. ve Son Ku\u015flar ba\u015fta olmak \u00fczere hik\u00e2yelerinden yap\u0131lm\u0131\u015f kalbur\u00fcst\u00fc bir se\u00e7kiyi birlikte, tek bir kitap halinde okuyucunun be\u011fenisine sunuyoruz Yay\u0131nevi olarak.   \u00abDo\u011fru rota ile yeni ufuklara\u00bb yolculu\u011fumuz, \u00abMatru\u015fka Kitaplar: Bir Kitap, \u0130ki Eser\u00bb serimizin on \u00fc\u00e7\u00fcnc\u00fc kitab\u0131yla, de\u011ferli yazar\u0131m\u0131z s\u00fcr\u00fcyor.   Edit\u00f6rl\u00fc\u011f\u00fcn\u00fc K\u00fclt\u00fcr ve Turizm Bakanl\u0131\u011f\u0131 Halk \u015eairi ve yay\u0131nevimiz yazar\u0131 Hakan Karc\u0131\u2019n\u0131n yapt\u0131\u011f\u0131 \u201cMatru\u015fka Kitaplar-Bir Kitap, \u0130ki Eser\u201d serisi, Sait Faik\u2019in \u201cB\u00fct\u00fcn \u015eiirleri-Se\u00e7me Hik\u00e2yeler\u201d adl\u0131 eseriyle, do\u011fru rota ile yeni ufuklara yol almaya devam ediyor. <\/p>\n","protected":false},"excerpt":{"rendered":"<p>\u00abS\u00f6z vermi\u015ftim kendi kendime: Yaz\u0131 bile yazmayacakt\u0131m. Yaz\u0131 yazmak da bir h\u0131rstan ba\u015fka ne idi? Burada namuslu insanlar aras\u0131nda sakin \u00f6l\u00fcm\u00fc bekleyecektim; h\u0131rs, hiddet neme gerekti?<span class=\"excerpt-hellip\"> [\u2026]<\/span><\/p>\n","protected":false},"featured_media":0,"template":"","meta":{"_monsterinsights_skip_tracking":false,"_monsterinsights_sitenote_active":false,"_monsterinsights_sitenote_note":"","_monsterinsights_sitenote_category":0},"product_brand":[],"product_cat":[12291,12509],"product_tag":[],"class_list":{"0":"post-771035","1":"product","2":"type-product","3":"status-publish","5":"product_cat-edebiyat","6":"product_cat-siir","7":"pa_cilt-ciltsiz","8":"pa_tur-kitap","9":"pa_yayinevi-kaptan-kitap","10":"pa_yazar-sait-faik-abasiyanik","12":"first","13":"instock","14":"sale","15":"shipping-taxable","16":"purchasable","17":"product-type-simple"},"_links":{"self":[{"href":"https:\/\/roveyayinevi.com.tr\/index.php\/wp-json\/wp\/v2\/product\/771035","targetHints":{"allow":["GET"]}}],"collection":[{"href":"https:\/\/roveyayinevi.com.tr\/index.php\/wp-json\/wp\/v2\/product"}],"about":[{"href":"https:\/\/roveyayinevi.com.tr\/index.php\/wp-json\/wp\/v2\/types\/product"}],"wp:attachment":[{"href":"https:\/\/roveyayinevi.com.tr\/index.php\/wp-json\/wp\/v2\/media?parent=771035"}],"wp:term":[{"taxonomy":"product_brand","embeddable":true,"href":"https:\/\/roveyayinevi.com.tr\/index.php\/wp-json\/wp\/v2\/product_brand?post=771035"},{"taxonomy":"product_cat","embeddable":true,"href":"https:\/\/roveyayinevi.com.tr\/index.php\/wp-json\/wp\/v2\/product_cat?post=771035"},{"taxonomy":"product_tag","embeddable":true,"href":"https:\/\/roveyayinevi.com.tr\/index.php\/wp-json\/wp\/v2\/product_tag?post=771035"}],"curies":[{"name":"wp","href":"https:\/\/api.w.org\/{rel}","templated":true}]}}