{"id":771033,"date":"2025-08-28T14:51:42","date_gmt":"2025-08-28T11:51:42","guid":{"rendered":"https:\/\/roveyayinevi.com.tr\/index.php\/urun\/havada-bir-omur\/"},"modified":"2026-03-02T03:39:08","modified_gmt":"2026-03-02T00:39:08","slug":"havada-bir-omur","status":"publish","type":"product","link":"https:\/\/roveyayinevi.com.tr\/index.php\/urun\/havada-bir-omur\/","title":{"rendered":"Havada Bir \u00d6m\u00fcr"},"content":{"rendered":"<p>HAVACILIK SADECE B\u0130R MESLEK DE\u011e\u0130L, TUTKUYLA GE\u00c7EN B\u0130R \u00d6M\u00dcR DEMEKT\u0130R. \u0130nsano\u011flu var oldu\u011fundan beri ku\u015flara bakt\u0131 ve u\u00e7may\u0131 d\u00fc\u015fledi. \u00d6yle ya, kim istemez ki ofisi bulutlar\u0131n \u00fcst\u00fcnde olsun, istedi\u011fi yere u\u00e7arak gidebilsin? Bu kitapta havac\u0131l\u0131\u011f\u0131n tarihini, gizemli olaylar\u0131n\u0131, efsanelerini, \u00f6nemli g\u00fcn ve tarihlerini, b\u00fcy\u00fck trajedilerini, b\u00fcy\u00fck ba\u015far\u0131lar\u0131n\u0131 ve havac\u0131l\u0131\u011fa dair merak etti\u011finiz sorular\u0131n cevaplar\u0131n\u0131 bulacaks\u0131n\u0131z. Havac\u0131l\u0131k nedir, nas\u0131l pilot olunur? Hostes olmak i\u00e7in hangi \u015fartlar gerekiyor? \u00d6zel ilgi g\u00f6sterilmesi gereken yolcu kimdir? VIP\u2019den kimler ge\u00e7ebilir? Havayollar\u0131n\u0131n g\u00f6r\u00fcnmeyen kahramanlar\u0131 kimlerdir? U\u00e7aklara neden soldan binilir? T\u00fcrb\u00fclans nedir? U\u00e7ak korkusu nas\u0131l ge\u00e7er? Pilotlar neden ayn\u0131 yeme\u011fi yemez? Bir \u00f6mr\u00fc \u201chavac\u0131l\u0131k\u201d mesle\u011finde ge\u00e7iren \u00d6m\u00fcr Kahraman, Havada Bir \u00d6m\u00fcr kitab\u0131yla, merak edilenleri yan\u0131tl\u0131yor. <\/p>\n","protected":false},"excerpt":{"rendered":"<p>HAVACILIK SADECE B\u0130R MESLEK DE\u011e\u0130L, TUTKUYLA GE\u00c7EN B\u0130R \u00d6M\u00dcR DEMEKT\u0130R. \u0130nsano\u011flu var oldu\u011fundan beri ku\u015flara bakt\u0131 ve u\u00e7may\u0131 d\u00fc\u015fledi. \u00d6yle ya, kim istemez ki ofisi bulutlar\u0131n<span class=\"excerpt-hellip\"> [\u2026]<\/span><\/p>\n","protected":false},"featured_media":0,"template":"","meta":{"_monsterinsights_skip_tracking":false,"_monsterinsights_sitenote_active":false,"_monsterinsights_sitenote_note":"","_monsterinsights_sitenote_category":0},"product_brand":[],"product_cat":[52477],"product_tag":[],"class_list":{"0":"post-771033","1":"product","2":"type-product","3":"status-publish","5":"product_cat-arastirma","6":"pa_cilt-ciltsiz","7":"pa_tur-kitap","8":"pa_yayinevi-destek-yayinlari","9":"pa_yazar-omur-kahraman","11":"first","12":"instock","13":"sale","14":"shipping-taxable","15":"purchasable","16":"product-type-simple"},"_links":{"self":[{"href":"https:\/\/roveyayinevi.com.tr\/index.php\/wp-json\/wp\/v2\/product\/771033","targetHints":{"allow":["GET"]}}],"collection":[{"href":"https:\/\/roveyayinevi.com.tr\/index.php\/wp-json\/wp\/v2\/product"}],"about":[{"href":"https:\/\/roveyayinevi.com.tr\/index.php\/wp-json\/wp\/v2\/types\/product"}],"wp:attachment":[{"href":"https:\/\/roveyayinevi.com.tr\/index.php\/wp-json\/wp\/v2\/media?parent=771033"}],"wp:term":[{"taxonomy":"product_brand","embeddable":true,"href":"https:\/\/roveyayinevi.com.tr\/index.php\/wp-json\/wp\/v2\/product_brand?post=771033"},{"taxonomy":"product_cat","embeddable":true,"href":"https:\/\/roveyayinevi.com.tr\/index.php\/wp-json\/wp\/v2\/product_cat?post=771033"},{"taxonomy":"product_tag","embeddable":true,"href":"https:\/\/roveyayinevi.com.tr\/index.php\/wp-json\/wp\/v2\/product_tag?post=771033"}],"curies":[{"name":"wp","href":"https:\/\/api.w.org\/{rel}","templated":true}]}}