{"id":771030,"date":"2025-08-28T14:51:34","date_gmt":"2025-08-28T11:51:34","guid":{"rendered":"https:\/\/roveyayinevi.com.tr\/index.php\/urun\/disaridaki-kiz-5\/"},"modified":"2026-04-15T03:37:35","modified_gmt":"2026-04-15T00:37:35","slug":"disaridaki-kiz-5","status":"publish","type":"product","link":"https:\/\/roveyayinevi.com.tr\/index.php\/urun\/disaridaki-kiz-5\/","title":{"rendered":"D\u0131\u015far\u0131\u2019daki K\u0131z 5"},"content":{"rendered":"<p>\u00d6L\u00dc DE\u011e\u0130L&#8230;   Haf\u0131zas\u0131 kay\u0131p giden teyzesi&#8230; Bunu bilmeyen Shiva&#8230;   Doktor, ger\u00e7e\u011fi s\u00f6yleyemeden \u0130\u00e7erililer taraf\u0131ndan tekrar sald\u0131r\u0131ya u\u011frar. Bir D\u0131\u015far\u0131l\u0131\u2019ya temas etmesine ra\u011fmen de\u011fi\u015fmeyen bu k\u0131zda sakl\u0131 olan nedir?&#8230; Peki Shiva i\u00e7in g\u00f6nderilen vahiy ne anlama geliyor?&#8230;   Bu, gece ve g\u00fcnd\u00fcz\u00fc birbirinden ay\u0131ran o belirsiz anda ortaya \u00e7\u0131kan ikilinin destans\u0131 hik\u00e2yesi. <\/p>\n","protected":false},"excerpt":{"rendered":"<p>\u00d6L\u00dc DE\u011e\u0130L&#8230; Haf\u0131zas\u0131 kay\u0131p giden teyzesi&#8230; Bunu bilmeyen Shiva&#8230; Doktor, ger\u00e7e\u011fi s\u00f6yleyemeden \u0130\u00e7erililer taraf\u0131ndan tekrar sald\u0131r\u0131ya u\u011frar. Bir D\u0131\u015far\u0131l\u0131\u2019ya temas etmesine ra\u011fmen de\u011fi\u015fmeyen bu k\u0131zda sakl\u0131<span class=\"excerpt-hellip\"> [\u2026]<\/span><\/p>\n","protected":false},"featured_media":0,"template":"","meta":{"_monsterinsights_skip_tracking":false,"_monsterinsights_sitenote_active":false,"_monsterinsights_sitenote_note":"","_monsterinsights_sitenote_category":0},"product_brand":[],"product_cat":[12416,12291],"product_tag":[],"class_list":{"0":"post-771030","1":"product","2":"type-product","3":"status-publish","5":"product_cat-cizgi-roman","6":"product_cat-edebiyat","7":"pa_cilt-ciltsiz","8":"pa_tur-kitap","9":"pa_yayinevi-athica-yayinlari","10":"pa_yazar-nagabe","12":"first","13":"instock","14":"sale","15":"shipping-taxable","16":"purchasable","17":"product-type-simple"},"_links":{"self":[{"href":"https:\/\/roveyayinevi.com.tr\/index.php\/wp-json\/wp\/v2\/product\/771030","targetHints":{"allow":["GET"]}}],"collection":[{"href":"https:\/\/roveyayinevi.com.tr\/index.php\/wp-json\/wp\/v2\/product"}],"about":[{"href":"https:\/\/roveyayinevi.com.tr\/index.php\/wp-json\/wp\/v2\/types\/product"}],"wp:attachment":[{"href":"https:\/\/roveyayinevi.com.tr\/index.php\/wp-json\/wp\/v2\/media?parent=771030"}],"wp:term":[{"taxonomy":"product_brand","embeddable":true,"href":"https:\/\/roveyayinevi.com.tr\/index.php\/wp-json\/wp\/v2\/product_brand?post=771030"},{"taxonomy":"product_cat","embeddable":true,"href":"https:\/\/roveyayinevi.com.tr\/index.php\/wp-json\/wp\/v2\/product_cat?post=771030"},{"taxonomy":"product_tag","embeddable":true,"href":"https:\/\/roveyayinevi.com.tr\/index.php\/wp-json\/wp\/v2\/product_tag?post=771030"}],"curies":[{"name":"wp","href":"https:\/\/api.w.org\/{rel}","templated":true}]}}