{"id":771026,"date":"2025-08-28T14:50:51","date_gmt":"2025-08-28T11:50:51","guid":{"rendered":"https:\/\/roveyayinevi.com.tr\/index.php\/urun\/reimse-donus\/"},"modified":"2026-04-15T03:37:35","modified_gmt":"2026-04-15T00:37:35","slug":"reimse-donus","status":"publish","type":"product","link":"https:\/\/roveyayinevi.com.tr\/index.php\/urun\/reimse-donus\/","title":{"rendered":"Reims\u2019e D\u00f6n\u00fc\u015f"},"content":{"rendered":"<p>Didier Eribon, babas\u0131n\u0131n \u00f6l\u00fcm\u00fcnden sonra, do\u011fdu\u011fu kent olan Reims&#8217;e d\u00f6ner ve ge\u00e7mi\u015fini ara\u015ft\u0131rmaya karar vererek bir \u201cs\u0131n\u0131f ka\u00e7k\u0131n\u0131\u201d olarak ki\u015fisel bir yolculuk arac\u0131l\u0131\u011f\u0131yla hem bir aile hem de i\u015f\u00e7i s\u0131n\u0131f\u0131 d\u00fczeyinde kolektif dinamiklerin ve ger\u00e7ekliklerin izini s\u00fcrmeye ba\u015flar. Otobiyografik unsurlar ta\u015f\u0131yan bu sosyolojik denemede Eribon, ki\u015fisel bir hik\u00e2yeyi anlatmakla yetinmez; onu daha etkili bir \u015fekilde analiz eder ve \u00e7ok daha geni\u015f bir toplumsal ba\u011flama yerle\u015ftirerek anlat\u0131s\u0131n\u0131 s\u0131n\u0131f meselesi, okul sistemi, kimliklerin in\u015fas\u0131, cinsellik, toplumsal hiyerar\u015fi, siyaset ve demokrasi \u00fczerine d\u00fc\u015f\u00fcnme unsurlar\u0131yla i\u00e7 i\u00e7e ge\u00e7irir.  2021\u2019de sinemaya da uyarlanan Reims\u2019e D\u00f6n\u00fc\u015f, Didier Eribon\u2019un bireysel yolculu\u011funda toplumsal tahakk\u00fcm ve direni\u015f bi\u00e7imlerinin \u00e7oklu\u011funu inceledi\u011fi \u00e7arp\u0131c\u0131 bir eser.  \u201cBu kitap beni \u00e7ok etkiledi. Hayat\u0131m\u0131n hik\u00e2yesini okudu\u011fumu hissettim.\u201d   \u00c9douard Louis <\/p>\n","protected":false},"excerpt":{"rendered":"<p>Didier Eribon, babas\u0131n\u0131n \u00f6l\u00fcm\u00fcnden sonra, do\u011fdu\u011fu kent olan Reims&#8217;e d\u00f6ner ve ge\u00e7mi\u015fini ara\u015ft\u0131rmaya karar vererek bir \u201cs\u0131n\u0131f ka\u00e7k\u0131n\u0131\u201d olarak ki\u015fisel bir yolculuk arac\u0131l\u0131\u011f\u0131yla hem bir aile<span class=\"excerpt-hellip\"> [\u2026]<\/span><\/p>\n","protected":false},"featured_media":0,"template":"","meta":{"_monsterinsights_skip_tracking":false,"_monsterinsights_sitenote_active":false,"_monsterinsights_sitenote_note":"","_monsterinsights_sitenote_category":0},"product_brand":[],"product_cat":[12325,12324],"product_tag":[],"class_list":{"0":"post-771026","1":"product","2":"type-product","3":"status-publish","5":"product_cat-diger-sosyoloji","6":"product_cat-sosyoloji","7":"pa_cilt-ciltsiz","8":"pa_tur-kitap","9":"pa_yayinevi-tellekt","10":"pa_yazar-didier-eribon","12":"first","13":"instock","14":"sale","15":"shipping-taxable","16":"purchasable","17":"product-type-simple"},"_links":{"self":[{"href":"https:\/\/roveyayinevi.com.tr\/index.php\/wp-json\/wp\/v2\/product\/771026","targetHints":{"allow":["GET"]}}],"collection":[{"href":"https:\/\/roveyayinevi.com.tr\/index.php\/wp-json\/wp\/v2\/product"}],"about":[{"href":"https:\/\/roveyayinevi.com.tr\/index.php\/wp-json\/wp\/v2\/types\/product"}],"wp:attachment":[{"href":"https:\/\/roveyayinevi.com.tr\/index.php\/wp-json\/wp\/v2\/media?parent=771026"}],"wp:term":[{"taxonomy":"product_brand","embeddable":true,"href":"https:\/\/roveyayinevi.com.tr\/index.php\/wp-json\/wp\/v2\/product_brand?post=771026"},{"taxonomy":"product_cat","embeddable":true,"href":"https:\/\/roveyayinevi.com.tr\/index.php\/wp-json\/wp\/v2\/product_cat?post=771026"},{"taxonomy":"product_tag","embeddable":true,"href":"https:\/\/roveyayinevi.com.tr\/index.php\/wp-json\/wp\/v2\/product_tag?post=771026"}],"curies":[{"name":"wp","href":"https:\/\/api.w.org\/{rel}","templated":true}]}}