{"id":771025,"date":"2025-08-28T14:50:49","date_gmt":"2025-08-28T11:50:49","guid":{"rendered":"https:\/\/roveyayinevi.com.tr\/index.php\/urun\/temel-sosyoloji-kavramlari\/"},"modified":"2026-04-15T03:37:34","modified_gmt":"2026-04-15T00:37:34","slug":"temel-sosyoloji-kavramlari","status":"publish","type":"product","link":"https:\/\/roveyayinevi.com.tr\/index.php\/urun\/temel-sosyoloji-kavramlari\/","title":{"rendered":"Temel Sosyoloji Kavramlar\u0131"},"content":{"rendered":"<p>Temel Sosyoloji Kavramlar\u0131, Max Weber&#8217;in sadece modern sosyolojik tahayy\u00fcl\u00fcn kurucu bir par\u00e7as\u0131 de\u011fil, ayn\u0131 zamanda toplumsal eylem, din, hukuk, b\u00fcrokrasi, kent, s\u0131n\u0131f, iktidar ve siyasi topluluk \u00fczerine b\u00f6l\u00fcmleriyle sosyal yap\u0131lar\u0131n ve normatif d\u00fczenlerin d\u00fcnya-tarihsel derinlikteki ilk kesin ampirik kar\u015f\u0131la\u015ft\u0131rmas\u0131 olan Ekonomi ve Toplum adl\u0131 eserinin ilk b\u00f6l\u00fcm\u00fcnden bir kesit.Temel sosyoloji kavramlar\u0131n\u0131, ekonomik faaliyet kategorilerini, y\u00f6netim t\u00fcrlerini, m\u00fclkiyet ve s\u0131n\u0131f tart\u0131\u015fmalar\u0131n\u0131n yer ald\u0131\u011f\u0131 sosyolojik kategoriler teorisini i\u00e7eren bu eser Max Weber sosyolojisine giri\u015f niteli\u011fi ta\u015f\u0131yor.<\/p>\n","protected":false},"excerpt":{"rendered":"<p>Temel Sosyoloji Kavramlar\u0131, Max Weber&#8217;in sadece modern sosyolojik tahayy\u00fcl\u00fcn kurucu bir par\u00e7as\u0131 de\u011fil, ayn\u0131 zamanda toplumsal eylem, din, hukuk, b\u00fcrokrasi, kent, s\u0131n\u0131f, iktidar ve siyasi topluluk<span class=\"excerpt-hellip\"> [\u2026]<\/span><\/p>\n","protected":false},"featured_media":0,"template":"","meta":{"_monsterinsights_skip_tracking":false,"_monsterinsights_sitenote_active":false,"_monsterinsights_sitenote_note":"","_monsterinsights_sitenote_category":0},"product_brand":[],"product_cat":[12324],"product_tag":[],"class_list":{"0":"post-771025","1":"product","2":"type-product","3":"status-publish","5":"product_cat-sosyoloji","6":"pa_cilt-ciltsiz","7":"pa_tur-kitap","8":"pa_yayinevi-can-yayinlari","9":"pa_yazar-max-weber","11":"first","12":"instock","13":"sale","14":"shipping-taxable","15":"purchasable","16":"product-type-simple"},"_links":{"self":[{"href":"https:\/\/roveyayinevi.com.tr\/index.php\/wp-json\/wp\/v2\/product\/771025","targetHints":{"allow":["GET"]}}],"collection":[{"href":"https:\/\/roveyayinevi.com.tr\/index.php\/wp-json\/wp\/v2\/product"}],"about":[{"href":"https:\/\/roveyayinevi.com.tr\/index.php\/wp-json\/wp\/v2\/types\/product"}],"wp:attachment":[{"href":"https:\/\/roveyayinevi.com.tr\/index.php\/wp-json\/wp\/v2\/media?parent=771025"}],"wp:term":[{"taxonomy":"product_brand","embeddable":true,"href":"https:\/\/roveyayinevi.com.tr\/index.php\/wp-json\/wp\/v2\/product_brand?post=771025"},{"taxonomy":"product_cat","embeddable":true,"href":"https:\/\/roveyayinevi.com.tr\/index.php\/wp-json\/wp\/v2\/product_cat?post=771025"},{"taxonomy":"product_tag","embeddable":true,"href":"https:\/\/roveyayinevi.com.tr\/index.php\/wp-json\/wp\/v2\/product_tag?post=771025"}],"curies":[{"name":"wp","href":"https:\/\/api.w.org\/{rel}","templated":true}]}}