{"id":771023,"date":"2025-08-28T14:50:45","date_gmt":"2025-08-28T11:50:45","guid":{"rendered":"https:\/\/roveyayinevi.com.tr\/index.php\/urun\/cocuklar-icin-ilk-ansiklopedi-ciltli\/"},"modified":"2026-04-15T03:37:34","modified_gmt":"2026-04-15T00:37:34","slug":"cocuklar-icin-ilk-ansiklopedi-ciltli","status":"publish","type":"product","link":"https:\/\/roveyayinevi.com.tr\/index.php\/urun\/cocuklar-icin-ilk-ansiklopedi-ciltli\/","title":{"rendered":"\u00c7ocuklar \u0130\u00e7in \u0130lk Ansiklopedi (Ciltli)"},"content":{"rendered":"<p>Merakl\u0131 \u00e7ocuklara ilgin\u00e7 ve e\u011flenceli bilgiler&#8230; Bir temel e\u011fitim kitab\u0131 olan \u0130lk Ansiklopedi \u00e7ocuklar\u0131n d\u00fcnyay\u0131 daha iyi anlayabilmesi i\u00e7in tasarland\u0131. Bu kitapta, uzaydan tarihe, hayvanlardan bitkilere, bilim ve sanattan insan v\u00fccuduna kadar \u00e7ocu\u011fu hem ke\u015ffetmekten ho\u015flanaca\u011f\u0131 hem de \u00f6\u011frenece\u011fi pek \u00e7ok konu yer al\u0131yor.<\/p>\n","protected":false},"excerpt":{"rendered":"<p>Merakl\u0131 \u00e7ocuklara ilgin\u00e7 ve e\u011flenceli bilgiler&#8230; Bir temel e\u011fitim kitab\u0131 olan \u0130lk Ansiklopedi \u00e7ocuklar\u0131n d\u00fcnyay\u0131 daha iyi anlayabilmesi i\u00e7in tasarland\u0131. Bu kitapta, uzaydan tarihe, hayvanlardan bitkilere,<span class=\"excerpt-hellip\"> [\u2026]<\/span><\/p>\n","protected":false},"featured_media":0,"template":"","meta":{"_monsterinsights_skip_tracking":false,"_monsterinsights_sitenote_active":false,"_monsterinsights_sitenote_note":"","_monsterinsights_sitenote_category":0},"product_brand":[],"product_cat":[12274,15842],"product_tag":[],"class_list":{"0":"post-771023","1":"product","2":"type-product","3":"status-publish","5":"product_cat-cocuk-ve-genclik-kitaplari","6":"product_cat-egitici-kitaplar","7":"pa_cilt-ciltli","8":"pa_tur-kitap","9":"pa_yayinevi-remzi-kitabevi","10":"pa_yazar-kolektif","12":"first","13":"instock","14":"sale","15":"shipping-taxable","16":"purchasable","17":"product-type-simple"},"_links":{"self":[{"href":"https:\/\/roveyayinevi.com.tr\/index.php\/wp-json\/wp\/v2\/product\/771023","targetHints":{"allow":["GET"]}}],"collection":[{"href":"https:\/\/roveyayinevi.com.tr\/index.php\/wp-json\/wp\/v2\/product"}],"about":[{"href":"https:\/\/roveyayinevi.com.tr\/index.php\/wp-json\/wp\/v2\/types\/product"}],"wp:attachment":[{"href":"https:\/\/roveyayinevi.com.tr\/index.php\/wp-json\/wp\/v2\/media?parent=771023"}],"wp:term":[{"taxonomy":"product_brand","embeddable":true,"href":"https:\/\/roveyayinevi.com.tr\/index.php\/wp-json\/wp\/v2\/product_brand?post=771023"},{"taxonomy":"product_cat","embeddable":true,"href":"https:\/\/roveyayinevi.com.tr\/index.php\/wp-json\/wp\/v2\/product_cat?post=771023"},{"taxonomy":"product_tag","embeddable":true,"href":"https:\/\/roveyayinevi.com.tr\/index.php\/wp-json\/wp\/v2\/product_tag?post=771023"}],"curies":[{"name":"wp","href":"https:\/\/api.w.org\/{rel}","templated":true}]}}