{"id":771022,"date":"2025-08-28T14:50:43","date_gmt":"2025-08-28T11:50:43","guid":{"rendered":"https:\/\/roveyayinevi.com.tr\/index.php\/urun\/hindinin-ruhu\/"},"modified":"2026-04-15T03:37:34","modified_gmt":"2026-04-15T00:37:34","slug":"hindinin-ruhu","status":"publish","type":"product","link":"https:\/\/roveyayinevi.com.tr\/index.php\/urun\/hindinin-ruhu\/","title":{"rendered":"Hindi\u2019nin Ruhu"},"content":{"rendered":"<p>Hindi. Hasan Cahit Do\u011fanay\u2019\u0131n anla\u015f\u0131lma, edebiyat d\u00fcnyas\u0131nda yer edinebilme ad\u0131na att\u0131\u011f\u0131 son kur\u015fun. Mevcudiyeti muhtemel bir romanc\u0131n\u0131n, biyoromanc\u0131 olma yolunda \u201ckonusunun\u201d pe\u015finden savrulma maceras\u0131. Hindi\u2019nin Ruhu. Unutulup gitmeye y\u00fcz tutan, belki de hi\u00e7 bilinmemi\u015f olan bir romanc\u0131n\u0131n, Hasan Cahit Do\u011fanay\u2019\u0131n Hindi adl\u0131 roman\u0131na ve onun anlam d\u00fcnyas\u0131na bir yolculuk. Ersan \u00dcldes, bu \u00e7ok katmanl\u0131 eserinde bize roman i\u00e7inde roman okuma deneyimi ya\u015fat\u0131rken bir yandan da okuru edebiyat, roman sanat\u0131, yazarl\u0131k, \u201cinsan\u201d olmak ve t\u00fcm bunlar\u0131n akla gelmeyen tan\u0131mlar\u0131 \u00fczerine d\u00fc\u015f\u00fcnmeye sevk ediyor.    \u201c\u0130ronik bir yakla\u015f\u0131mla sat\u0131raras\u0131na s\u0131zm\u0131\u015f mizahla geli\u015fen, ele\u015ftiriyi dozunda tutan bir anlat\u0131m.\u201d \u2013Metin Celal \u201cHer c\u00fcmlesinde bir hinlik olan, \u00e7ok keskin bir kara mizah kitab\u0131.\u201d \u2013Arma\u011fan Ekici \u201cSeneler sonra yeniden okumak isteyece\u011finiz bir roman&#8230;\u201d \u2013Meltem G\u00fcrle \u201cMesut Penyeci karakteri muhtemelen hi\u00e7 unutulmayacak.\u201d \u2013Murat Uyurkulak \u201cOyunbaz oldu\u011fu kadar, sat\u0131r aralar\u0131nda edebiyata, felsefeye, memlekete dair de \u00e7ok \u015fey s\u00f6yleyen, ironik ve kendine has ritmiyle keyifle okunacak bir roman.\u201d                                                                  \u2013\u00c7a\u011flayan \u00c7evik \u201cHi\u00e7 s\u0131r\u0131tmayan bir \u015fekilde \u2018roman \u00fcst\u00fcne roman kondurmak\u2019 b\u00f6yle bir \u015fey olsa gerek.\u201d \u2013Ali Bulunmaz \u201cKlasik roman formlar\u0131n\u0131 tekrar d\u00fc\u015f\u00fcnmeye \u00e7a\u011f\u0131ran, edebiyat\u0131n sundu\u011fu olanaklar\u0131n geni\u015fli\u011fine selam \u00fcst\u00fcne selam \u00e7akan bir bi\u00e7em.\u201d                    \u2013Eray Ak \u201cErsan \u00dcldes, her \u015feyden \u00f6nce \u2018oyuncu\u2019, bir ad\u0131m \u00f6tesinde \u2018e\u011flenceli\u2019, hadi bir ad\u0131m daha atal\u0131m, \u2018\u00e7ok e\u011flenceli\u2019 bir yazar. (&#8230;) Bu Hindi\u2019nin (Turkey) biraz da bizim memleket oldu\u011funu s\u00f6ylemeye gerek yok herh\u00e2lde, de\u011fil mi?\u201d           \u2013Ali Haluk \u0130mery\u00fcz <\/p>\n","protected":false},"excerpt":{"rendered":"<p>Hindi. Hasan Cahit Do\u011fanay\u2019\u0131n anla\u015f\u0131lma, edebiyat d\u00fcnyas\u0131nda yer edinebilme ad\u0131na att\u0131\u011f\u0131 son kur\u015fun. Mevcudiyeti muhtemel bir romanc\u0131n\u0131n, biyoromanc\u0131 olma yolunda \u201ckonusunun\u201d pe\u015finden savrulma maceras\u0131. Hindi\u2019nin Ruhu.<span class=\"excerpt-hellip\"> [\u2026]<\/span><\/p>\n","protected":false},"featured_media":0,"template":"","meta":{"_monsterinsights_skip_tracking":false,"_monsterinsights_sitenote_active":false,"_monsterinsights_sitenote_note":"","_monsterinsights_sitenote_category":0},"product_brand":[],"product_cat":[12291,12711],"product_tag":[],"class_list":{"0":"post-771022","1":"product","2":"type-product","3":"status-publish","5":"product_cat-edebiyat","6":"product_cat-roman-oyku","7":"pa_cilt-ciltsiz","8":"pa_tur-kitap","9":"pa_yayinevi-kafka-yayinevi","10":"pa_yazar-ersan-uldes","12":"first","13":"instock","14":"sale","15":"shipping-taxable","16":"purchasable","17":"product-type-simple"},"_links":{"self":[{"href":"https:\/\/roveyayinevi.com.tr\/index.php\/wp-json\/wp\/v2\/product\/771022","targetHints":{"allow":["GET"]}}],"collection":[{"href":"https:\/\/roveyayinevi.com.tr\/index.php\/wp-json\/wp\/v2\/product"}],"about":[{"href":"https:\/\/roveyayinevi.com.tr\/index.php\/wp-json\/wp\/v2\/types\/product"}],"wp:attachment":[{"href":"https:\/\/roveyayinevi.com.tr\/index.php\/wp-json\/wp\/v2\/media?parent=771022"}],"wp:term":[{"taxonomy":"product_brand","embeddable":true,"href":"https:\/\/roveyayinevi.com.tr\/index.php\/wp-json\/wp\/v2\/product_brand?post=771022"},{"taxonomy":"product_cat","embeddable":true,"href":"https:\/\/roveyayinevi.com.tr\/index.php\/wp-json\/wp\/v2\/product_cat?post=771022"},{"taxonomy":"product_tag","embeddable":true,"href":"https:\/\/roveyayinevi.com.tr\/index.php\/wp-json\/wp\/v2\/product_tag?post=771022"}],"curies":[{"name":"wp","href":"https:\/\/api.w.org\/{rel}","templated":true}]}}