{"id":771004,"date":"2025-08-28T14:50:05","date_gmt":"2025-08-28T11:50:05","guid":{"rendered":"https:\/\/roveyayinevi.com.tr\/index.php\/urun\/feng-shui-pusula-icimizde\/"},"modified":"2026-04-03T03:28:57","modified_gmt":"2026-04-03T00:28:57","slug":"feng-shui-pusula-icimizde","status":"publish","type":"product","link":"https:\/\/roveyayinevi.com.tr\/index.php\/urun\/feng-shui-pusula-icimizde\/","title":{"rendered":"Feng Shui Pusula \u0130\u00e7imizde"},"content":{"rendered":"<p>Feng Shui Master Esra Koyuncu\u2019nun huzur ve mutlulu\u011fu ya\u015fad\u0131\u011f\u0131m\u0131z alanlara ve hayat\u0131m\u0131za ta\u015f\u0131mak i\u00e7in yazd\u0131\u011f\u0131 ilk T\u00fcrk\u00e7e \u00f6zg\u00fcn kitap Feng Shui Pusula \u0130\u00e7imizde G\u00fcn\u00e7e Yay\u0131nevi markas\u0131yla raflarda. \u0130nsanl\u0131k uzun y\u0131llar boyu &#8220;hormonlu domates&#8221; yeti\u015ftirmenin pe\u015findeydi. Sonra fark ettik ki, tarlada yeti\u015fen, mis kokan o ger\u00e7ek domates asl\u0131nda hep arad\u0131\u011f\u0131m\u0131z \u015feymi\u015f! 21. y\u00fczy\u0131l bize do\u011fayla uyumun ne kadar \u00f6nemli oldu\u011funu bize zorla da olsa \u00f6\u011fretiyor. Feng Shui; yery\u00fcz\u00fcn\u00fc, g\u00f6ky\u00fcz\u00fcn\u00fc ve insanlar\u0131 inceleyerek, do\u011fan\u0131n ritmini ya\u015fam alanlar\u0131m\u0131za nas\u0131l ta\u015f\u0131yabilece\u011fimizi anlatan bir ya\u015fam sanat\u0131. Temelinde do\u011fan\u0131n ak\u0131\u015f\u0131na sayg\u0131 g\u00f6stermek, mekanlar\u0131m\u0131z\u0131 ve hayat\u0131m\u0131z\u0131 bu ak\u0131\u015fla uyumlu hale getirmek var. Esra Koyuncu, ke\u015ffetme tutkusunu sade ve ak\u0131c\u0131 bir dille harmanlayarak Feng Shui&#8217;yi g\u00fcnl\u00fck ya\u015fam\u0131n\u0131za ta\u015f\u0131yan bu kitab\u0131 kaleme ald\u0131. T\u00fcrk\u00e7edeki ilk \u00f6zg\u00fcn Feng Shui kitab\u0131 olan Feng Shui Pusula \u0130\u00e7inizde, i\u00e7 huzuru ve dengeyi arayan  herkes i\u00e7in yol g\u00f6sterici bir rehber. Sadece evinizi de\u011fil, sizi de d\u00f6n\u00fc\u015ft\u00fcrecek bu kitapla, do\u011fan\u0131n ak\u0131\u015f\u0131na uyum sa\u011flayarak daha dengeli bir ya\u015fam\u0131n kap\u0131lar\u0131n\u0131 aralayacaks\u0131n\u0131z. Unutmay\u0131n, de\u011fi\u015fen zamana uyum sa\u011flamak her \u015feyin ba\u015flang\u0131c\u0131d\u0131r. <\/p>\n","protected":false},"excerpt":{"rendered":"<p>Feng Shui Master Esra Koyuncu\u2019nun huzur ve mutlulu\u011fu ya\u015fad\u0131\u011f\u0131m\u0131z alanlara ve hayat\u0131m\u0131za ta\u015f\u0131mak i\u00e7in yazd\u0131\u011f\u0131 ilk T\u00fcrk\u00e7e \u00f6zg\u00fcn kitap Feng Shui Pusula \u0130\u00e7imizde G\u00fcn\u00e7e Yay\u0131nevi markas\u0131yla<span class=\"excerpt-hellip\"> [\u2026]<\/span><\/p>\n","protected":false},"featured_media":0,"template":"","meta":{"_monsterinsights_skip_tracking":false,"_monsterinsights_sitenote_active":false,"_monsterinsights_sitenote_note":"","_monsterinsights_sitenote_category":0},"product_brand":[],"product_cat":[12364,12376],"product_tag":[],"class_list":{"0":"post-771004","1":"product","2":"type-product","3":"status-publish","5":"product_cat-genel-konular","6":"product_cat-kisisel-gelisim","7":"pa_cilt-ciltsiz","8":"pa_tur-kitap","9":"pa_yayinevi-gunce-yayinlari","10":"pa_yazar-master-esra-koyuncu","12":"first","13":"instock","14":"sale","15":"shipping-taxable","16":"purchasable","17":"product-type-simple"},"_links":{"self":[{"href":"https:\/\/roveyayinevi.com.tr\/index.php\/wp-json\/wp\/v2\/product\/771004","targetHints":{"allow":["GET"]}}],"collection":[{"href":"https:\/\/roveyayinevi.com.tr\/index.php\/wp-json\/wp\/v2\/product"}],"about":[{"href":"https:\/\/roveyayinevi.com.tr\/index.php\/wp-json\/wp\/v2\/types\/product"}],"wp:attachment":[{"href":"https:\/\/roveyayinevi.com.tr\/index.php\/wp-json\/wp\/v2\/media?parent=771004"}],"wp:term":[{"taxonomy":"product_brand","embeddable":true,"href":"https:\/\/roveyayinevi.com.tr\/index.php\/wp-json\/wp\/v2\/product_brand?post=771004"},{"taxonomy":"product_cat","embeddable":true,"href":"https:\/\/roveyayinevi.com.tr\/index.php\/wp-json\/wp\/v2\/product_cat?post=771004"},{"taxonomy":"product_tag","embeddable":true,"href":"https:\/\/roveyayinevi.com.tr\/index.php\/wp-json\/wp\/v2\/product_tag?post=771004"}],"curies":[{"name":"wp","href":"https:\/\/api.w.org\/{rel}","templated":true}]}}