{"id":771003,"date":"2025-08-28T14:50:04","date_gmt":"2025-08-28T11:50:04","guid":{"rendered":"https:\/\/roveyayinevi.com.tr\/index.php\/urun\/trump-ve-zamanin-sonu\/"},"modified":"2026-04-15T03:37:17","modified_gmt":"2026-04-15T00:37:17","slug":"trump-ve-zamanin-sonu","status":"publish","type":"product","link":"https:\/\/roveyayinevi.com.tr\/index.php\/urun\/trump-ve-zamanin-sonu\/","title":{"rendered":"Trump ve Zaman\u0131n Sonu"},"content":{"rendered":"<p>ABD siyasetini y\u0131llarca Washington\u2019dan takip etmi\u015f gazeteci ve yazar Serdar Turgut, ezber bozan yeni kitab\u0131 Trump ve Zaman\u0131n Sonu ile Beyaz Saray\u2019\u0131n duvarlar\u0131 ard\u0131nda d\u00f6nen g\u00f6r\u00fcnmeyen sava\u015f\u0131n izlerini s\u00fcr\u00fcyor.   Bu sadece bir siyaset kitab\u0131 de\u011fil&#8230; Bu, kehanet gibi yaz\u0131lm\u0131\u015f politik bir analiz. Trump ve Zaman\u0131n Sonu, 2024 ABD se\u00e7imlerinde yeniden ikti- dara gelen Donald Trump\u2019\u0131n arkas\u0131ndaki Evanjelist tarikat yap\u0131lanmas\u0131n\u0131, \u0130srail merkezli kutsal toprak stratejilerini ve b\u00fcy\u00fck planlar\u0131n\u0131n T\u00fcrkiye\u2019yi nas\u0131l etkileyebilece\u011fini \u00e7arp\u0131c\u0131 belgeler, g\u00f6zlemler ve referanslarla ele al\u0131yor.   Trump ger\u00e7ekten \u0130sa\u2019n\u0131n geli\u015fini h\u0131zland\u0131rmak isteyen bir tarikat\u0131n oyunca\u011f\u0131 m\u0131? Evanjelistler neden T\u00fcrkiye\u2019ye ve Erdo\u011fan\u2019a d\u00fc\u015fman? ABD ve \u0130srail\u2019in ortak hedefi s\u0131n\u0131rlar\u0131m\u0131zda yeni bir devlet kurmak m\u0131? Beyaz Saray\u2019da a\u011flayan adam kimdi ve neden \u201cTanr\u0131\u2019n\u0131n plan\u0131 i\u015fliyor\u201d diye dua etti? Trump bir Evanjelist de\u011filse neden onlar\u0131n her dedi\u011fini yap\u0131yor? Washington\u2019da Trump\u2019\u0131n arkas\u0131ndaki as\u0131l g\u00fc\u00e7 kim: Derin devlet mi, tarikat m\u0131? \u201cKutsal sava\u015f\u201d dedikleri Armageddon\u2019un ilk dura\u011f\u0131 T\u00fcrkiye mi olacak? Elon Musk ve Trump aras\u0131nda ger\u00e7ekle\u015fecek b\u00fcy\u00fck s\u00fcrt\u00fc\u015fmeye ne kadar kald\u0131? T\u00fcrkiye t\u00fcm bu olaylar\u0131n neresinde?   Bu kitab\u0131 okuduktan sonra Trump&#8217;\u0131 anlamak daha da kolay olacak. <\/p>\n","protected":false},"excerpt":{"rendered":"<p>ABD siyasetini y\u0131llarca Washington\u2019dan takip etmi\u015f gazeteci ve yazar Serdar Turgut, ezber bozan yeni kitab\u0131 Trump ve Zaman\u0131n Sonu ile Beyaz Saray\u2019\u0131n duvarlar\u0131 ard\u0131nda d\u00f6nen g\u00f6r\u00fcnmeyen<span class=\"excerpt-hellip\"> [\u2026]<\/span><\/p>\n","protected":false},"featured_media":0,"template":"","meta":{"_monsterinsights_skip_tracking":false,"_monsterinsights_sitenote_active":false,"_monsterinsights_sitenote_note":"","_monsterinsights_sitenote_category":0},"product_brand":[],"product_cat":[13590,12337],"product_tag":[],"class_list":{"0":"post-771003","1":"product","2":"type-product","3":"status-publish","5":"product_cat-arastirma-inceleme-politika-siyaset","6":"product_cat-politika-siyaset","7":"pa_cilt-ciltsiz","8":"pa_tur-kitap","9":"pa_yayinevi-nemesis-kitap","10":"pa_yazar-serdar-turgut","12":"first","13":"instock","14":"sale","15":"shipping-taxable","16":"purchasable","17":"product-type-simple"},"_links":{"self":[{"href":"https:\/\/roveyayinevi.com.tr\/index.php\/wp-json\/wp\/v2\/product\/771003","targetHints":{"allow":["GET"]}}],"collection":[{"href":"https:\/\/roveyayinevi.com.tr\/index.php\/wp-json\/wp\/v2\/product"}],"about":[{"href":"https:\/\/roveyayinevi.com.tr\/index.php\/wp-json\/wp\/v2\/types\/product"}],"wp:attachment":[{"href":"https:\/\/roveyayinevi.com.tr\/index.php\/wp-json\/wp\/v2\/media?parent=771003"}],"wp:term":[{"taxonomy":"product_brand","embeddable":true,"href":"https:\/\/roveyayinevi.com.tr\/index.php\/wp-json\/wp\/v2\/product_brand?post=771003"},{"taxonomy":"product_cat","embeddable":true,"href":"https:\/\/roveyayinevi.com.tr\/index.php\/wp-json\/wp\/v2\/product_cat?post=771003"},{"taxonomy":"product_tag","embeddable":true,"href":"https:\/\/roveyayinevi.com.tr\/index.php\/wp-json\/wp\/v2\/product_tag?post=771003"}],"curies":[{"name":"wp","href":"https:\/\/api.w.org\/{rel}","templated":true}]}}