{"id":771000,"date":"2025-08-28T14:49:57","date_gmt":"2025-08-28T11:49:57","guid":{"rendered":"https:\/\/roveyayinevi.com.tr\/index.php\/urun\/kucuk-kitaplar-buyuk-fikirler-teknoloji-nedir\/"},"modified":"2026-04-15T03:37:16","modified_gmt":"2026-04-15T00:37:16","slug":"kucuk-kitaplar-buyuk-fikirler-teknoloji-nedir","status":"publish","type":"product","link":"https:\/\/roveyayinevi.com.tr\/index.php\/urun\/kucuk-kitaplar-buyuk-fikirler-teknoloji-nedir\/","title":{"rendered":"K\u00fc\u00e7\u00fck Kitaplar B\u00fcy\u00fck Fikirler: Teknoloji Nedir?"},"content":{"rendered":"<p>Teknoloji Nedir? Tarih \u00f6ncesi \u00e7a\u011flardan bu yana, insanlar hayatlar\u0131n\u0131 kolayla\u015ft\u0131rmak i\u00e7in farkl\u0131 ara\u00e7lar kullanm\u0131\u015ft\u0131r. Teknoloji de bu ara\u00e7lardan biridir. Peki, teknoloji hangi sorunlar\u0131 \u00e7\u00f6zer? -Teknolojiyi kim icat eder? -Teknoloji gezegeni nas\u0131l kurtarabilir? -Teknolojinin gelece\u011fi nedir?      Bunlar\u0131n hepsi, ke\u015ffedilmesi gereken \u00e7ok b\u00fcy\u00fck sorular ve onlara ne kadar erken cevap vermeye ba\u015flarsak o kadar iyi olur. <\/p>\n","protected":false},"excerpt":{"rendered":"<p>Teknoloji Nedir? Tarih \u00f6ncesi \u00e7a\u011flardan bu yana, insanlar hayatlar\u0131n\u0131 kolayla\u015ft\u0131rmak i\u00e7in farkl\u0131 ara\u00e7lar kullanm\u0131\u015ft\u0131r. Teknoloji de bu ara\u00e7lardan biridir. Peki, teknoloji hangi sorunlar\u0131 \u00e7\u00f6zer? -Teknolojiyi kim<span class=\"excerpt-hellip\"> [\u2026]<\/span><\/p>\n","protected":false},"featured_media":0,"template":"","meta":{"_monsterinsights_skip_tracking":false,"_monsterinsights_sitenote_active":false,"_monsterinsights_sitenote_note":"","_monsterinsights_sitenote_category":0},"product_brand":[],"product_cat":[13829,12274],"product_tag":[],"class_list":{"0":"post-771000","1":"product","2":"type-product","3":"status-publish","5":"product_cat-bilimsel-kitaplar","6":"product_cat-cocuk-ve-genclik-kitaplari","7":"pa_cilt-ciltsiz","8":"pa_tur-kitap","9":"pa_yayinevi-megakids-yayincilik","10":"pa_yazar-kolektif","12":"first","13":"instock","14":"sale","15":"shipping-taxable","16":"purchasable","17":"product-type-simple"},"_links":{"self":[{"href":"https:\/\/roveyayinevi.com.tr\/index.php\/wp-json\/wp\/v2\/product\/771000","targetHints":{"allow":["GET"]}}],"collection":[{"href":"https:\/\/roveyayinevi.com.tr\/index.php\/wp-json\/wp\/v2\/product"}],"about":[{"href":"https:\/\/roveyayinevi.com.tr\/index.php\/wp-json\/wp\/v2\/types\/product"}],"wp:attachment":[{"href":"https:\/\/roveyayinevi.com.tr\/index.php\/wp-json\/wp\/v2\/media?parent=771000"}],"wp:term":[{"taxonomy":"product_brand","embeddable":true,"href":"https:\/\/roveyayinevi.com.tr\/index.php\/wp-json\/wp\/v2\/product_brand?post=771000"},{"taxonomy":"product_cat","embeddable":true,"href":"https:\/\/roveyayinevi.com.tr\/index.php\/wp-json\/wp\/v2\/product_cat?post=771000"},{"taxonomy":"product_tag","embeddable":true,"href":"https:\/\/roveyayinevi.com.tr\/index.php\/wp-json\/wp\/v2\/product_tag?post=771000"}],"curies":[{"name":"wp","href":"https:\/\/api.w.org\/{rel}","templated":true}]}}