{"id":770999,"date":"2025-08-28T14:49:55","date_gmt":"2025-08-28T11:49:55","guid":{"rendered":"https:\/\/roveyayinevi.com.tr\/index.php\/urun\/karanlik-odada\/"},"modified":"2026-04-15T03:37:16","modified_gmt":"2026-04-15T00:37:16","slug":"karanlik-odada","status":"publish","type":"product","link":"https:\/\/roveyayinevi.com.tr\/index.php\/urun\/karanlik-odada\/","title":{"rendered":"Karanl\u0131k Odada"},"content":{"rendered":"<p>Brian Dillon\u2019\u0131n ilk kitab\u0131 Karanl\u0131k Odada, belle\u011fi gerekli gereksiz her nesnenin istiflendi\u011fi bir mek\u00e2n olarak tan\u0131mlayarak ge\u00e7mi\u015fin karanl\u0131k koridorlar\u0131nda dola\u015f\u0131yor. On be\u015f ya\u015f\u0131nda annesini, be\u015f sene sonra da babas\u0131n\u0131 kaybeden Dillon, y\u0131llar sonra ya\u015fad\u0131\u011f\u0131 bir \u00e7\u00f6k\u00fc\u015f\u00fcn ard\u0131ndan \u00e7ocukluk evine d\u00f6n\u00fcyor: Bu ev art\u0131k yaln\u0131zca d\u00f6rt duvardan ibaret de\u011fildir, ayn\u0131 zamanda bir an\u0131lar ve kay\u0131plar galerisidir.    Dillon, bellek ile mek\u00e2n aras\u0131ndaki derin ba\u011flar\u0131 ke\u015ffederken Baudelaire\u2019den Barthes\u2019a, Proust\u2019tan Bachelard\u2019a, Berger\u2019dan Benjamin\u2019e pek \u00e7ok d\u00fc\u015f\u00fcn\u00fcr\u00fc de bu i\u00e7sel yolculu\u011fa dahil ediyor. Ev, e\u015fyalar, foto\u011fraflar, bedenler, yerler&#8230; Ge\u00e7mi\u015finin sessiz tan\u0131klar\u0131yla bir t\u00fcr yas meditasyonu yaparken ailesinden ve kendisinden geriye kalan d\u00f6k\u00fcnt\u00fcleri topluyor, par\u00e7al\u0131yor, yeniden birle\u015ftiriyor ve belle\u011fin labirentinde kayboluyor. Karanl\u0131k Odada, bireysel bir yas anlat\u0131s\u0131 olmas\u0131n\u0131n yan\u0131nda, belle\u011fin do\u011fas\u0131n\u0131 ve ge\u00e7mi\u015fle kurdu\u011fumuz k\u0131r\u0131lgan ba\u011f\u0131 sorgulayan sars\u0131c\u0131 bir bellek kaz\u0131s\u0131 niteli\u011finde.   Ev, annemin her zaman diretti\u011fi gibi lanetliydi. Ama ortaya \u00e7\u0131kt\u0131 ki lanet benimdi ve geriye d\u00f6n\u00fckt\u00fc. Onu terk etti\u011fim sabaha kadar ondan ne kadar nefret etti\u011fimi hi\u00e7 bilmiyordum.<\/p>\n","protected":false},"excerpt":{"rendered":"<p>Brian Dillon\u2019\u0131n ilk kitab\u0131 Karanl\u0131k Odada, belle\u011fi gerekli gereksiz her nesnenin istiflendi\u011fi bir mek\u00e2n olarak tan\u0131mlayarak ge\u00e7mi\u015fin karanl\u0131k koridorlar\u0131nda dola\u015f\u0131yor. On be\u015f ya\u015f\u0131nda annesini, be\u015f sene<span class=\"excerpt-hellip\"> [\u2026]<\/span><\/p>\n","protected":false},"featured_media":0,"template":"","meta":{"_monsterinsights_skip_tracking":false,"_monsterinsights_sitenote_active":false,"_monsterinsights_sitenote_note":"","_monsterinsights_sitenote_category":0},"product_brand":[],"product_cat":[12777,12291],"product_tag":[],"class_list":{"0":"post-770999","1":"product","2":"type-product","3":"status-publish","5":"product_cat-deneme","6":"product_cat-edebiyat","7":"pa_cilt-ciltsiz","8":"pa_tur-kitap","9":"pa_yayinevi-everest-yayinlari","10":"pa_yazar-brian-dillon","12":"first","13":"instock","14":"sale","15":"shipping-taxable","16":"purchasable","17":"product-type-simple"},"_links":{"self":[{"href":"https:\/\/roveyayinevi.com.tr\/index.php\/wp-json\/wp\/v2\/product\/770999","targetHints":{"allow":["GET"]}}],"collection":[{"href":"https:\/\/roveyayinevi.com.tr\/index.php\/wp-json\/wp\/v2\/product"}],"about":[{"href":"https:\/\/roveyayinevi.com.tr\/index.php\/wp-json\/wp\/v2\/types\/product"}],"wp:attachment":[{"href":"https:\/\/roveyayinevi.com.tr\/index.php\/wp-json\/wp\/v2\/media?parent=770999"}],"wp:term":[{"taxonomy":"product_brand","embeddable":true,"href":"https:\/\/roveyayinevi.com.tr\/index.php\/wp-json\/wp\/v2\/product_brand?post=770999"},{"taxonomy":"product_cat","embeddable":true,"href":"https:\/\/roveyayinevi.com.tr\/index.php\/wp-json\/wp\/v2\/product_cat?post=770999"},{"taxonomy":"product_tag","embeddable":true,"href":"https:\/\/roveyayinevi.com.tr\/index.php\/wp-json\/wp\/v2\/product_tag?post=770999"}],"curies":[{"name":"wp","href":"https:\/\/api.w.org\/{rel}","templated":true}]}}