{"id":770996,"date":"2025-08-28T14:49:47","date_gmt":"2025-08-28T11:49:47","guid":{"rendered":"https:\/\/roveyayinevi.com.tr\/index.php\/urun\/anilar-ve-oykuler\/"},"modified":"2026-04-15T03:37:16","modified_gmt":"2026-04-15T00:37:16","slug":"anilar-ve-oykuler","status":"publish","type":"product","link":"https:\/\/roveyayinevi.com.tr\/index.php\/urun\/anilar-ve-oykuler\/","title":{"rendered":"An\u0131lar ve \u00d6yk\u00fcler"},"content":{"rendered":"<p>Bu kitap, T\u00fcrkiye\u2019nin yetmi\u015f y\u0131ll\u0131k yak\u0131n tarihini adeta bir ayna gibi yans\u0131tan bir \u00f6zet niteli\u011findedir. Sayfalar aras\u0131nda ilerlerken, yaln\u0131zca anlat\u0131lan \u00f6yk\u00fcleri de\u011fil, ayn\u0131 zamanda kendi an\u0131lar\u0131n\u0131z\u0131 ve deneyimlerinizi de bulacaks\u0131n\u0131z. Ya\u015fam\u0131n\u0131zla kurdu\u011funuz paralellikler, ge\u00e7mi\u015fin izlerini bug\u00fcne ta\u015f\u0131yacak. \u00d6yk\u00fclerin kimisi trajik olaylar\u0131n a\u011f\u0131rl\u0131\u011f\u0131yla sizi derinden etkileyecek, kimisi ise s\u0131radanl\u0131\u011f\u0131n dura\u011fan sular\u0131nda kaybolacak. Baz\u0131 b\u00f6l\u00fcmlerde y\u00fcksek sesle kahkaha atmasan\u0131z da dudaklar\u0131n\u0131z\u0131n k\u0131y\u0131s\u0131nda beliren o hafif tebess\u00fcm\u00fc hissedeceksiniz. \u00c7\u00fcnk\u00fc ya\u015fam, trajediyle, s\u0131radanl\u0131kla ve k\u00fc\u00e7\u00fck mutluluklarla \u00f6r\u00fclm\u00fc\u015f bir b\u00fct\u00fcn de\u011fil midir zaten? Kitap, sade ve yer yer yerel dokunu\u015flarla zenginle\u015fen bir \u00fcslupla yaz\u0131lm\u0131\u015ft\u0131r. Okuma kolayl\u0131\u011f\u0131 sa\u011flamak amac\u0131yla k\u0131sa ve anla\u015f\u0131l\u0131r c\u00fcmleler tercih edilmi\u015ftir. Keyifli okumalar dilerim&#8230; <\/p>\n","protected":false},"excerpt":{"rendered":"<p>Bu kitap, T\u00fcrkiye\u2019nin yetmi\u015f y\u0131ll\u0131k yak\u0131n tarihini adeta bir ayna gibi yans\u0131tan bir \u00f6zet niteli\u011findedir. Sayfalar aras\u0131nda ilerlerken, yaln\u0131zca anlat\u0131lan \u00f6yk\u00fcleri de\u011fil, ayn\u0131 zamanda kendi an\u0131lar\u0131n\u0131z\u0131<span class=\"excerpt-hellip\"> [\u2026]<\/span><\/p>\n","protected":false},"featured_media":0,"template":"","meta":{"_monsterinsights_skip_tracking":false,"_monsterinsights_sitenote_active":false,"_monsterinsights_sitenote_note":"","_monsterinsights_sitenote_category":0},"product_brand":[],"product_cat":[13701,12291],"product_tag":[],"class_list":{"0":"post-770996","1":"product","2":"type-product","3":"status-publish","5":"product_cat-ani-mektup-gunluk","6":"product_cat-edebiyat","7":"pa_cilt-ciltsiz","8":"pa_tur-kitap","9":"pa_yayinevi-gulnar-yayinlari","10":"pa_yazar-muzaffer-ozkan","12":"first","13":"instock","14":"sale","15":"shipping-taxable","16":"purchasable","17":"product-type-simple"},"_links":{"self":[{"href":"https:\/\/roveyayinevi.com.tr\/index.php\/wp-json\/wp\/v2\/product\/770996","targetHints":{"allow":["GET"]}}],"collection":[{"href":"https:\/\/roveyayinevi.com.tr\/index.php\/wp-json\/wp\/v2\/product"}],"about":[{"href":"https:\/\/roveyayinevi.com.tr\/index.php\/wp-json\/wp\/v2\/types\/product"}],"wp:attachment":[{"href":"https:\/\/roveyayinevi.com.tr\/index.php\/wp-json\/wp\/v2\/media?parent=770996"}],"wp:term":[{"taxonomy":"product_brand","embeddable":true,"href":"https:\/\/roveyayinevi.com.tr\/index.php\/wp-json\/wp\/v2\/product_brand?post=770996"},{"taxonomy":"product_cat","embeddable":true,"href":"https:\/\/roveyayinevi.com.tr\/index.php\/wp-json\/wp\/v2\/product_cat?post=770996"},{"taxonomy":"product_tag","embeddable":true,"href":"https:\/\/roveyayinevi.com.tr\/index.php\/wp-json\/wp\/v2\/product_tag?post=770996"}],"curies":[{"name":"wp","href":"https:\/\/api.w.org\/{rel}","templated":true}]}}