{"id":770995,"date":"2025-08-28T14:49:46","date_gmt":"2025-08-28T11:49:46","guid":{"rendered":"https:\/\/roveyayinevi.com.tr\/index.php\/urun\/resul-i-ekrem-hayati-mucahedesi-manevi-sahsiyeti\/"},"modified":"2026-04-15T03:37:16","modified_gmt":"2026-04-15T00:37:16","slug":"resul-i-ekrem-hayati-mucahedesi-manevi-sahsiyeti","status":"publish","type":"product","link":"https:\/\/roveyayinevi.com.tr\/index.php\/urun\/resul-i-ekrem-hayati-mucahedesi-manevi-sahsiyeti\/","title":{"rendered":"Resul-i Ekrem Hayat\u0131, M\u00fccahedesi, Manevi \u015eahsiyeti"},"content":{"rendered":"<p>Efendimiz Muhammed Mustafa O\u2026 Alemler O\u2019nunla \u00f6v\u00fcn\u00fcyor. Yaratan Rabbin Sevgilisi O\u2026 Habib-i Zi\u015fan\u0131\u2026 Peygamberler Peygamberi O\u2026 \u0130nsanl\u0131\u011f\u0131n \u00f6v\u00fcn\u00e7 kayna\u011f\u0131\u2026 Hz. Adem\u2019in m\u00fcjdesi, Hz. \u0130brahim\u2019in evlad\u0131, Hz. \u0130sa\u2019n\u0131n mu\u015ftusu O\u2026 Ondan on d\u00f6rt as\u0131r \u00f6tede, g\u00fcn\u00fcm\u00fcz insan\u0131na bir asr-\u0131 saadet tablosu olsun diye kaleme al\u0131nan bu kitap modern, \u00f6zg\u00fcn, \u00e7a\u011fda\u015f, m\u00fctevazi ve farkl\u0131 bir siyer \u00e7al\u0131\u015fmas\u0131d\u0131r. \u00c7\u00fcnk\u00fc eseri bitirdi\u011finizde Hazret-i Muhammed (Sallallah\u00fc Aleyhi ve Sellem) kimdir? sorusunun cevab\u0131n\u0131 alacak ve kendinizi O\u2019na \u00e7ok yak\u0131n hissedeceksiniz. Bu yak\u0131nl\u0131\u011f\u0131n verdi\u011fi hakiki imanla aradaki on d\u00f6rt asr\u0131n kalkt\u0131\u011f\u0131na \u015fahit olacaks\u0131n\u0131z. Hazret-i Allah\u2019\u0131n: \u201cE\u011fer sen olmasayd\u0131n hi\u00e7bir \u015feyi yaratmazd\u0131m.\u201d buyurmas\u0131n\u0131n s\u0131rr\u0131na ereceksiniz. Ba\u015fta Kur\u2019an\u2019\u0131, ard\u0131ndan \u0130bn-i \u0130shak ve \u0130bn-i Hi\u015fam\u2019\u0131n siret kitaplar\u0131n\u0131 esas alarak yaz\u0131p aktaran bu \u00e7a\u011fda\u015f eser, g\u00fcn\u00fcm\u00fcz insan\u0131na be\u015ferin en b\u00fcy\u00fc\u011f\u00fc olan Hazret-i Muhammed\u2019i adeta bir televizyon ekran\u0131nda izlettiriyor gibi takdim ediyor. Kur\u2019an O\u2019nun i\u00e7in \u201cSize bir Resul geldi ki: kendinizden, i\u00e7inizden biri\u2026\u201d buyuruyor. Evet, O bizden biridir. O\u2019nu bilip, tan\u0131y\u0131p, izlemekle insanl\u0131k hakiki mutlulu\u011fa erecektir. Ak\u0131c\u0131 \u00fcslubu, derin ara\u015ft\u0131rmalar\u0131, neden ve ni\u00e7in sorular\u0131na verdi\u011fi ikna edici cevaplar, zengin i\u00e7erik ve \u00f6zellikle mi\u2019racda Cebrail Aleyhisselam\u2019\u0131 geride b\u0131rakan manevi \u015fahsiyeti \u00fczerine al\u0131nan derin tahliller bu kitab\u0131 ayr\u0131cal\u0131kl\u0131 k\u0131l\u0131yor. \u00c7\u00fcnk\u00fc, insanl\u0131\u011f\u0131n Hazret-i Muhammed\u2019le ger\u00e7ek manada tan\u0131\u015fmas\u0131n\u0131, onun y\u00fcksek \u015fahsiyetini kavramas\u0131n\u0131 sa\u011fl\u0131yor. \u0130nsanl\u0131\u011f\u0131n muhta\u00e7 oldu\u011fu esaslar\u0131n portresini \u00e7iziyor. Be\u015ferin b\u00fct\u00fcn s\u0131k\u0131nt\u0131lar\u0131n\u0131n, manevi bo\u015fluklar\u0131n\u0131n, huzursuzluklar\u0131n\u0131n O\u2019nun getirdi\u011fi Din ile \u00e7\u00f6z\u00fcmlenebilece\u011fini hayk\u0131r\u0131yor ve Hz. Muhammed\u2019le tan\u0131\u015fan insanl\u0131\u011fa iki d\u00fcnya saadeti sunuyor. D\u00fcnyan\u0131z ve ahiretiniz cennet olsun diye sizi hayat\u0131 b\u00fct\u00fcn\u00fcyle sevgi, fazilet, ihlas, ismet, izzet, sadakat, muhabbet, tebli\u011f, feyiz, cesaret, feragat, fetanet, ihsan, adalet, s\u0131dk, emniyet, tam bir huzur ve \u201ccisimle\u015fmi\u015f Kur\u2019an olan\u201d Hz. Muhammed\u2019le bulu\u015fturan bu kitapla ba\u015f ba\u015fa b\u0131rak\u0131yoruz. <\/p>\n","protected":false},"excerpt":{"rendered":"<p>Efendimiz Muhammed Mustafa O\u2026 Alemler O\u2019nunla \u00f6v\u00fcn\u00fcyor. Yaratan Rabbin Sevgilisi O\u2026 Habib-i Zi\u015fan\u0131\u2026 Peygamberler Peygamberi O\u2026 \u0130nsanl\u0131\u011f\u0131n \u00f6v\u00fcn\u00e7 kayna\u011f\u0131\u2026 Hz. Adem\u2019in m\u00fcjdesi, Hz. \u0130brahim\u2019in evlad\u0131, Hz.<span class=\"excerpt-hellip\"> [\u2026]<\/span><\/p>\n","protected":false},"featured_media":0,"template":"","meta":{"_monsterinsights_skip_tracking":false,"_monsterinsights_sitenote_active":false,"_monsterinsights_sitenote_note":"","_monsterinsights_sitenote_category":0},"product_brand":[],"product_cat":[18094,12718,12719],"product_tag":[],"class_list":{"0":"post-770995","1":"product","2":"type-product","3":"status-publish","5":"product_cat-biyografi-otobiyografi-islam","6":"product_cat-din","7":"product_cat-islam","8":"pa_cilt-ciltsiz","9":"pa_tur-kitap","10":"pa_yayinevi-doksan-dokuz-yayinlari","11":"pa_yazar-yilmaz-yenidinc","13":"first","14":"instock","15":"sale","16":"shipping-taxable","17":"purchasable","18":"product-type-simple"},"_links":{"self":[{"href":"https:\/\/roveyayinevi.com.tr\/index.php\/wp-json\/wp\/v2\/product\/770995","targetHints":{"allow":["GET"]}}],"collection":[{"href":"https:\/\/roveyayinevi.com.tr\/index.php\/wp-json\/wp\/v2\/product"}],"about":[{"href":"https:\/\/roveyayinevi.com.tr\/index.php\/wp-json\/wp\/v2\/types\/product"}],"wp:attachment":[{"href":"https:\/\/roveyayinevi.com.tr\/index.php\/wp-json\/wp\/v2\/media?parent=770995"}],"wp:term":[{"taxonomy":"product_brand","embeddable":true,"href":"https:\/\/roveyayinevi.com.tr\/index.php\/wp-json\/wp\/v2\/product_brand?post=770995"},{"taxonomy":"product_cat","embeddable":true,"href":"https:\/\/roveyayinevi.com.tr\/index.php\/wp-json\/wp\/v2\/product_cat?post=770995"},{"taxonomy":"product_tag","embeddable":true,"href":"https:\/\/roveyayinevi.com.tr\/index.php\/wp-json\/wp\/v2\/product_tag?post=770995"}],"curies":[{"name":"wp","href":"https:\/\/api.w.org\/{rel}","templated":true}]}}