{"id":770993,"date":"2025-08-28T14:49:42","date_gmt":"2025-08-28T11:49:42","guid":{"rendered":"https:\/\/roveyayinevi.com.tr\/index.php\/urun\/alevilikte-duskunluk-bir-hukuk-sistemi-olarak\/"},"modified":"2026-04-15T03:37:16","modified_gmt":"2026-04-15T00:37:16","slug":"alevilikte-duskunluk-bir-hukuk-sistemi-olarak","status":"publish","type":"product","link":"https:\/\/roveyayinevi.com.tr\/index.php\/urun\/alevilikte-duskunluk-bir-hukuk-sistemi-olarak\/","title":{"rendered":"Alevilikte D\u00fc\u015fk\u00fcnl\u00fck &#8211; Bir Hukuk Sistemi Olarak"},"content":{"rendered":"<p>Alev\u00ee toplumlar\u0131nda bulunan muhtelif inan\u00e7 pratikleri; erk\u00e2nlar ve bunlar\u0131n yan\u0131nda sosyal hayat\u0131n d\u00fczenini sa\u011flayan kimi mekanizmalar, asl\u0131nda bu grubun t\u00fcm ya\u015fant\u0131s\u0131n\u0131 \u015fekillendirir niteliktedir. Toplumun refah d\u00fczeyini y\u00fckseltmek, toplum bireylerini ho\u015fg\u00f6r\u00fc ve huzur i\u00e7inde ya\u015fatmak gayesinden hareketle, s\u00f6z konusu bu mekanizmalar, Alev\u00ee toplumunda etkili bir yap\u0131ya sahiptir. Bunlar\u0131n ba\u015f\u0131nda da \u201cd\u00fc\u015fk\u00fcnl\u00fck kurumu\u201d gelmektedir. D\u00fc\u015fk\u00fcnl\u00fck kurumu, \u00f6rfi hukuk ba\u011flam\u0131nda de\u011ferlendirilmelidir. Bunun yan\u0131nda, yaz\u0131s\u0131z hukuk normlar\u0131 bar\u0131nd\u0131rmas\u0131 ve as\u0131rlard\u0131r etkinli\u011fini s\u00fcrd\u00fcrmesi bak\u0131m\u0131ndan da olduk\u00e7a \u00f6nemlidir. Bat\u0131 toplumlar\u0131nda al\u0131\u015f\u0131ld\u0131k \u201ck\u0131sas hukuku\u201d yerine, cayd\u0131r\u0131c\u0131 bir nitelik ta\u015f\u0131yan d\u00fc\u015fk\u00fcnl\u00fck cezas\u0131, bireye kusurlar\u0131n\u0131 tamir etme imk\u00e2n\u0131 sunar. Bu y\u00f6n\u00fcyle bireyin su\u00e7a meyletmesini \u00f6nleyen, ahlaken y\u00fckselmesini hedefleyen bir uygulama ve kadim bir gelenek olarak insanl\u0131k tarihinde \u00f6nemli bir yere ve \u00f6neme sahiptir. Toplumlar\u0131n kolektif y\u00fccelmesinde dikkate al\u0131nmas\u0131 gereken etkin bir hukuk sistemi olan d\u00fc\u015fk\u00fcnl\u00fck hukuku, T\u00fcrk k\u00fclt\u00fcr\u00fcn\u00fcn d\u00fcnyaya b\u00fcy\u00fck bir arma\u011fan\u0131 olarak de\u011ferlendirilmelidir. Haydar Ers\u00f6z <\/p>\n","protected":false},"excerpt":{"rendered":"<p>Alev\u00ee toplumlar\u0131nda bulunan muhtelif inan\u00e7 pratikleri; erk\u00e2nlar ve bunlar\u0131n yan\u0131nda sosyal hayat\u0131n d\u00fczenini sa\u011flayan kimi mekanizmalar, asl\u0131nda bu grubun t\u00fcm ya\u015fant\u0131s\u0131n\u0131 \u015fekillendirir niteliktedir. Toplumun refah d\u00fczeyini<span class=\"excerpt-hellip\"> [\u2026]<\/span><\/p>\n","protected":false},"featured_media":0,"template":"","meta":{"_monsterinsights_skip_tracking":false,"_monsterinsights_sitenote_active":false,"_monsterinsights_sitenote_note":"","_monsterinsights_sitenote_category":0},"product_brand":[],"product_cat":[13575,12718,12719],"product_tag":[],"class_list":{"0":"post-770993","1":"product","2":"type-product","3":"status-publish","5":"product_cat-alevilik-bektasilik","6":"product_cat-din","7":"product_cat-islam","8":"pa_cilt-ciltsiz","9":"pa_tur-kitap","10":"pa_yayinevi-la-kitap-yayinlari","11":"pa_yazar-gokhan-senyurt","13":"first","14":"instock","15":"sale","16":"shipping-taxable","17":"purchasable","18":"product-type-simple"},"_links":{"self":[{"href":"https:\/\/roveyayinevi.com.tr\/index.php\/wp-json\/wp\/v2\/product\/770993","targetHints":{"allow":["GET"]}}],"collection":[{"href":"https:\/\/roveyayinevi.com.tr\/index.php\/wp-json\/wp\/v2\/product"}],"about":[{"href":"https:\/\/roveyayinevi.com.tr\/index.php\/wp-json\/wp\/v2\/types\/product"}],"wp:attachment":[{"href":"https:\/\/roveyayinevi.com.tr\/index.php\/wp-json\/wp\/v2\/media?parent=770993"}],"wp:term":[{"taxonomy":"product_brand","embeddable":true,"href":"https:\/\/roveyayinevi.com.tr\/index.php\/wp-json\/wp\/v2\/product_brand?post=770993"},{"taxonomy":"product_cat","embeddable":true,"href":"https:\/\/roveyayinevi.com.tr\/index.php\/wp-json\/wp\/v2\/product_cat?post=770993"},{"taxonomy":"product_tag","embeddable":true,"href":"https:\/\/roveyayinevi.com.tr\/index.php\/wp-json\/wp\/v2\/product_tag?post=770993"}],"curies":[{"name":"wp","href":"https:\/\/api.w.org\/{rel}","templated":true}]}}