{"id":770990,"date":"2025-08-28T14:49:34","date_gmt":"2025-08-28T11:49:34","guid":{"rendered":"https:\/\/roveyayinevi.com.tr\/index.php\/urun\/cocuk-kalbi-17\/"},"modified":"2026-04-15T03:37:16","modified_gmt":"2026-04-15T00:37:16","slug":"cocuk-kalbi-17","status":"publish","type":"product","link":"https:\/\/roveyayinevi.com.tr\/index.php\/urun\/cocuk-kalbi-17\/","title":{"rendered":"\u00c7ocuk Kalbi"},"content":{"rendered":"<p>Bir \u00e7ocu\u011fun g\u00f6z\u00fcnden ya\u015fama, arkada\u015fl\u0131klara, \u00fcz\u00fcnt\u00fc ve sevin\u00e7lere tan\u0131k olaca\u011f\u0131n\u0131z bu e\u015fsiz kitapla, bir kez daha asl\u0131nda \u00f6nemli olan tek \u015feyin \u201cinsan olabilmek\u201d oldu\u011funu g\u00f6receksiniz.   \u00dc\u00e7\u00fcnc\u00fc s\u0131n\u0131f \u00f6\u011frencisi Enrico\u00b4nun g\u00f6z\u00fcnden anlat\u0131lan olaylar asl\u0131nda bir g\u00fcnl\u00fck olsa bile, b\u00fct\u00fcn\u00fcyle bak\u0131ld\u0131\u011f\u0131nda her anne ve baban\u0131n, her \u00f6\u011frenci ve \u00f6\u011fretmenin ba\u015fucu kitab\u0131 olma niteli\u011findedir.   Enrico\u2019ya kimi zaman annesi kimi zaman babas\u0131, kimi zaman \u00f6\u011fretmeni, hatta bazen de arkada\u015flar\u0131 yol g\u00f6sterir ve ya\u015fad\u0131klar\u0131ndan ders \u00e7\u0131karmas\u0131n\u0131 sa\u011flarlar. Ama insan\u0131n her zaman en iyi rehberi kendisidir. <\/p>\n","protected":false},"excerpt":{"rendered":"<p>Bir \u00e7ocu\u011fun g\u00f6z\u00fcnden ya\u015fama, arkada\u015fl\u0131klara, \u00fcz\u00fcnt\u00fc ve sevin\u00e7lere tan\u0131k olaca\u011f\u0131n\u0131z bu e\u015fsiz kitapla, bir kez daha asl\u0131nda \u00f6nemli olan tek \u015feyin \u201cinsan olabilmek\u201d oldu\u011funu g\u00f6receksiniz. \u00dc\u00e7\u00fcnc\u00fc<span class=\"excerpt-hellip\"> [\u2026]<\/span><\/p>\n","protected":false},"featured_media":0,"template":"","meta":{"_monsterinsights_skip_tracking":false,"_monsterinsights_sitenote_active":false,"_monsterinsights_sitenote_note":"","_monsterinsights_sitenote_category":0},"product_brand":[],"product_cat":[12274,12284],"product_tag":[],"class_list":{"0":"post-770990","1":"product","2":"type-product","3":"status-publish","5":"product_cat-cocuk-ve-genclik-kitaplari","6":"product_cat-hikayeler","7":"pa_cilt-ciltsiz","8":"pa_tur-kitap","9":"pa_yayinevi-pars-yayinlari","10":"pa_yazar-edmondo-de-amicis","12":"first","13":"instock","14":"sale","15":"shipping-taxable","16":"purchasable","17":"product-type-simple"},"_links":{"self":[{"href":"https:\/\/roveyayinevi.com.tr\/index.php\/wp-json\/wp\/v2\/product\/770990","targetHints":{"allow":["GET"]}}],"collection":[{"href":"https:\/\/roveyayinevi.com.tr\/index.php\/wp-json\/wp\/v2\/product"}],"about":[{"href":"https:\/\/roveyayinevi.com.tr\/index.php\/wp-json\/wp\/v2\/types\/product"}],"wp:attachment":[{"href":"https:\/\/roveyayinevi.com.tr\/index.php\/wp-json\/wp\/v2\/media?parent=770990"}],"wp:term":[{"taxonomy":"product_brand","embeddable":true,"href":"https:\/\/roveyayinevi.com.tr\/index.php\/wp-json\/wp\/v2\/product_brand?post=770990"},{"taxonomy":"product_cat","embeddable":true,"href":"https:\/\/roveyayinevi.com.tr\/index.php\/wp-json\/wp\/v2\/product_cat?post=770990"},{"taxonomy":"product_tag","embeddable":true,"href":"https:\/\/roveyayinevi.com.tr\/index.php\/wp-json\/wp\/v2\/product_tag?post=770990"}],"curies":[{"name":"wp","href":"https:\/\/api.w.org\/{rel}","templated":true}]}}