{"id":770988,"date":"2025-08-28T14:49:31","date_gmt":"2025-08-28T11:49:31","guid":{"rendered":"https:\/\/roveyayinevi.com.tr\/index.php\/urun\/hizli-kripto-para-rehberi\/"},"modified":"2026-04-15T03:37:16","modified_gmt":"2026-04-15T00:37:16","slug":"hizli-kripto-para-rehberi","status":"publish","type":"product","link":"https:\/\/roveyayinevi.com.tr\/index.php\/urun\/hizli-kripto-para-rehberi\/","title":{"rendered":"H\u0131zl\u0131 Kripto Para Rehberi"},"content":{"rendered":"<p>Kripto para d\u00fcnyas\u0131, f\u0131rsatlar ve risklerle dolu bir evrendir. Ancak, do\u011fru bilgi ve stratejilerle bu dijital evrende ba\u015far\u0131l\u0131 olman\u0131z m\u00fcmk\u00fcn. H\u0131zl\u0131 Kripto Para Y\u00f6netimi, yat\u0131r\u0131mc\u0131lara h\u0131zla geli\u015fen kripto pazar\u0131nda nas\u0131l etkili bir \u015fekilde yer alacaklar\u0131n\u0131 ve kazan\u00e7 sa\u011flamak i\u00e7in en iyi stratejileri nas\u0131l kullanacaklar\u0131n\u0131 anlatan pratik bir rehberdir. Bu kitapta bulaca\u011f\u0131n\u0131z bilgilerle: \u2022 Kripto para piyasas\u0131n\u0131n dinamiklerini anlayacak, \u2022 Portf\u00f6y\u00fcn\u00fcz\u00fc \u00e7e\u015fitlendirerek risklerinizi azaltacak, \u2022 K\u0131sa, orta ve uzun vadeli yat\u0131r\u0131m stratejilerini ke\u015ffedecek, \u2022 H\u0131zl\u0131 al\u0131m sat\u0131mlar i\u00e7in etkili y\u00f6netim tekniklerini \u00f6\u011frenecek, \u2022 Kripto d\u00fcnyas\u0131nda do\u011fru kararlar alman\u0131z\u0131 sa\u011flayacak analiz y\u00f6ntemlerine h\u00e2kim olacaks\u0131n\u0131z. Hayalinizdeki finansal \u00f6zg\u00fcrl\u00fc\u011fe ula\u015fmak i\u00e7in, bu kitab\u0131 okuyarak kripto d\u00fcnyas\u0131na sa\u011flam ad\u0131mlarla girin! <\/p>\n","protected":false},"excerpt":{"rendered":"<p>Kripto para d\u00fcnyas\u0131, f\u0131rsatlar ve risklerle dolu bir evrendir. Ancak, do\u011fru bilgi ve stratejilerle bu dijital evrende ba\u015far\u0131l\u0131 olman\u0131z m\u00fcmk\u00fcn. H\u0131zl\u0131 Kripto Para Y\u00f6netimi, yat\u0131r\u0131mc\u0131lara h\u0131zla<span class=\"excerpt-hellip\"> [\u2026]<\/span><\/p>\n","protected":false},"featured_media":0,"template":"","meta":{"_monsterinsights_skip_tracking":false,"_monsterinsights_sitenote_active":false,"_monsterinsights_sitenote_note":"","_monsterinsights_sitenote_category":0},"product_brand":[],"product_cat":[13043,17647],"product_tag":[],"class_list":{"0":"post-770988","1":"product","2":"type-product","3":"status-publish","5":"product_cat-ekonomi","6":"product_cat-is-dunyasi","7":"pa_cilt-ciltsiz","8":"pa_tur-kitap","9":"pa_yayinevi-say-yayinlari","10":"pa_yazar-jonathan-reichental","12":"first","13":"instock","14":"sale","15":"shipping-taxable","16":"purchasable","17":"product-type-simple"},"_links":{"self":[{"href":"https:\/\/roveyayinevi.com.tr\/index.php\/wp-json\/wp\/v2\/product\/770988","targetHints":{"allow":["GET"]}}],"collection":[{"href":"https:\/\/roveyayinevi.com.tr\/index.php\/wp-json\/wp\/v2\/product"}],"about":[{"href":"https:\/\/roveyayinevi.com.tr\/index.php\/wp-json\/wp\/v2\/types\/product"}],"wp:attachment":[{"href":"https:\/\/roveyayinevi.com.tr\/index.php\/wp-json\/wp\/v2\/media?parent=770988"}],"wp:term":[{"taxonomy":"product_brand","embeddable":true,"href":"https:\/\/roveyayinevi.com.tr\/index.php\/wp-json\/wp\/v2\/product_brand?post=770988"},{"taxonomy":"product_cat","embeddable":true,"href":"https:\/\/roveyayinevi.com.tr\/index.php\/wp-json\/wp\/v2\/product_cat?post=770988"},{"taxonomy":"product_tag","embeddable":true,"href":"https:\/\/roveyayinevi.com.tr\/index.php\/wp-json\/wp\/v2\/product_tag?post=770988"}],"curies":[{"name":"wp","href":"https:\/\/api.w.org\/{rel}","templated":true}]}}