{"id":770987,"date":"2025-08-28T14:49:30","date_gmt":"2025-08-28T11:49:30","guid":{"rendered":"https:\/\/roveyayinevi.com.tr\/index.php\/urun\/vahsi-guc\/"},"modified":"2026-04-15T03:37:16","modified_gmt":"2026-04-15T00:37:16","slug":"vahsi-guc","status":"publish","type":"product","link":"https:\/\/roveyayinevi.com.tr\/index.php\/urun\/vahsi-guc\/","title":{"rendered":"Vah\u015fi Gu\u0308\u00e7"},"content":{"rendered":"<p>Kadim \u00e7a\u011flardan beri kad\u0131n bedeninde var olan ancak unutturulmu\u015f, hatta yasaklanm\u0131\u015f bir \u015fey var: Rahim, sezgisel ve ruhsal bir haritad\u0131r. D\u00f6ng\u00fcn, yaln\u0131zca hormonlar\u0131n de\u011fil, ya\u015fam enerjinin, duygusal d\u00f6n\u00fc\u015f\u00fcm\u00fcn\u00fcn ve ruhsal b\u00fcy\u00fcmenin d\u00f6ng\u00fcs\u00fcd\u00fcr. Bu kitapta ke\u015ffedece\u011fin ba\u015fl\u0131ca s\u0131rlar: \u2022 Rahmine kodlanm\u0131\u015f i\u00e7sel haritay\u0131 ve di\u015fil g\u00fcc\u00fcn\u00fcn ger\u00e7ek do\u011fas\u0131n\u0131 ke\u015ffetmek, \u2022 Menstr\u00fcel d\u00f6ng\u00fcn\u00fcn \u201ci\u00e7 mevsimlerini\u201d nas\u0131l okuyaca\u011f\u0131n\u0131 ve bedeninle yeniden nas\u0131l ba\u011f kuraca\u011f\u0131n\u0131 \u00f6\u011frenmek, \u2022 Sinir sistemini d\u00f6ng\u00fcnle uyumlu h\u00e2le getirerek daha dengeli, sezgisel ve derin bir ya\u015fam s\u00fcrmek. Vah\u015fi G\u00fc\u00e7, di\u015fil bilgelik yolunda kayboldu\u011funu hisseden t\u00fcm kad\u0131nlara bir davet. Rahminin \u00e7a\u011fr\u0131s\u0131n\u0131 duy ve sana ait olan o vah\u015fi, s\u0131n\u0131rs\u0131z g\u00fcc\u00fc geri al! Bug\u00fcne kadar kendimizi bilme yolculu\u011funda bir\u00e7ok y\u00f6ntem kullanm\u0131\u015f olabiliriz. Bunlar bize iyi de gelmi\u015f olabilirler. Ancak hepsinin bir \u015feyi \u201coldurtmak\u201d odakl\u0131 oldu\u011funu hi\u00e7 fark ettiniz mi? Daha iyi bir versiyonumuzu yaratmak, ge\u00e7mi\u015f y\u00fcklerden ar\u0131nmak vb. Bu kitab\u0131 okuyup Alexandra ve Sjanie ile \u00fc\u00e7 sene s\u00fcren Menstr\u00fcel D\u00f6ng\u00fc Fark\u0131ndal\u0131\u011f\u0131 E\u011fitimi\u2019ne kat\u0131ld\u0131ktan sonra, kad\u0131nlarda, hayat yolculu\u011funda ikamesi olmayan i\u00e7sel bir haritan\u0131n  varl\u0131\u011f\u0131na uyand\u0131m. Herkesin kendine has olan bu haritay\u0131 ke\u015ffetti\u011fi Menstr\u00fcel D\u00f6ng\u00fc Fark\u0131ndal\u0131\u011f\u0131 \u201c\u00e7al\u0131\u015fmas\u0131nda\u201d biz hayat\u0131 oldurtmak i\u00e7in \u00e7al\u0131\u015fmay\u0131z; O, i\u00e7eriden ve kendi zaman\u0131nda bizi \u00e7al\u0131\u015f\u0131r. Ve i\u015fte di\u015fil olan\u0131n gizemli b\u00fcy\u00fcs\u00fc \u00e7al\u0131\u015fan do\u011faya \u015fahitlik etti\u011fimizde uyan\u0131r. Kad\u0131n\u0131n kendi do\u011fas\u0131na uyan\u0131\u015f\u0131na hizmet eden bir yol haritas\u0131 niteli\u011findeki bu kitap gen\u00e7 k\u0131zl\u0131ktan itibaren her kad\u0131n\u0131n k\u00fct\u00fcphanesinde olmal\u0131. \u015eaylan Y\u0131lmaz Kad\u0131n Fark\u0131ndal\u0131k Rehberi\/Yoga Uzman\u0131 Athenalar Y\u00fcr\u00fcyor\u2019un Kurucusu<\/p>\n","protected":false},"excerpt":{"rendered":"<p>Kadim \u00e7a\u011flardan beri kad\u0131n bedeninde var olan ancak unutturulmu\u015f, hatta yasaklanm\u0131\u015f bir \u015fey var: Rahim, sezgisel ve ruhsal bir haritad\u0131r. D\u00f6ng\u00fcn, yaln\u0131zca hormonlar\u0131n de\u011fil, ya\u015fam enerjinin,<span class=\"excerpt-hellip\"> [\u2026]<\/span><\/p>\n","protected":false},"featured_media":0,"template":"","meta":{"_monsterinsights_skip_tracking":false,"_monsterinsights_sitenote_active":false,"_monsterinsights_sitenote_note":"","_monsterinsights_sitenote_category":0},"product_brand":[],"product_cat":[12364,12376],"product_tag":[],"class_list":{"0":"post-770987","1":"product","2":"type-product","3":"status-publish","5":"product_cat-genel-konular","6":"product_cat-kisisel-gelisim","7":"pa_cilt-ciltsiz","8":"pa_tur-kitap","9":"pa_yayinevi-omega","10":"pa_yazar-alexandra-pope-sjanie-hugo-wurlitzer","12":"first","13":"instock","14":"sale","15":"shipping-taxable","16":"purchasable","17":"product-type-simple"},"_links":{"self":[{"href":"https:\/\/roveyayinevi.com.tr\/index.php\/wp-json\/wp\/v2\/product\/770987","targetHints":{"allow":["GET"]}}],"collection":[{"href":"https:\/\/roveyayinevi.com.tr\/index.php\/wp-json\/wp\/v2\/product"}],"about":[{"href":"https:\/\/roveyayinevi.com.tr\/index.php\/wp-json\/wp\/v2\/types\/product"}],"wp:attachment":[{"href":"https:\/\/roveyayinevi.com.tr\/index.php\/wp-json\/wp\/v2\/media?parent=770987"}],"wp:term":[{"taxonomy":"product_brand","embeddable":true,"href":"https:\/\/roveyayinevi.com.tr\/index.php\/wp-json\/wp\/v2\/product_brand?post=770987"},{"taxonomy":"product_cat","embeddable":true,"href":"https:\/\/roveyayinevi.com.tr\/index.php\/wp-json\/wp\/v2\/product_cat?post=770987"},{"taxonomy":"product_tag","embeddable":true,"href":"https:\/\/roveyayinevi.com.tr\/index.php\/wp-json\/wp\/v2\/product_tag?post=770987"}],"curies":[{"name":"wp","href":"https:\/\/api.w.org\/{rel}","templated":true}]}}