{"id":770986,"date":"2025-08-28T14:49:28","date_gmt":"2025-08-28T11:49:28","guid":{"rendered":"https:\/\/roveyayinevi.com.tr\/index.php\/urun\/histerinin-psikoterapisi\/"},"modified":"2026-04-15T03:37:16","modified_gmt":"2026-04-15T00:37:16","slug":"histerinin-psikoterapisi","status":"publish","type":"product","link":"https:\/\/roveyayinevi.com.tr\/index.php\/urun\/histerinin-psikoterapisi\/","title":{"rendered":"Histerinin Psikoterapisi"},"content":{"rendered":"<p>Pek \u00e7ok hekim y\u00fczy\u0131llarca, v\u00fccudun \u00e7e\u015fitli yerlerinde \u015fiddetli a\u011fr\u0131, bulant\u0131, kusma, ishal, nefes darl\u0131\u011f\u0131, kalp \u00e7arp\u0131nt\u0131s\u0131, fel\u00e7 gibi \u015fik\u00e2yetlerle kendilerine ba\u015fvuran ve \u00e7o\u011funlu\u011fu kad\u0131n olan baz\u0131 hastalara te\u015fhis koymak, onlar\u0131 birtak\u0131m ila\u00e7larla tedavi etmek i\u00e7in bo\u015funa \u00e7aba sarf etti. Nihayet 19. y\u00fczy\u0131l sona ererken Avrupa t\u0131p \u00e7evrelerinde, t\u0131bb\u0131n \u00e7\u00f6zemedi\u011fi bu t\u00fcr vakalarda semptomlar\u0131n baz\u0131 hastal\u0131klarla de\u011fil birtak\u0131m ruhsal travmalarla ili\u015fkili oldu\u011fu konusunda genel bir kabul \u015fekillenmeye ba\u015flad\u0131. Sigmund Freud gibi \u00f6nc\u00fc hekimler psikanaliz ve hipnoz gibi tekniklerle bu ruhsal travmalar ile semptomlar aras\u0131ndaki ili\u015fkiyi kurup hastalar\u0131n \u015fik\u00e2yetlerini \u00e7o\u011fu zaman kal\u0131c\u0131 \u015fekilde gidermeyi ba\u015fard\u0131lar. Histerinin Psikoterapisi size bu tekniklerin nas\u0131l uyguland\u0131\u011f\u0131n\u0131 ve ne t\u00fcr sonu\u00e7lar do\u011furdu\u011funu birbirinden ilgin\u00e7 d\u00f6rt vaka \u00f6yk\u00fcs\u00fc e\u015fli\u011finde sunuyor. Psikoloji, psikiyatri ve Freud merakl\u0131lar\u0131 ka\u00e7\u0131rmas\u0131n. <\/p>\n","protected":false},"excerpt":{"rendered":"<p>Pek \u00e7ok hekim y\u00fczy\u0131llarca, v\u00fccudun \u00e7e\u015fitli yerlerinde \u015fiddetli a\u011fr\u0131, bulant\u0131, kusma, ishal, nefes darl\u0131\u011f\u0131, kalp \u00e7arp\u0131nt\u0131s\u0131, fel\u00e7 gibi \u015fik\u00e2yetlerle kendilerine ba\u015fvuran ve \u00e7o\u011funlu\u011fu kad\u0131n olan baz\u0131<span class=\"excerpt-hellip\"> [\u2026]<\/span><\/p>\n","protected":false},"featured_media":0,"template":"","meta":{"_monsterinsights_skip_tracking":false,"_monsterinsights_sitenote_active":false,"_monsterinsights_sitenote_note":"","_monsterinsights_sitenote_category":0},"product_brand":[],"product_cat":[12358,12357],"product_tag":[],"class_list":{"0":"post-770986","1":"product","2":"type-product","3":"status-publish","5":"product_cat-genel-psikoloji","6":"product_cat-psikoloji","7":"pa_cilt-ciltsiz","8":"pa_tur-kitap","9":"pa_yayinevi-say-yayinlari","10":"pa_yazar-sigmund-freud","12":"first","13":"instock","14":"sale","15":"shipping-taxable","16":"purchasable","17":"product-type-simple"},"_links":{"self":[{"href":"https:\/\/roveyayinevi.com.tr\/index.php\/wp-json\/wp\/v2\/product\/770986","targetHints":{"allow":["GET"]}}],"collection":[{"href":"https:\/\/roveyayinevi.com.tr\/index.php\/wp-json\/wp\/v2\/product"}],"about":[{"href":"https:\/\/roveyayinevi.com.tr\/index.php\/wp-json\/wp\/v2\/types\/product"}],"wp:attachment":[{"href":"https:\/\/roveyayinevi.com.tr\/index.php\/wp-json\/wp\/v2\/media?parent=770986"}],"wp:term":[{"taxonomy":"product_brand","embeddable":true,"href":"https:\/\/roveyayinevi.com.tr\/index.php\/wp-json\/wp\/v2\/product_brand?post=770986"},{"taxonomy":"product_cat","embeddable":true,"href":"https:\/\/roveyayinevi.com.tr\/index.php\/wp-json\/wp\/v2\/product_cat?post=770986"},{"taxonomy":"product_tag","embeddable":true,"href":"https:\/\/roveyayinevi.com.tr\/index.php\/wp-json\/wp\/v2\/product_tag?post=770986"}],"curies":[{"name":"wp","href":"https:\/\/api.w.org\/{rel}","templated":true}]}}