{"id":770985,"date":"2025-08-28T14:49:27","date_gmt":"2025-08-28T11:49:27","guid":{"rendered":"https:\/\/roveyayinevi.com.tr\/index.php\/urun\/borsada-gunluk-kazanc-saglamak\/"},"modified":"2026-04-15T03:37:16","modified_gmt":"2026-04-15T00:37:16","slug":"borsada-gunluk-kazanc-saglamak","status":"publish","type":"product","link":"https:\/\/roveyayinevi.com.tr\/index.php\/urun\/borsada-gunluk-kazanc-saglamak\/","title":{"rendered":"Borsada G\u00fcnl\u00fck Kazan\u00e7 Sa\u011flamak"},"content":{"rendered":"<p>Borsada G\u00fcnl\u00fck Kazan\u00e7 Sa\u011flamak Yeni Ba\u015flayanlar \u0130\u00e7in Risk Y\u00f6netimi K\u0131lavuzuAndrew Aziz Trading yaparak para kazanman\u0131n tek bir do\u011fru yolu olmasa da trading kariyerinize ba\u015flaman\u0131n tek bir do\u011fru yolu vard\u0131r: \u0130stikrarl\u0131 olmak!Borsada G\u00fcnl\u00fck Kazan\u00e7 Sa\u011flamak, finansal piyasalarda istikrarl\u0131 kazan\u00e7 sa\u011flaman\u0131n yollar\u0131n\u0131 teknik analiz stratejilerinden psikolojiye, risk y\u00f6netiminden g\u00fcnl\u00fck i\u015flem rutinlerine kadar kapsaml\u0131 bir \u015fekilde ele al\u0131yor. Yaln\u0131zca teorik bilgiyle s\u0131n\u0131rl\u0131 kalmayan Andrew Aziz, kendi deneyimlerinden hareketle i\u015flem yapma s\u00fcre\u00e7lerini detayl\u0131 bir \u015fekilde a\u00e7\u0131klayarak ba\u015far\u0131l\u0131 bir trader olman\u0131n yol haritas\u0131n\u0131 okurlar\u0131na sunuyor.Kitab\u0131n i\u00e7inde \u015fu konular\u0131 bulacaks\u0131n\u0131z:\u2022 Geli\u015fmi\u015f ve basit day trade stratejileri\u2022 Teknolojik ara\u00e7lar\u0131n nas\u0131l kullan\u0131laca\u011f\u0131\u2022 Trade psikolojisini y\u00f6netme yollar\u0131\u2022 Risk ve sermaye y\u00f6netiminde profesyonel teknikler\u0130ster yeni ba\u015flay\u0131n ister deneyimli bir trader olun, Borsada G\u00fcnl\u00fck Kazan\u00e7 Sa\u011flamak finansal hedeflerinize ula\u015fman\u0131z i\u00e7in size rehberlik edecek. Kapsaml\u0131 bilgilerle donat\u0131lm\u0131\u015f bu eser, trader olma yolculu\u011funda elinizden d\u00fc\u015fmeyecek bir kaynak olmaya aday.<\/p>\n","protected":false},"excerpt":{"rendered":"<p>Borsada G\u00fcnl\u00fck Kazan\u00e7 Sa\u011flamak Yeni Ba\u015flayanlar \u0130\u00e7in Risk Y\u00f6netimi K\u0131lavuzuAndrew Aziz Trading yaparak para kazanman\u0131n tek bir do\u011fru yolu olmasa da trading kariyerinize ba\u015flaman\u0131n tek bir<span class=\"excerpt-hellip\"> [\u2026]<\/span><\/p>\n","protected":false},"featured_media":0,"template":"","meta":{"_monsterinsights_skip_tracking":false,"_monsterinsights_sitenote_active":false,"_monsterinsights_sitenote_note":"","_monsterinsights_sitenote_category":0},"product_brand":[],"product_cat":[17249,13043],"product_tag":[],"class_list":{"0":"post-770985","1":"product","2":"type-product","3":"status-publish","5":"product_cat-borsa-finans","6":"product_cat-ekonomi","7":"pa_cilt-ciltsiz","8":"pa_tur-kitap","9":"pa_yayinevi-epsilon-yayinlari","10":"pa_yazar-andrew-aziz","12":"first","13":"instock","14":"sale","15":"shipping-taxable","16":"purchasable","17":"product-type-simple"},"_links":{"self":[{"href":"https:\/\/roveyayinevi.com.tr\/index.php\/wp-json\/wp\/v2\/product\/770985","targetHints":{"allow":["GET"]}}],"collection":[{"href":"https:\/\/roveyayinevi.com.tr\/index.php\/wp-json\/wp\/v2\/product"}],"about":[{"href":"https:\/\/roveyayinevi.com.tr\/index.php\/wp-json\/wp\/v2\/types\/product"}],"wp:attachment":[{"href":"https:\/\/roveyayinevi.com.tr\/index.php\/wp-json\/wp\/v2\/media?parent=770985"}],"wp:term":[{"taxonomy":"product_brand","embeddable":true,"href":"https:\/\/roveyayinevi.com.tr\/index.php\/wp-json\/wp\/v2\/product_brand?post=770985"},{"taxonomy":"product_cat","embeddable":true,"href":"https:\/\/roveyayinevi.com.tr\/index.php\/wp-json\/wp\/v2\/product_cat?post=770985"},{"taxonomy":"product_tag","embeddable":true,"href":"https:\/\/roveyayinevi.com.tr\/index.php\/wp-json\/wp\/v2\/product_tag?post=770985"}],"curies":[{"name":"wp","href":"https:\/\/api.w.org\/{rel}","templated":true}]}}