{"id":770984,"date":"2025-08-28T14:49:25","date_gmt":"2025-08-28T11:49:25","guid":{"rendered":"https:\/\/roveyayinevi.com.tr\/index.php\/urun\/gucun-hassas-iplikleri-ciltli\/"},"modified":"2026-04-15T03:37:16","modified_gmt":"2026-04-15T00:37:16","slug":"gucun-hassas-iplikleri-ciltli","status":"publish","type":"product","link":"https:\/\/roveyayinevi.com.tr\/index.php\/urun\/gucun-hassas-iplikleri-ciltli\/","title":{"rendered":"G\u00fcc\u00fcn Hassas \u0130plikleri (Ciltli)"},"content":{"rendered":"<p>New York Times\u2019\u0131n 1 numaral\u0131 \u00e7oksatan yazarlar\u0131ndan olan ve harika fantastik evrenler yaratan V. E. Schwab, G\u00fcc\u00fcn Hassas \u0130plikleri\u2019yle tehlikeli maceralara yeni bir kap\u0131 a\u00e7\u0131yor.      Bir zamanlar, bir kitab\u0131n sayfalar\u0131 gibi i\u00e7 i\u00e7e ge\u00e7mi\u015f, nab\u0131zlar\u0131 fantastik bir g\u00fc\u00e7le atan d\u00f6rt d\u00fcnya vard\u0131. Birbirlerine tek bir \u015fehir arac\u0131l\u0131\u011f\u0131yla ba\u011flan\u0131yorlard\u0131: Londra. Ta ki sihir fazla h\u0131zl\u0131 b\u00fcy\u00fcyene ve onlar\u0131 kendi d\u00fcnyalar\u0131n\u0131 korumak i\u00e7in \u00e7aresizce kumar oynayarak di\u011fer d\u00fcnyalarla aralar\u0131ndaki kap\u0131lar\u0131 m\u00fch\u00fcrlemek zorunda b\u0131rakana kadar. Zaman ge\u00e7tik\u00e7e kap\u0131lar\u0131 a\u00e7abilen az say\u0131daki sihirbaz daha da nadir bulunur oldu ve art\u0131k hat\u0131rland\u0131\u011f\u0131 kadar\u0131yla yaln\u0131zca \u00fc\u00e7 Antari kald\u0131: K\u0131rm\u0131z\u0131 Londra&#8217;dan Kell Maresh, Gri Londra&#8217;dan Delilah Bard ve Beyaz Londra&#8217;dan Holland Vosijk. Ancak son yedi y\u0131lda onlar bile neredeyse hi\u00e7 g\u00f6r\u00fclmedi ve Beyaz Londra&#8217;da Kosika ad\u0131nda yeni bir Antari ortaya \u00e7\u0131karak Holland&#8217;\u0131n yoklu\u011funda tahta ge\u00e7ti. K\u00fc\u00e7\u00fck Krali\u00e7e Kosika, \u015fehrini kendi kan\u0131 da d\u00e2hil olmak \u00fczere kanla beslemeye raz\u0131yd\u0131 ancak giderek artan dini co\u015fkusu ayn\u0131 zamanda her \u015feyi bo\u011fma potansiyeli de ta\u015f\u0131yordu. K\u0131rm\u0131z\u0131 Londra&#8217;ya gelince\u2026 Kral Rhy Maresh, y\u00fckselmekte ve taht\u0131 tamamen y\u0131karak g\u00fc\u00e7 dengesini d\u00fczeltmeye kararl\u0131 olan bir isyan\u0131n tehdidi alt\u0131ndayd\u0131. Eski dostlar ve yeni d\u00fc\u015fmanlar\u0131n olu\u015fturdu\u011fu bu ilmeklerin  aras\u0131nda, s\u0131ra d\u0131\u015f\u0131 bir sihir yetene\u011fine sahip olan bir k\u0131z\u0131n eline d\u00f6rt  d\u00fcnyan\u0131n da kaderini de\u011fi\u015ftirebilecek bir cihaz ge\u00e7ti. K\u0131z\u0131n ad\u0131 Tes&#8217;ti ve hepsini bir araya getirebilecek veya her \u015feyi da\u011f\u0131tabilecek tek ki\u015fi oydu.<\/p>\n","protected":false},"excerpt":{"rendered":"<p>New York Times\u2019\u0131n 1 numaral\u0131 \u00e7oksatan yazarlar\u0131ndan olan ve harika fantastik evrenler yaratan V. E. Schwab, G\u00fcc\u00fcn Hassas \u0130plikleri\u2019yle tehlikeli maceralara yeni bir kap\u0131 a\u00e7\u0131yor. Bir<span class=\"excerpt-hellip\"> [\u2026]<\/span><\/p>\n","protected":false},"featured_media":0,"template":"","meta":{"_monsterinsights_skip_tracking":false,"_monsterinsights_sitenote_active":false,"_monsterinsights_sitenote_note":"","_monsterinsights_sitenote_category":0},"product_brand":[],"product_cat":[12291,12711],"product_tag":[],"class_list":{"0":"post-770984","1":"product","2":"type-product","3":"status-publish","5":"product_cat-edebiyat","6":"product_cat-roman-oyku","7":"pa_cilt-ciltli","8":"pa_tur-kitap","9":"pa_yayinevi-artemis-yayinlari","10":"pa_yazar-v-e-schwab","12":"first","13":"instock","14":"sale","15":"shipping-taxable","16":"purchasable","17":"product-type-simple"},"_links":{"self":[{"href":"https:\/\/roveyayinevi.com.tr\/index.php\/wp-json\/wp\/v2\/product\/770984","targetHints":{"allow":["GET"]}}],"collection":[{"href":"https:\/\/roveyayinevi.com.tr\/index.php\/wp-json\/wp\/v2\/product"}],"about":[{"href":"https:\/\/roveyayinevi.com.tr\/index.php\/wp-json\/wp\/v2\/types\/product"}],"wp:attachment":[{"href":"https:\/\/roveyayinevi.com.tr\/index.php\/wp-json\/wp\/v2\/media?parent=770984"}],"wp:term":[{"taxonomy":"product_brand","embeddable":true,"href":"https:\/\/roveyayinevi.com.tr\/index.php\/wp-json\/wp\/v2\/product_brand?post=770984"},{"taxonomy":"product_cat","embeddable":true,"href":"https:\/\/roveyayinevi.com.tr\/index.php\/wp-json\/wp\/v2\/product_cat?post=770984"},{"taxonomy":"product_tag","embeddable":true,"href":"https:\/\/roveyayinevi.com.tr\/index.php\/wp-json\/wp\/v2\/product_tag?post=770984"}],"curies":[{"name":"wp","href":"https:\/\/api.w.org\/{rel}","templated":true}]}}