{"id":770980,"date":"2025-08-28T14:49:16","date_gmt":"2025-08-28T11:49:16","guid":{"rendered":"https:\/\/roveyayinevi.com.tr\/index.php\/urun\/imam-i-azam-ebu-hanifeyi-yeniden-okumak\/"},"modified":"2026-04-15T03:37:16","modified_gmt":"2026-04-15T00:37:16","slug":"imam-i-azam-ebu-hanifeyi-yeniden-okumak","status":"publish","type":"product","link":"https:\/\/roveyayinevi.com.tr\/index.php\/urun\/imam-i-azam-ebu-hanifeyi-yeniden-okumak\/","title":{"rendered":"\u0130mam-\u0131 Azam Ebu Hanife\u2019yi Yeniden Okumak"},"content":{"rendered":"<p>\u0130mam-\u0131 Azam Ebu Hanife, \u0130slam akait ve f\u0131k\u0131h tarihindeki en \u00f6nemli simalardand\u0131r. O, Kur\u2019an ve S\u00fcnnet merkezli olmakla beraber akla da \u00f6nem veren bir yakla\u015f\u0131m sergilerken \u0130slam f\u0131k\u0131h tarihinde ilk defa isti\u015fareye dayal\u0131 f\u0131k\u0131h meclisi kurmu\u015f, adeta bir akademi olu\u015fturmu\u015ftur.   D\u00fcr\u00fcstl\u00fc\u011f\u00fc, ahlak\u0131, ibadete d\u00fc\u015fk\u00fcnl\u00fc\u011f\u00fc, yard\u0131mseverli\u011fi ile \u00f6rnek bir \u015fahsiyet olan Ebu Hanife ayn\u0131 zamanda siyasi duru\u015fu, zalim idarelere kar\u015f\u0131 hakk\u0131 \u00e7ekinmeden s\u00f6yleyen yakla\u015f\u0131m\u0131 ile de m\u00fcstesna bir \u015fahsiyettir.   Sahih bir itikat \u00fczere olabilmenin, insan ve toplum m\u00fcnasebetlerinde \u0130slam\u2019a uygun davranman\u0131n yan\u0131 s\u0131ra asli vazifemiz olan adalet ve merhamete dayal\u0131 bir medeniyet in\u015fa etmenin yolu \u0130mam-\u0131 Azam Ebu Hanife ve onun gibi hak yolda i\u00e7tihatlarda bulunan \u00e2limlerimizi \u00f6rnek almam\u0131z ile m\u00fcmk\u00fcnd\u00fcr.<\/p>\n","protected":false},"excerpt":{"rendered":"<p>\u0130mam-\u0131 Azam Ebu Hanife, \u0130slam akait ve f\u0131k\u0131h tarihindeki en \u00f6nemli simalardand\u0131r. O, Kur\u2019an ve S\u00fcnnet merkezli olmakla beraber akla da \u00f6nem veren bir yakla\u015f\u0131m sergilerken<span class=\"excerpt-hellip\"> [\u2026]<\/span><\/p>\n","protected":false},"featured_media":0,"template":"","meta":{"_monsterinsights_skip_tracking":false,"_monsterinsights_sitenote_active":false,"_monsterinsights_sitenote_note":"","_monsterinsights_sitenote_category":0},"product_brand":[],"product_cat":[12718,12719,15238],"product_tag":[],"class_list":{"0":"post-770980","1":"product","2":"type-product","3":"status-publish","5":"product_cat-din","6":"product_cat-islam","7":"product_cat-tasavvuf","8":"pa_cilt-ciltsiz","9":"pa_tur-kitap","10":"pa_yayinevi-pozitif-yayinlari","11":"pa_yazar-hulusi-senturk","13":"first","14":"instock","15":"sale","16":"shipping-taxable","17":"purchasable","18":"product-type-simple"},"_links":{"self":[{"href":"https:\/\/roveyayinevi.com.tr\/index.php\/wp-json\/wp\/v2\/product\/770980","targetHints":{"allow":["GET"]}}],"collection":[{"href":"https:\/\/roveyayinevi.com.tr\/index.php\/wp-json\/wp\/v2\/product"}],"about":[{"href":"https:\/\/roveyayinevi.com.tr\/index.php\/wp-json\/wp\/v2\/types\/product"}],"wp:attachment":[{"href":"https:\/\/roveyayinevi.com.tr\/index.php\/wp-json\/wp\/v2\/media?parent=770980"}],"wp:term":[{"taxonomy":"product_brand","embeddable":true,"href":"https:\/\/roveyayinevi.com.tr\/index.php\/wp-json\/wp\/v2\/product_brand?post=770980"},{"taxonomy":"product_cat","embeddable":true,"href":"https:\/\/roveyayinevi.com.tr\/index.php\/wp-json\/wp\/v2\/product_cat?post=770980"},{"taxonomy":"product_tag","embeddable":true,"href":"https:\/\/roveyayinevi.com.tr\/index.php\/wp-json\/wp\/v2\/product_tag?post=770980"}],"curies":[{"name":"wp","href":"https:\/\/api.w.org\/{rel}","templated":true}]}}