{"id":770978,"date":"2025-08-28T14:49:11","date_gmt":"2025-08-28T11:49:11","guid":{"rendered":"https:\/\/roveyayinevi.com.tr\/index.php\/urun\/gece-yarisi-kedileri-felidix-okulu\/"},"modified":"2026-04-15T03:37:16","modified_gmt":"2026-04-15T00:37:16","slug":"gece-yarisi-kedileri-felidix-okulu","status":"publish","type":"product","link":"https:\/\/roveyayinevi.com.tr\/index.php\/urun\/gece-yarisi-kedileri-felidix-okulu\/","title":{"rendered":"Gece Yar\u0131s\u0131 Kedileri &#8211; Felidix Okulu"},"content":{"rendered":"<p>Felidix\u2019in yetene\u011fine sahip olanlar, kedilerin dilinden anlayabilir. Ancak Felidix&#8217;in bu anlama yetene\u011fi b\u00fcy\u00fck bir sorumlulu\u011fu da beraberinde getirir. \u00c7\u00fcnk\u00fc en b\u00fcy\u00fck tehlikelerde, Gece Yar\u0131s\u0131 Kedileri\u2019nin bile yard\u0131ma ihtiyac\u0131 olur!\u201cTan\u0131\u015ft\u0131\u011f\u0131m\u0131za memnun oldum, ad\u0131m Edison.\u201d Bu s\u00f6zlerle, turkuaz g\u00f6zl\u00fc simsiyah bir kedi, Nova ve Henry&#8217;yi pen\u00e7elerini konu\u015fturacaklar\u0131 bir maceraya s\u00fcr\u00fckler: G\u00fc\u00e7 delisi siyam kedisi Penelope, \u0130ngiltere\u2019nin kedi krali\u00e7esini ka\u00e7\u0131rm\u0131\u015f ve onu tutsak etmi\u015ftir. \u015eimdi Penelope\u2019nin yapmas\u0131 gereken tek \u015fey, Krali\u00e7e\u2019nin muhaf\u0131zlar\u0131 olan Gece Yar\u0131s\u0131 Kedileri\u2019ni ma\u011flup etmek. B\u00f6ylece kedi tac\u0131 onun olacakt\u0131r! Ancak krali\u00e7eyi kurtarmak i\u00e7in Nova ve Henry\u2019nin Londra\u2019n\u0131n alt\u0131ndaki t\u00fcnellere inmesi ve \u0130ngiltere\u2019nin en g\u00fcvenli hapishanesine giden yolu bulmas\u0131 gerekmektedir&#8230;<\/p>\n","protected":false},"excerpt":{"rendered":"<p>Felidix\u2019in yetene\u011fine sahip olanlar, kedilerin dilinden anlayabilir. Ancak Felidix&#8217;in bu anlama yetene\u011fi b\u00fcy\u00fck bir sorumlulu\u011fu da beraberinde getirir. \u00c7\u00fcnk\u00fc en b\u00fcy\u00fck tehlikelerde, Gece Yar\u0131s\u0131 Kedileri\u2019nin bile<span class=\"excerpt-hellip\"> [\u2026]<\/span><\/p>\n","protected":false},"featured_media":0,"template":"","meta":{"_monsterinsights_skip_tracking":false,"_monsterinsights_sitenote_active":false,"_monsterinsights_sitenote_note":"","_monsterinsights_sitenote_category":0},"product_brand":[],"product_cat":[12274,12284],"product_tag":[],"class_list":{"0":"post-770978","1":"product","2":"type-product","3":"status-publish","5":"product_cat-cocuk-ve-genclik-kitaplari","6":"product_cat-hikayeler","7":"pa_cilt-ciltsiz","8":"pa_tur-kitap","9":"pa_yayinevi-genc-hayat","10":"pa_yazar-barbara-laban","12":"first","13":"instock","14":"sale","15":"shipping-taxable","16":"purchasable","17":"product-type-simple"},"_links":{"self":[{"href":"https:\/\/roveyayinevi.com.tr\/index.php\/wp-json\/wp\/v2\/product\/770978","targetHints":{"allow":["GET"]}}],"collection":[{"href":"https:\/\/roveyayinevi.com.tr\/index.php\/wp-json\/wp\/v2\/product"}],"about":[{"href":"https:\/\/roveyayinevi.com.tr\/index.php\/wp-json\/wp\/v2\/types\/product"}],"wp:attachment":[{"href":"https:\/\/roveyayinevi.com.tr\/index.php\/wp-json\/wp\/v2\/media?parent=770978"}],"wp:term":[{"taxonomy":"product_brand","embeddable":true,"href":"https:\/\/roveyayinevi.com.tr\/index.php\/wp-json\/wp\/v2\/product_brand?post=770978"},{"taxonomy":"product_cat","embeddable":true,"href":"https:\/\/roveyayinevi.com.tr\/index.php\/wp-json\/wp\/v2\/product_cat?post=770978"},{"taxonomy":"product_tag","embeddable":true,"href":"https:\/\/roveyayinevi.com.tr\/index.php\/wp-json\/wp\/v2\/product_tag?post=770978"}],"curies":[{"name":"wp","href":"https:\/\/api.w.org\/{rel}","templated":true}]}}