{"id":770977,"date":"2025-08-28T14:49:09","date_gmt":"2025-08-28T11:49:09","guid":{"rendered":"https:\/\/roveyayinevi.com.tr\/index.php\/urun\/film-icabi\/"},"modified":"2026-04-15T03:37:16","modified_gmt":"2026-04-15T00:37:16","slug":"film-icabi","status":"publish","type":"product","link":"https:\/\/roveyayinevi.com.tr\/index.php\/urun\/film-icabi\/","title":{"rendered":"Film \u0130cab\u0131"},"content":{"rendered":"<p>Herkes haz\u0131rsa film \u00e7ekimine ba\u015fl\u0131yoruz.Yetg\u00fcl Kara\u00e7elik, geleneksel mahalle k\u00fclt\u00fcr\u00fcn\u00fc and\u0131\u011f\u0131 Film \u0130cab\u0131&#8217;nda tahta evleri, yorganc\u0131s\u0131 ve kahvecisiyle sahil k\u0131y\u0131s\u0131ndaki eski bir semtte ya\u015faman\u0131n g\u00fczelliklerini payla\u015f\u0131yor okurla.Film icab\u0131 da olsa farkl\u0131 rollere b\u00fcr\u00fcnmenin dayan\u0131lmaz \u00e7ekicili\u011fini mizah ve ironiyle ele alan yazar, bir an \u00f6nce b\u00fcy\u00fcy\u00fcp yeti\u015fkinlerin d\u00fcnyas\u0131na ad\u0131m atmaya heveslenen k\u00fc\u00e7\u00fckleri \u00e7ocuklu\u011fun tad\u0131n\u0131 \u00e7\u0131karmaya davet ediyor. Niyazi, bir televizyon dizisinde oynamaya ba\u015flay\u0131nca ailesinin ve \u00e7evresinin de etkisiyle bamba\u015fka hayallere kap\u0131l\u0131r. I\u015f\u0131klar\u0131n \u00f6n\u00fcnde rol yapman\u0131n, ilgi oda\u011f\u0131 olman\u0131n b\u00fcy\u00fcs\u00fcne aldan\u0131r. Tam oyunculuk h\u00fcnerlerini sergileyip \u00fcnlenece\u011fi s\u0131rada akl\u0131 mahalledeki arkada\u015flar\u0131na tak\u0131l\u0131r. O repliklerini ezberlemeye \u00e7al\u0131\u015f\u0131rken Ali, S\u00fcreyya ve Murat&#8217;\u0131n kendisinden bir \u015feyler saklad\u0131\u011f\u0131ndan ku\u015fkulan\u0131r. Zihninde soru i\u015faretleriyle dedektifli\u011fe soyunurken, kar\u015f\u0131s\u0131na kom\u015funun \u00e7at\u0131k ka\u015fl\u0131 k\u0131z\u0131 Neriman \u00e7\u0131kar! Peki ama eski semtin \u00e7ocuklar\u0131n\u0131n Niyazi&#8217;den saklad\u0131\u011f\u0131 s\u0131r nedir?K\u0131sa soluklu bir oyunculuk ser\u00fcveninin ard\u0131nda geli\u015fen gizem dolu bir arkada\u015fl\u0131k hik\u00e2yesinin \u015fifrelerini \u00e7\u00f6zmeye haz\u0131rsan\u0131z filmimiz ba\u015fl\u0131yor! Bu kitab\u0131 okuyanlar\u0131 neler bekliyor? * Hayallere sar\u0131l\u0131rken ger\u00e7eklerden fazla uzakla\u015fmamak gerekti\u011fini fark ettiriyor. * Erken ya\u015fta \u015f\u00f6hretin olumsuz getirileri hakk\u0131nda d\u00fc\u015f\u00fcnd\u00fcr\u00fcyor.<\/p>\n","protected":false},"excerpt":{"rendered":"<p>Herkes haz\u0131rsa film \u00e7ekimine ba\u015fl\u0131yoruz.Yetg\u00fcl Kara\u00e7elik, geleneksel mahalle k\u00fclt\u00fcr\u00fcn\u00fc and\u0131\u011f\u0131 Film \u0130cab\u0131&#8217;nda tahta evleri, yorganc\u0131s\u0131 ve kahvecisiyle sahil k\u0131y\u0131s\u0131ndaki eski bir semtte ya\u015faman\u0131n g\u00fczelliklerini payla\u015f\u0131yor okurla.Film<span class=\"excerpt-hellip\"> [\u2026]<\/span><\/p>\n","protected":false},"featured_media":0,"template":"","meta":{"_monsterinsights_skip_tracking":false,"_monsterinsights_sitenote_active":false,"_monsterinsights_sitenote_note":"","_monsterinsights_sitenote_category":0},"product_brand":[],"product_cat":[12274,12284],"product_tag":[],"class_list":{"0":"post-770977","1":"product","2":"type-product","3":"status-publish","5":"product_cat-cocuk-ve-genclik-kitaplari","6":"product_cat-hikayeler","7":"pa_cilt-ciltsiz","8":"pa_tur-kitap","9":"pa_yayinevi-tudem-yayinlari","10":"pa_yazar-yetgul-karacelik","12":"first","13":"instock","14":"sale","15":"shipping-taxable","16":"purchasable","17":"product-type-simple"},"_links":{"self":[{"href":"https:\/\/roveyayinevi.com.tr\/index.php\/wp-json\/wp\/v2\/product\/770977","targetHints":{"allow":["GET"]}}],"collection":[{"href":"https:\/\/roveyayinevi.com.tr\/index.php\/wp-json\/wp\/v2\/product"}],"about":[{"href":"https:\/\/roveyayinevi.com.tr\/index.php\/wp-json\/wp\/v2\/types\/product"}],"wp:attachment":[{"href":"https:\/\/roveyayinevi.com.tr\/index.php\/wp-json\/wp\/v2\/media?parent=770977"}],"wp:term":[{"taxonomy":"product_brand","embeddable":true,"href":"https:\/\/roveyayinevi.com.tr\/index.php\/wp-json\/wp\/v2\/product_brand?post=770977"},{"taxonomy":"product_cat","embeddable":true,"href":"https:\/\/roveyayinevi.com.tr\/index.php\/wp-json\/wp\/v2\/product_cat?post=770977"},{"taxonomy":"product_tag","embeddable":true,"href":"https:\/\/roveyayinevi.com.tr\/index.php\/wp-json\/wp\/v2\/product_tag?post=770977"}],"curies":[{"name":"wp","href":"https:\/\/api.w.org\/{rel}","templated":true}]}}