{"id":770976,"date":"2025-08-28T14:49:06","date_gmt":"2025-08-28T11:49:06","guid":{"rendered":"https:\/\/roveyayinevi.com.tr\/index.php\/urun\/rembrandtin-gozleri-ciltli\/"},"modified":"2026-04-15T03:37:16","modified_gmt":"2026-04-15T00:37:16","slug":"rembrandtin-gozleri-ciltli","status":"publish","type":"product","link":"https:\/\/roveyayinevi.com.tr\/index.php\/urun\/rembrandtin-gozleri-ciltli\/","title":{"rendered":"Rembrandt\u2019\u0131n G\u00f6zleri (Ciltli)"},"content":{"rendered":"<p>\u201cBir resme Schama\u2019yla birlikte bakarsan\u0131z o resmi daha \u00f6nce g\u00f6rmedi\u011finiz bir yordamla g\u00f6rmeye ba\u015flars\u0131n\u0131z.\u201d \u2013Doris Lessing, Daily Telegraph \u201cCo\u015fkulu ve devasa bir \u00e7al\u0131\u015fma olan Rembrandt\u2019\u0131n G\u00f6zleri, sanat\u00e7\u0131n\u0131n i\u015flerine keskin bir takdir duygusuyla yakla\u015fmam\u0131z\u0131 sa\u011flamakla kalm\u0131yor, bizi ayn\u0131 zamanda o d\u00fcnyan\u0131n derinliklerine dald\u0131r\u0131yor. Muhte\u015fem\u2026\u201d \u2013Michiko Kakutani, The New York Times \u201cSchama\u2019dan ola\u011fan\u00fcst\u00fc, destans\u0131 bir kitap. Yazar Rembrandt\u2019\u0131n modern sanat\u0131n kelebe\u011fini \u00f6zg\u00fcr k\u0131lmak ad\u0131na klasisizmin kozas\u0131n\u0131 nas\u0131l da par\u00e7alamaya giri\u015fti\u011fini anlat\u0131yor; sonu\u00e7 muazzam.\u201d \u2013Duncan Macmillan, Scotsman \u201cOla\u011fan\u00fcst\u00fc bir tarih\u00e7iden muhte\u015fem bir \u00e7al\u0131\u015fma. Schama, Rembrandt\u2019\u0131n neden s\u0131k s\u0131k t\u00fcm zamanlar\u0131n en b\u00fcy\u00fck ressam\u0131 olarak an\u0131ld\u0131\u011f\u0131n\u0131 daha iyi anlamam\u0131z\u0131 sa\u011fl\u0131yor.\u201d \u2013Frances Spalding, Literary Review \u201cUsta i\u015fi bir anlat\u0131. Schama\u2019n\u0131n dikkat kesildi\u011fi \u015feyi hayata ge\u00e7irme konusunda b\u00fcy\u00fck bir yetene\u011fi var.\u201d \u2013Svetlana Alpers, Los Angeles Times Book Review \u201cSchama hem bir \u015fairin tutturdu\u011fu ahenge hem de bir ansiklopedinin i\u00e7erdi\u011fi malumata sahip.\u201d \u2013Waldemar Januszczak, Sunday Times \u201cHem g\u00f6ze hem de zihne hitap eden bir kitap. Daha \u00f6nce b\u00f6ylesi yaz\u0131lmam\u0131\u015ft\u0131.\u201d \u2013Ciaran Carty, Sunday Tribune \u201cSanat tarihine yap\u0131lm\u0131\u015f muazzam bir katk\u0131.\u201d \u2013Anita Brookner, Spectator \u201cDerin ve g\u00f6z kama\u015ft\u0131r\u0131c\u0131.\u201d \u2013Deborah Moggach, Daily Mail<\/p>\n","protected":false},"excerpt":{"rendered":"<p>\u201cBir resme Schama\u2019yla birlikte bakarsan\u0131z o resmi daha \u00f6nce g\u00f6rmedi\u011finiz bir yordamla g\u00f6rmeye ba\u015flars\u0131n\u0131z.\u201d \u2013Doris Lessing, Daily Telegraph \u201cCo\u015fkulu ve devasa bir \u00e7al\u0131\u015fma olan Rembrandt\u2019\u0131n G\u00f6zleri,<span class=\"excerpt-hellip\"> [\u2026]<\/span><\/p>\n","protected":false},"featured_media":0,"template":"","meta":{"_monsterinsights_skip_tracking":false,"_monsterinsights_sitenote_active":false,"_monsterinsights_sitenote_note":"","_monsterinsights_sitenote_category":0},"product_brand":[],"product_cat":[14009,12291],"product_tag":[],"class_list":{"0":"post-770976","1":"product","2":"type-product","3":"status-publish","5":"product_cat-biyografi-otobiyografi-edebiyat","6":"product_cat-edebiyat","7":"pa_cilt-ciltli","8":"pa_tur-kitap","9":"pa_yayinevi-alfa-yayinlari","10":"pa_yazar-simon-schama","12":"first","13":"instock","14":"sale","15":"shipping-taxable","16":"purchasable","17":"product-type-simple"},"_links":{"self":[{"href":"https:\/\/roveyayinevi.com.tr\/index.php\/wp-json\/wp\/v2\/product\/770976","targetHints":{"allow":["GET"]}}],"collection":[{"href":"https:\/\/roveyayinevi.com.tr\/index.php\/wp-json\/wp\/v2\/product"}],"about":[{"href":"https:\/\/roveyayinevi.com.tr\/index.php\/wp-json\/wp\/v2\/types\/product"}],"wp:attachment":[{"href":"https:\/\/roveyayinevi.com.tr\/index.php\/wp-json\/wp\/v2\/media?parent=770976"}],"wp:term":[{"taxonomy":"product_brand","embeddable":true,"href":"https:\/\/roveyayinevi.com.tr\/index.php\/wp-json\/wp\/v2\/product_brand?post=770976"},{"taxonomy":"product_cat","embeddable":true,"href":"https:\/\/roveyayinevi.com.tr\/index.php\/wp-json\/wp\/v2\/product_cat?post=770976"},{"taxonomy":"product_tag","embeddable":true,"href":"https:\/\/roveyayinevi.com.tr\/index.php\/wp-json\/wp\/v2\/product_tag?post=770976"}],"curies":[{"name":"wp","href":"https:\/\/api.w.org\/{rel}","templated":true}]}}