{"id":770973,"date":"2025-08-28T14:49:00","date_gmt":"2025-08-28T11:49:00","guid":{"rendered":"https:\/\/roveyayinevi.com.tr\/index.php\/urun\/cok-fazla-bunaltici-bir-gun\/"},"modified":"2026-04-15T03:37:16","modified_gmt":"2026-04-15T00:37:16","slug":"cok-fazla-bunaltici-bir-gun","status":"publish","type":"product","link":"https:\/\/roveyayinevi.com.tr\/index.php\/urun\/cok-fazla-bunaltici-bir-gun\/","title":{"rendered":"\u00c7ok Fazla ! Bunalt\u0131c\u0131 Bir G\u00fcn"},"content":{"rendered":"<p>Bazen d\u00fcnya \u00c7OK FAZLA gelir. G\u00f6z kama\u015ft\u0131ran parlak \u0131\u015f\u0131klar! G\u00fcr\u00fclt\u00fcl\u00fc sokaklar! Ka\u015f\u0131nd\u0131ran bir kazak! Bu s\u0131cac\u0131k resimli kitap, k\u00fc\u00e7\u00fck bir \u00e7ocu\u011fun bunalt\u0131c\u0131 bir g\u00fcnde hissettiklerini ve nas\u0131l yeniden huzur buldu\u011funu anlat\u0131yor. \u00c7OK FAZLA! g\u00fcn\u00fcn\u00fcz\u00fc g\u00fczelle\u015ftirmekle kalmayacak, kitab\u0131n sonundaki kapsaml\u0131 rehberle duyusal i\u015fleme farkl\u0131l\u0131klar\u0131na sahip \u00e7ocuklara destek vermenize yard\u0131mc\u0131 olacak. <\/p>\n","protected":false},"excerpt":{"rendered":"<p>Bazen d\u00fcnya \u00c7OK FAZLA gelir. G\u00f6z kama\u015ft\u0131ran parlak \u0131\u015f\u0131klar! G\u00fcr\u00fclt\u00fcl\u00fc sokaklar! Ka\u015f\u0131nd\u0131ran bir kazak! Bu s\u0131cac\u0131k resimli kitap, k\u00fc\u00e7\u00fck bir \u00e7ocu\u011fun bunalt\u0131c\u0131 bir g\u00fcnde hissettiklerini ve<span class=\"excerpt-hellip\"> [\u2026]<\/span><\/p>\n","protected":false},"featured_media":0,"template":"","meta":{"_monsterinsights_skip_tracking":false,"_monsterinsights_sitenote_active":false,"_monsterinsights_sitenote_note":"","_monsterinsights_sitenote_category":0},"product_brand":[],"product_cat":[12274,12284],"product_tag":[],"class_list":{"0":"post-770973","1":"product","2":"type-product","3":"status-publish","5":"product_cat-cocuk-ve-genclik-kitaplari","6":"product_cat-hikayeler","7":"pa_cilt-ciltsiz","8":"pa_tur-kitap","9":"pa_yayinevi-indigo-cocuk","10":"pa_yazar-jolene-gutierrez","12":"first","13":"instock","14":"sale","15":"shipping-taxable","16":"purchasable","17":"product-type-simple"},"_links":{"self":[{"href":"https:\/\/roveyayinevi.com.tr\/index.php\/wp-json\/wp\/v2\/product\/770973","targetHints":{"allow":["GET"]}}],"collection":[{"href":"https:\/\/roveyayinevi.com.tr\/index.php\/wp-json\/wp\/v2\/product"}],"about":[{"href":"https:\/\/roveyayinevi.com.tr\/index.php\/wp-json\/wp\/v2\/types\/product"}],"wp:attachment":[{"href":"https:\/\/roveyayinevi.com.tr\/index.php\/wp-json\/wp\/v2\/media?parent=770973"}],"wp:term":[{"taxonomy":"product_brand","embeddable":true,"href":"https:\/\/roveyayinevi.com.tr\/index.php\/wp-json\/wp\/v2\/product_brand?post=770973"},{"taxonomy":"product_cat","embeddable":true,"href":"https:\/\/roveyayinevi.com.tr\/index.php\/wp-json\/wp\/v2\/product_cat?post=770973"},{"taxonomy":"product_tag","embeddable":true,"href":"https:\/\/roveyayinevi.com.tr\/index.php\/wp-json\/wp\/v2\/product_tag?post=770973"}],"curies":[{"name":"wp","href":"https:\/\/api.w.org\/{rel}","templated":true}]}}