{"id":770972,"date":"2025-08-28T14:48:58","date_gmt":"2025-08-28T11:48:58","guid":{"rendered":"https:\/\/roveyayinevi.com.tr\/index.php\/urun\/arilar-sana-emanet\/"},"modified":"2026-04-15T03:37:16","modified_gmt":"2026-04-15T00:37:16","slug":"arilar-sana-emanet","status":"publish","type":"product","link":"https:\/\/roveyayinevi.com.tr\/index.php\/urun\/arilar-sana-emanet\/","title":{"rendered":"Ar\u0131lar Sana Emanet"},"content":{"rendered":"<p>Sevilen Alman yazar Petra Postert, ar\u0131lar\u0131n ilham verici d\u00fcnyas\u0131n\u0131 aile s\u0131rlar\u0131, tutkuyla ba\u011flanma ve do\u011fa sevgisiyle harmanlayarak gerilimli bir macera sunuyor okura. On iki ya\u015f\u0131ndaki Josy\u2019nin kayg\u0131 ve \u00f6nyarg\u0131lar\u0131n\u0131 a\u015fma m\u00fccadelesini g\u00f6zler \u00f6n\u00fcne sererken, ar\u0131lar\u0131n sahiplenilebilecek en harika dostlar oldu\u011fu s\u0131rr\u0131n\u0131 f\u0131s\u0131ld\u0131yor. Josy\u2019nin b\u00fcy\u00fckbabas\u0131 91 ya\u015f\u0131nda hayat\u0131n\u0131 kaybeder ve ar\u0131lar\u0131n\u0131 torununa miras b\u0131rak\u0131r. Bu durum \u015fehir sakini Josy i\u00e7in tam bir s\u00fcrprizdir. Yine de Josy, k\u0131sa s\u00fcrede ar\u0131lar hakk\u0131nda pek \u00e7ok \u015fey \u00f6\u011frenir ve tutkulu bir ar\u0131c\u0131 olur. Ancak \u00e7ok ge\u00e7meden ar\u0131lar\u0131 i\u00e7in m\u00fccadele etmek zorunda oldu\u011funu fark eder. Bu s\u00fcre\u00e7te b\u00fcy\u00fckbabas\u0131 hakk\u0131nda dah<\/p>\n","protected":false},"excerpt":{"rendered":"<p>Sevilen Alman yazar Petra Postert, ar\u0131lar\u0131n ilham verici d\u00fcnyas\u0131n\u0131 aile s\u0131rlar\u0131, tutkuyla ba\u011flanma ve do\u011fa sevgisiyle harmanlayarak gerilimli bir macera sunuyor okura. On iki ya\u015f\u0131ndaki Josy\u2019nin<span class=\"excerpt-hellip\"> [\u2026]<\/span><\/p>\n","protected":false},"featured_media":0,"template":"","meta":{"_monsterinsights_skip_tracking":false,"_monsterinsights_sitenote_active":false,"_monsterinsights_sitenote_note":"","_monsterinsights_sitenote_category":0},"product_brand":[],"product_cat":[12274,12284],"product_tag":[],"class_list":{"0":"post-770972","1":"product","2":"type-product","3":"status-publish","5":"product_cat-cocuk-ve-genclik-kitaplari","6":"product_cat-hikayeler","7":"pa_cilt-ciltsiz","8":"pa_tur-kitap","9":"pa_yayinevi-uyurgezer-kitap","10":"pa_yazar-petra-postert","12":"first","13":"instock","14":"sale","15":"shipping-taxable","16":"purchasable","17":"product-type-simple"},"_links":{"self":[{"href":"https:\/\/roveyayinevi.com.tr\/index.php\/wp-json\/wp\/v2\/product\/770972","targetHints":{"allow":["GET"]}}],"collection":[{"href":"https:\/\/roveyayinevi.com.tr\/index.php\/wp-json\/wp\/v2\/product"}],"about":[{"href":"https:\/\/roveyayinevi.com.tr\/index.php\/wp-json\/wp\/v2\/types\/product"}],"wp:attachment":[{"href":"https:\/\/roveyayinevi.com.tr\/index.php\/wp-json\/wp\/v2\/media?parent=770972"}],"wp:term":[{"taxonomy":"product_brand","embeddable":true,"href":"https:\/\/roveyayinevi.com.tr\/index.php\/wp-json\/wp\/v2\/product_brand?post=770972"},{"taxonomy":"product_cat","embeddable":true,"href":"https:\/\/roveyayinevi.com.tr\/index.php\/wp-json\/wp\/v2\/product_cat?post=770972"},{"taxonomy":"product_tag","embeddable":true,"href":"https:\/\/roveyayinevi.com.tr\/index.php\/wp-json\/wp\/v2\/product_tag?post=770972"}],"curies":[{"name":"wp","href":"https:\/\/api.w.org\/{rel}","templated":true}]}}