{"id":770965,"date":"2025-08-28T14:48:44","date_gmt":"2025-08-28T11:48:44","guid":{"rendered":"https:\/\/roveyayinevi.com.tr\/index.php\/urun\/abbas-kiyarustemi-bitmemis-sinema\/"},"modified":"2026-04-15T03:37:15","modified_gmt":"2026-04-15T00:37:15","slug":"abbas-kiyarustemi-bitmemis-sinema","status":"publish","type":"product","link":"https:\/\/roveyayinevi.com.tr\/index.php\/urun\/abbas-kiyarustemi-bitmemis-sinema\/","title":{"rendered":"Abbas Kiyar\u00fcstemi-Bitmemi\u015f Sinema"},"content":{"rendered":"<p>Bu kitaptaki s\u00f6yle\u015filer \u0130ran Sinemas\u0131\u2019n\u0131n gelmi\u015f ge\u00e7mi\u015f en iyi y\u00f6netmeni say\u0131lan Abbas Kiyar\u00fcstemi\u2019nin sinemaya \u00f6zg\u00fcn bak\u0131\u015f\u0131n\u0131, ba\u015ftan tam bir senaryo kaleme almay\u0131p olay \u00f6rg\u00fcs\u00fc ve ak\u0131\u015f\u0131 oyuncularla birlikte kuru\u015funu ve filmlerde bo\u015fluk b\u0131rak\u0131p seyirciyi yarat\u0131c\u0131l\u0131\u011fa dahil edi\u015fini anlat\u0131yor\u2026   <\/p>\n","protected":false},"excerpt":{"rendered":"<p>Bu kitaptaki s\u00f6yle\u015filer \u0130ran Sinemas\u0131\u2019n\u0131n gelmi\u015f ge\u00e7mi\u015f en iyi y\u00f6netmeni say\u0131lan Abbas Kiyar\u00fcstemi\u2019nin sinemaya \u00f6zg\u00fcn bak\u0131\u015f\u0131n\u0131, ba\u015ftan tam bir senaryo kaleme almay\u0131p olay \u00f6rg\u00fcs\u00fc ve ak\u0131\u015f\u0131<span class=\"excerpt-hellip\"> [\u2026]<\/span><\/p>\n","protected":false},"featured_media":0,"template":"","meta":{"_monsterinsights_skip_tracking":false,"_monsterinsights_sitenote_active":false,"_monsterinsights_sitenote_note":"","_monsterinsights_sitenote_category":0},"product_brand":[],"product_cat":[12409,12408],"product_tag":[],"class_list":{"0":"post-770965","1":"product","2":"type-product","3":"status-publish","5":"product_cat-fotograf-sinema-tiyatro","6":"product_cat-sanat","7":"pa_cilt-ciltsiz","8":"pa_tur-kitap","9":"pa_yayinevi-agora-kitapligi","10":"pa_yazar-kolektif","12":"first","13":"instock","14":"sale","15":"shipping-taxable","16":"purchasable","17":"product-type-simple"},"_links":{"self":[{"href":"https:\/\/roveyayinevi.com.tr\/index.php\/wp-json\/wp\/v2\/product\/770965","targetHints":{"allow":["GET"]}}],"collection":[{"href":"https:\/\/roveyayinevi.com.tr\/index.php\/wp-json\/wp\/v2\/product"}],"about":[{"href":"https:\/\/roveyayinevi.com.tr\/index.php\/wp-json\/wp\/v2\/types\/product"}],"wp:attachment":[{"href":"https:\/\/roveyayinevi.com.tr\/index.php\/wp-json\/wp\/v2\/media?parent=770965"}],"wp:term":[{"taxonomy":"product_brand","embeddable":true,"href":"https:\/\/roveyayinevi.com.tr\/index.php\/wp-json\/wp\/v2\/product_brand?post=770965"},{"taxonomy":"product_cat","embeddable":true,"href":"https:\/\/roveyayinevi.com.tr\/index.php\/wp-json\/wp\/v2\/product_cat?post=770965"},{"taxonomy":"product_tag","embeddable":true,"href":"https:\/\/roveyayinevi.com.tr\/index.php\/wp-json\/wp\/v2\/product_tag?post=770965"}],"curies":[{"name":"wp","href":"https:\/\/api.w.org\/{rel}","templated":true}]}}