{"id":770964,"date":"2025-08-28T14:48:43","date_gmt":"2025-08-28T11:48:43","guid":{"rendered":"https:\/\/roveyayinevi.com.tr\/index.php\/urun\/stalin-cilt-2-ciltli\/"},"modified":"2026-04-15T03:37:15","modified_gmt":"2026-04-15T00:37:15","slug":"stalin-cilt-2-ciltli","status":"publish","type":"product","link":"https:\/\/roveyayinevi.com.tr\/index.php\/urun\/stalin-cilt-2-ciltli\/","title":{"rendered":"Stalin &#8211; Cilt 2 (Ciltli)"},"content":{"rendered":"<p>Stephen Kotkin, \u00fc\u00e7 cilt olarak tasarlad\u0131\u011f\u0131 bu kapsaml\u0131 biyografinin ikinci cildinde \u00e7a\u011fda\u015f d\u00fcnyan\u0131n en tart\u0131\u015fmal\u0131 liderlerinden Stalin\u2019in mutlak iktidar\u0131n\u0131 per\u00e7inledi\u011fi 1929-1941 y\u0131llar\u0131 aras\u0131na odaklan\u0131yor. E\u015fi Nadya Alliluyeva\u2019n\u0131n intihar\u0131 ve yak\u0131n arkada\u015f\u0131 Sergey Kirov\u2019un \u00f6ld\u00fcr\u00fclmesi gibi, yaln\u0131zl\u0131\u011f\u0131n\u0131 ve ku\u015fkuculu\u011funu daha da keskinle\u015ftiren trajedilerle g\u00fcndelik ya\u015fam\u0131ndaki s\u0131radan anlar\u0131 detayl\u0131 olarak takip etti\u011fimiz \u00e7al\u0131\u015fman\u0131n bu ikinci cildi Hitler\u2019i Beklerken\u2019de ki\u015fisel olanla \u201ctek \u00fclkede sosyalizm\u201din in\u015fas\u0131n\u0131n i\u00e7 i\u00e7e ge\u00e7ti\u011fi sars\u0131c\u0131 bir hik\u00e2ye anlat\u0131l\u0131yor. \u00d6zellikle Ukrayna ve Kazakistan\u2019da kitlesel bir k\u0131tl\u0131\u011f\u0131n yan\u0131nda insani y\u0131k\u0131ma da yol a\u00e7an \u201ciradi\u201d kolektivizasyon ve sanayile\u015fme s\u00fcre\u00e7leriyle b\u00fcy\u00fck bir k\u00f6yl\u00fc ekonomisinin d\u00fcnyan\u0131n en b\u00fcy\u00fck g\u00fc\u00e7lerinden biri haline gelmesinde Stalin\u2019in oynad\u0131\u011f\u0131 rol ve sahip oldu\u011fu sorumluluk detayl\u0131 bir \u015fekilde inceleniyor. Kotkin, parti i\u00e7i muhalefet, d\u00fc\u015fmanl\u0131klar ve bitimsiz tasfiyelerin g\u00f6lgesindeki Sovyetler Birli\u011fi\u2019nin Nazi Almanyas\u0131 ile yerle\u015fik d\u00fczene kar\u015f\u0131 ortakl\u0131klarla birlikte kar\u015f\u0131tl\u0131klar da bar\u0131nd\u0131ran ili\u015fkisini yeni bir d\u00fcnya sava\u015f\u0131n\u0131n e\u015fi\u011finde, \u0130spanya \u0130\u00e7 Sava\u015f\u0131\u2019ndan Japon sald\u0131rganl\u0131\u011f\u0131na uzanan geni\u015f bir co\u011frafyada, tarihsel bir kapsamda tart\u0131\u015f\u0131yor.<\/p>\n","protected":false},"excerpt":{"rendered":"<p>Stephen Kotkin, \u00fc\u00e7 cilt olarak tasarlad\u0131\u011f\u0131 bu kapsaml\u0131 biyografinin ikinci cildinde \u00e7a\u011fda\u015f d\u00fcnyan\u0131n en tart\u0131\u015fmal\u0131 liderlerinden Stalin\u2019in mutlak iktidar\u0131n\u0131 per\u00e7inledi\u011fi 1929-1941 y\u0131llar\u0131 aras\u0131na odaklan\u0131yor. E\u015fi Nadya<span class=\"excerpt-hellip\"> [\u2026]<\/span><\/p>\n","protected":false},"featured_media":0,"template":"","meta":{"_monsterinsights_skip_tracking":false,"_monsterinsights_sitenote_active":false,"_monsterinsights_sitenote_note":"","_monsterinsights_sitenote_category":0},"product_brand":[],"product_cat":[13946,12304],"product_tag":[],"class_list":{"0":"post-770964","1":"product","2":"type-product","3":"status-publish","5":"product_cat-biyografi-otobiyografi","6":"product_cat-tarih","7":"pa_cilt-ciltli","8":"pa_tur-kitap","9":"pa_yayinevi-iletisim-yayinlari","10":"pa_yazar-stephen-kotkin","12":"first","13":"instock","14":"sale","15":"shipping-taxable","16":"purchasable","17":"product-type-simple"},"_links":{"self":[{"href":"https:\/\/roveyayinevi.com.tr\/index.php\/wp-json\/wp\/v2\/product\/770964","targetHints":{"allow":["GET"]}}],"collection":[{"href":"https:\/\/roveyayinevi.com.tr\/index.php\/wp-json\/wp\/v2\/product"}],"about":[{"href":"https:\/\/roveyayinevi.com.tr\/index.php\/wp-json\/wp\/v2\/types\/product"}],"wp:attachment":[{"href":"https:\/\/roveyayinevi.com.tr\/index.php\/wp-json\/wp\/v2\/media?parent=770964"}],"wp:term":[{"taxonomy":"product_brand","embeddable":true,"href":"https:\/\/roveyayinevi.com.tr\/index.php\/wp-json\/wp\/v2\/product_brand?post=770964"},{"taxonomy":"product_cat","embeddable":true,"href":"https:\/\/roveyayinevi.com.tr\/index.php\/wp-json\/wp\/v2\/product_cat?post=770964"},{"taxonomy":"product_tag","embeddable":true,"href":"https:\/\/roveyayinevi.com.tr\/index.php\/wp-json\/wp\/v2\/product_tag?post=770964"}],"curies":[{"name":"wp","href":"https:\/\/api.w.org\/{rel}","templated":true}]}}