{"id":770963,"date":"2025-08-28T14:48:40","date_gmt":"2025-08-28T11:48:40","guid":{"rendered":"https:\/\/roveyayinevi.com.tr\/index.php\/urun\/jamal\/"},"modified":"2026-04-15T03:37:15","modified_gmt":"2026-04-15T00:37:15","slug":"jamal","status":"publish","type":"product","link":"https:\/\/roveyayinevi.com.tr\/index.php\/urun\/jamal\/","title":{"rendered":"Jamal"},"content":{"rendered":"<p>\u201cOnunla bir \u00e7\u00f6p bidonunun ba\u015f\u0131nda tan\u0131\u015ft\u0131m; \u00e7ekingen, utanga\u00e7t\u0131. A\u00e7 oldu\u011fu her halinden belliydi, yine de \u00e7\u00f6p\u00fc kar\u0131\u015ft\u0131r\u0131p kar\u0131\u015ft\u0131rmamakta karars\u0131zd\u0131. \u2026 Kapkara g\u00f6zlerinin feri s\u00f6nm\u00fc\u015f, omuzlar\u0131 \u00e7\u00f6km\u00fc\u015f, dudaklar\u0131 \u00e7atlam\u0131\u015ft\u0131. \u00c7\u00f6pten bulup \u00e7\u0131kard\u0131\u011f\u0131m ilk yiyece\u011fi ona uzatt\u0131m; teredd\u00fct etti, g\u00f6zleri doldu, bo\u011faz\u0131 d\u00fc\u011f\u00fcmlendi. \u2026 Verdi\u011fim m\u0131s\u0131r ekme\u011finden \u0131s\u0131r\u0131rken onu adeta incitmemeye \u00e7al\u0131\u015f\u0131yordu, belli ki \u2018nan\u2019\u0131n k\u0131ymetini biliyordu, \u2018nank\u00f6r\u2019 de\u011fildi yani. Birka\u00e7 par\u00e7a daha yiyecek tutu\u015fturdum eline; ilk defa g\u00fcl\u00fcmsedi, bembeyaz di\u015fleri y\u00fcz\u00fcn\u00fc ayd\u0131nlatt\u0131. Birbirimizin dilini konu\u015fam\u0131yorduk, ancak iyili\u011fin evrensel diliyle anla\u015fmak zor de\u011fildi.\u201d   D\u00fc\u015fenlerin, s\u00fcr\u00fclenlerin, yersiz yurtsuz b\u0131rak\u0131lanlar\u0131n, i\u00e7lerinde bir anda \u201ct\u0131k\u201d diye bir \u015feyler kopanlar\u0131n, ac\u0131mas\u0131zca i\u015fleyen bir \u00e7ark\u0131n di\u015flilerinde \u00f6\u011f\u00fct\u00fclenlerin son s\u0131\u011f\u0131na\u011f\u0131d\u0131r sokak. Orada insan olman\u0131n\/insan kalman\u0131n, dayan\u0131\u015fman\u0131n, bir dilim ekme\u011fi payla\u015fman\u0131n mutlulu\u011fu da ya\u015fan\u0131r; y\u00fcz\u00fcst\u00fc b\u0131rak\u0131lman\u0131n, tepetaklak yere \u00e7ak\u0131lman\u0131n ac\u0131s\u0131 da. \u0130nsanlar\u0131n en g\u00fczel hallerine de tan\u0131k olunur, en k\u00f6t\u00fcc\u00fcl hallerine de. Ama soka\u011f\u0131n \u201csesine\u201d kulak vermek de\u011fildir aslolan, o \u201csesin\u201d bizzat kendisi olmakt\u0131r. Sokak \u00f6zg\u00fcrl\u00fckt\u00fcr \u00e7\u00fcnk\u00fc, \u00f6zg\u00fcrl\u00fck sokaktad\u0131r.  <\/p>\n","protected":false},"excerpt":{"rendered":"<p>\u201cOnunla bir \u00e7\u00f6p bidonunun ba\u015f\u0131nda tan\u0131\u015ft\u0131m; \u00e7ekingen, utanga\u00e7t\u0131. A\u00e7 oldu\u011fu her halinden belliydi, yine de \u00e7\u00f6p\u00fc kar\u0131\u015ft\u0131r\u0131p kar\u0131\u015ft\u0131rmamakta karars\u0131zd\u0131. \u2026 Kapkara g\u00f6zlerinin feri s\u00f6nm\u00fc\u015f, omuzlar\u0131 \u00e7\u00f6km\u00fc\u015f,<span class=\"excerpt-hellip\"> [\u2026]<\/span><\/p>\n","protected":false},"featured_media":0,"template":"","meta":{"_monsterinsights_skip_tracking":false,"_monsterinsights_sitenote_active":false,"_monsterinsights_sitenote_note":"","_monsterinsights_sitenote_category":0},"product_brand":[],"product_cat":[12291,12711],"product_tag":[],"class_list":{"0":"post-770963","1":"product","2":"type-product","3":"status-publish","5":"product_cat-edebiyat","6":"product_cat-roman-oyku","7":"pa_cilt-ciltsiz","8":"pa_tur-kitap","9":"pa_yayinevi-dipnot-yayinlari","10":"pa_yazar-selahattin-demirtas","12":"first","13":"instock","14":"sale","15":"shipping-taxable","16":"purchasable","17":"product-type-simple"},"_links":{"self":[{"href":"https:\/\/roveyayinevi.com.tr\/index.php\/wp-json\/wp\/v2\/product\/770963","targetHints":{"allow":["GET"]}}],"collection":[{"href":"https:\/\/roveyayinevi.com.tr\/index.php\/wp-json\/wp\/v2\/product"}],"about":[{"href":"https:\/\/roveyayinevi.com.tr\/index.php\/wp-json\/wp\/v2\/types\/product"}],"wp:attachment":[{"href":"https:\/\/roveyayinevi.com.tr\/index.php\/wp-json\/wp\/v2\/media?parent=770963"}],"wp:term":[{"taxonomy":"product_brand","embeddable":true,"href":"https:\/\/roveyayinevi.com.tr\/index.php\/wp-json\/wp\/v2\/product_brand?post=770963"},{"taxonomy":"product_cat","embeddable":true,"href":"https:\/\/roveyayinevi.com.tr\/index.php\/wp-json\/wp\/v2\/product_cat?post=770963"},{"taxonomy":"product_tag","embeddable":true,"href":"https:\/\/roveyayinevi.com.tr\/index.php\/wp-json\/wp\/v2\/product_tag?post=770963"}],"curies":[{"name":"wp","href":"https:\/\/api.w.org\/{rel}","templated":true}]}}