{"id":770961,"date":"2025-08-28T14:48:38","date_gmt":"2025-08-28T11:48:38","guid":{"rendered":"https:\/\/roveyayinevi.com.tr\/index.php\/urun\/uyusturucu-ve-uyarici-maddeler-analitik-yontemlerle-tespiti\/"},"modified":"2026-04-15T03:37:15","modified_gmt":"2026-04-15T00:37:15","slug":"uyusturucu-ve-uyarici-maddeler-analitik-yontemlerle-tespiti","status":"publish","type":"product","link":"https:\/\/roveyayinevi.com.tr\/index.php\/urun\/uyusturucu-ve-uyarici-maddeler-analitik-yontemlerle-tespiti\/","title":{"rendered":"Uyu\u015fturucu ve Uyar\u0131c\u0131 Maddeler: Analitik Y\u00f6ntemlerle Tespiti"},"content":{"rendered":"<p>\u0130\u00e7indekiler :     B\u0130R\u0130NC\u0130 B\u00d6L\u00dcM UYU\u015eTURUCU MADDELER (YASADI\u015eI MADDELER)   \u0130K\u0130NC\u0130 B\u00d6L\u00dcM YASADI\u015eI \u0130LA\u00c7LARIN\/NARKOT\u0130KLER\u0130N ANAL\u0130ZLER\u0130   \u00dc\u00c7\u00dcNC\u00dc B\u00d6L\u00dcM YASADI\u015eI \u0130LA\u00c7\/NARKOT\u0130K MADDELER\u0130N \u0130NCELENMES\u0130 <\/p>\n","protected":false},"excerpt":{"rendered":"<p>\u0130\u00e7indekiler : B\u0130R\u0130NC\u0130 B\u00d6L\u00dcM UYU\u015eTURUCU MADDELER (YASADI\u015eI MADDELER) \u0130K\u0130NC\u0130 B\u00d6L\u00dcM YASADI\u015eI \u0130LA\u00c7LARIN\/NARKOT\u0130KLER\u0130N ANAL\u0130ZLER\u0130 \u00dc\u00c7\u00dcNC\u00dc B\u00d6L\u00dcM YASADI\u015eI \u0130LA\u00c7\/NARKOT\u0130K MADDELER\u0130N \u0130NCELENMES\u0130<\/p>\n","protected":false},"featured_media":0,"template":"","meta":{"_monsterinsights_skip_tracking":false,"_monsterinsights_sitenote_active":false,"_monsterinsights_sitenote_note":"","_monsterinsights_sitenote_category":0},"product_brand":[],"product_cat":[13005,37328],"product_tag":[],"class_list":{"0":"post-770961","1":"product","2":"type-product","3":"status-publish","5":"product_cat-bilim-muhendislik","6":"product_cat-diger-bilim-muhendislik","7":"pa_cilt-ciltsiz","8":"pa_tur-kitap","9":"pa_yayinevi-gazi-kitabevi","10":"pa_yazar-nilgun-sen","12":"first","13":"instock","14":"sale","15":"shipping-taxable","16":"purchasable","17":"product-type-simple"},"_links":{"self":[{"href":"https:\/\/roveyayinevi.com.tr\/index.php\/wp-json\/wp\/v2\/product\/770961","targetHints":{"allow":["GET"]}}],"collection":[{"href":"https:\/\/roveyayinevi.com.tr\/index.php\/wp-json\/wp\/v2\/product"}],"about":[{"href":"https:\/\/roveyayinevi.com.tr\/index.php\/wp-json\/wp\/v2\/types\/product"}],"wp:attachment":[{"href":"https:\/\/roveyayinevi.com.tr\/index.php\/wp-json\/wp\/v2\/media?parent=770961"}],"wp:term":[{"taxonomy":"product_brand","embeddable":true,"href":"https:\/\/roveyayinevi.com.tr\/index.php\/wp-json\/wp\/v2\/product_brand?post=770961"},{"taxonomy":"product_cat","embeddable":true,"href":"https:\/\/roveyayinevi.com.tr\/index.php\/wp-json\/wp\/v2\/product_cat?post=770961"},{"taxonomy":"product_tag","embeddable":true,"href":"https:\/\/roveyayinevi.com.tr\/index.php\/wp-json\/wp\/v2\/product_tag?post=770961"}],"curies":[{"name":"wp","href":"https:\/\/api.w.org\/{rel}","templated":true}]}}