{"id":770955,"date":"2025-08-28T14:48:26","date_gmt":"2025-08-28T11:48:26","guid":{"rendered":"https:\/\/roveyayinevi.com.tr\/index.php\/urun\/unutulmus-siirler\/"},"modified":"2026-04-15T03:37:15","modified_gmt":"2026-04-15T00:37:15","slug":"unutulmus-siirler","status":"publish","type":"product","link":"https:\/\/roveyayinevi.com.tr\/index.php\/urun\/unutulmus-siirler\/","title":{"rendered":"Unutulmu\u015f \u015eiirler"},"content":{"rendered":"<p>R. Eser Kortano\u011flu\u2019nun \u201cUnutulmu\u015f \u015eiirler\u201d adl\u0131 bu kitab\u0131ndaki \u015fiirler, \u015fairin 1990\u2019l\u0131 y\u0131llarda \u0130stanbul\u2019da yazd\u0131\u011f\u0131 \u015fiirlerinden olu\u015fmaktad\u0131r. \u015eiirler, \u0130stanbul\u2019u, \u0130stanbul\u2019daki a\u015fklar\u0131, \u0130stanbul ac\u0131mas\u0131zl\u0131\u011f\u0131n\u0131, kalabal\u0131k i\u00e7indeki yaln\u0131zl\u0131\u011f\u0131 ve b\u00fcy\u00fck \u015fehrin ac\u0131mas\u0131zl\u0131\u011f\u0131n\u0131 anlat\u0131r. \u015eairin dili sade ve ak\u0131c\u0131d\u0131r. Ya\u015fanm\u0131\u015f ve g\u00f6zlemlenmi\u015f olaylar\u0131, \u00f6z ve duygu y\u00fckl\u00fc bir anlat\u0131mla okuyucuya aktar\u0131r. Be\u011fenerek okuyaca\u011f\u0131n\u0131z\u0131 umuyoruz. <\/p>\n","protected":false},"excerpt":{"rendered":"<p>R. Eser Kortano\u011flu\u2019nun \u201cUnutulmu\u015f \u015eiirler\u201d adl\u0131 bu kitab\u0131ndaki \u015fiirler, \u015fairin 1990\u2019l\u0131 y\u0131llarda \u0130stanbul\u2019da yazd\u0131\u011f\u0131 \u015fiirlerinden olu\u015fmaktad\u0131r. \u015eiirler, \u0130stanbul\u2019u, \u0130stanbul\u2019daki a\u015fklar\u0131, \u0130stanbul ac\u0131mas\u0131zl\u0131\u011f\u0131n\u0131, kalabal\u0131k i\u00e7indeki yaln\u0131zl\u0131\u011f\u0131 ve<span class=\"excerpt-hellip\"> [\u2026]<\/span><\/p>\n","protected":false},"featured_media":0,"template":"","meta":{"_monsterinsights_skip_tracking":false,"_monsterinsights_sitenote_active":false,"_monsterinsights_sitenote_note":"","_monsterinsights_sitenote_category":0},"product_brand":[],"product_cat":[12291,12509],"product_tag":[],"class_list":{"0":"post-770955","1":"product","2":"type-product","3":"status-publish","5":"product_cat-edebiyat","6":"product_cat-siir","7":"pa_cilt-ciltsiz","8":"pa_tur-kitap","9":"pa_yayinevi-denizkizi-yayinlari","10":"pa_yazar-r-eser-kortanoglu","12":"first","13":"instock","14":"sale","15":"shipping-taxable","16":"purchasable","17":"product-type-simple"},"_links":{"self":[{"href":"https:\/\/roveyayinevi.com.tr\/index.php\/wp-json\/wp\/v2\/product\/770955","targetHints":{"allow":["GET"]}}],"collection":[{"href":"https:\/\/roveyayinevi.com.tr\/index.php\/wp-json\/wp\/v2\/product"}],"about":[{"href":"https:\/\/roveyayinevi.com.tr\/index.php\/wp-json\/wp\/v2\/types\/product"}],"wp:attachment":[{"href":"https:\/\/roveyayinevi.com.tr\/index.php\/wp-json\/wp\/v2\/media?parent=770955"}],"wp:term":[{"taxonomy":"product_brand","embeddable":true,"href":"https:\/\/roveyayinevi.com.tr\/index.php\/wp-json\/wp\/v2\/product_brand?post=770955"},{"taxonomy":"product_cat","embeddable":true,"href":"https:\/\/roveyayinevi.com.tr\/index.php\/wp-json\/wp\/v2\/product_cat?post=770955"},{"taxonomy":"product_tag","embeddable":true,"href":"https:\/\/roveyayinevi.com.tr\/index.php\/wp-json\/wp\/v2\/product_tag?post=770955"}],"curies":[{"name":"wp","href":"https:\/\/api.w.org\/{rel}","templated":true}]}}