{"id":770954,"date":"2025-08-28T14:48:23","date_gmt":"2025-08-28T11:48:23","guid":{"rendered":"https:\/\/roveyayinevi.com.tr\/index.php\/urun\/melek-yuz\/"},"modified":"2026-04-15T03:37:15","modified_gmt":"2026-04-15T00:37:15","slug":"melek-yuz","status":"publish","type":"product","link":"https:\/\/roveyayinevi.com.tr\/index.php\/urun\/melek-yuz\/","title":{"rendered":"Melek Y\u00fcz"},"content":{"rendered":"<p>\u201cBir an \u00f6nce her \u015feyden uzakla\u015fmak, gelecek planlar\u0131n\u0131 sonsuza dek rafa kald\u0131rmak istiyorum\u2026 D\u00fcnyan\u0131n bu kadar h\u0131zl\u0131 d\u00f6nmesine son vermek istiyorum. D\u00fczenli olan, i\u015fleyen her \u00e7ark\u0131 k\u0131r\u0131p d\u00f6kmek, par\u00e7a par\u00e7a etmek istiyorum\u2026 Biraz olsun iyi hissedebilmek istiyorum. Kendime her \u015feyin yolunda oldu\u011funu s\u00f6ylemek istiyorum.  Endorfin ya\u011fmuruna ihtiyac\u0131m var\u2026 Ya\u015fama arzusuna ihtiyac\u0131m var\u2026 Kendimi iyi hissetmeye ihtiyac\u0131m var\u2026 Peki, g\u00f6ky\u00fcz\u00fc b\u00f6ylesine dilsizken huzuru nerede aramam gerekiyor?\u201d    Melek Y\u00fcz\u2019\u00fcn kahraman\u0131n\u0131n ad\u0131 Elif ama herkesin ona, Poe\u2019nun Annabel Lee\u2019sinden esinle, Anna olarak hitap etmesini istiyor. Gelecek vadeden bir b\u00f6l\u00fcme gitmesi bekleniyor Anna\u2019dan ama o G\u00fczel Sanatlar\u2019da okumak istiyor. Uysal olmas\u0131, otoriteye uyum sa\u011flamas\u0131 dayat\u0131l\u0131yor ama o bir isyank\u00e2r ve hi\u00e7bir otoriteye biat etmiyor. \u00d6fkesinin g\u00fcc\u00fcn\u00fc do\u011fru kullanmay\u0131, herkesten gizledi\u011fi k\u0131r\u0131lganl\u0131\u011f\u0131 ve zay\u0131fl\u0131klar\u0131yla ba\u015f etmeyi \u00f6\u011freniyor ad\u0131m ad\u0131m. \u00d6zg\u00fcrl\u00fck, yaln\u0131zca bedelini \u00f6deyenlerin hak etti\u011fi bir arma\u011fan sonu\u00e7ta. Anna\u2019n\u0131n kimli\u011fini ke\u015ffetme aray\u0131\u015f\u0131, bir ku\u015fa\u011f\u0131n ac\u0131lar, bunal\u0131mlar, varolu\u015fsal sanc\u0131lar e\u015fli\u011finde kendi yolunu \u00e7izme \u00e7abas\u0131n\u0131 sembolize ediyor.    G\u00fcncel gen\u00e7lik altk\u00fclt\u00fcrlerine ait modern \u00f6znelerin t\u00fcm\u00fc kendine yer buluyor Melek Y\u00fcz\u2019de: Punk\u2019lar, boks\u00f6rler, skateboarder\u2019lar, kekolar, anar\u015fistler, z\u00fcppeler\u2026 Roman\u0131n akt\u00f6rleri onlar, sahnesi ise Kad\u0131k\u00f6y sokaklar\u0131\u2026 <\/p>\n","protected":false},"excerpt":{"rendered":"<p>\u201cBir an \u00f6nce her \u015feyden uzakla\u015fmak, gelecek planlar\u0131n\u0131 sonsuza dek rafa kald\u0131rmak istiyorum\u2026 D\u00fcnyan\u0131n bu kadar h\u0131zl\u0131 d\u00f6nmesine son vermek istiyorum. D\u00fczenli olan, i\u015fleyen her \u00e7ark\u0131<span class=\"excerpt-hellip\"> [\u2026]<\/span><\/p>\n","protected":false},"featured_media":0,"template":"","meta":{"_monsterinsights_skip_tracking":false,"_monsterinsights_sitenote_active":false,"_monsterinsights_sitenote_note":"","_monsterinsights_sitenote_category":0},"product_brand":[],"product_cat":[12291,12711],"product_tag":[],"class_list":{"0":"post-770954","1":"product","2":"type-product","3":"status-publish","5":"product_cat-edebiyat","6":"product_cat-roman-oyku","7":"pa_cilt-ciltsiz","8":"pa_tur-kitap","9":"pa_yayinevi-muptela-yayinevi","10":"pa_yazar-gokhan-gencay","12":"first","13":"instock","14":"sale","15":"shipping-taxable","16":"purchasable","17":"product-type-simple"},"_links":{"self":[{"href":"https:\/\/roveyayinevi.com.tr\/index.php\/wp-json\/wp\/v2\/product\/770954","targetHints":{"allow":["GET"]}}],"collection":[{"href":"https:\/\/roveyayinevi.com.tr\/index.php\/wp-json\/wp\/v2\/product"}],"about":[{"href":"https:\/\/roveyayinevi.com.tr\/index.php\/wp-json\/wp\/v2\/types\/product"}],"wp:attachment":[{"href":"https:\/\/roveyayinevi.com.tr\/index.php\/wp-json\/wp\/v2\/media?parent=770954"}],"wp:term":[{"taxonomy":"product_brand","embeddable":true,"href":"https:\/\/roveyayinevi.com.tr\/index.php\/wp-json\/wp\/v2\/product_brand?post=770954"},{"taxonomy":"product_cat","embeddable":true,"href":"https:\/\/roveyayinevi.com.tr\/index.php\/wp-json\/wp\/v2\/product_cat?post=770954"},{"taxonomy":"product_tag","embeddable":true,"href":"https:\/\/roveyayinevi.com.tr\/index.php\/wp-json\/wp\/v2\/product_tag?post=770954"}],"curies":[{"name":"wp","href":"https:\/\/api.w.org\/{rel}","templated":true}]}}