{"id":770953,"date":"2025-08-28T14:48:21","date_gmt":"2025-08-28T11:48:21","guid":{"rendered":"https:\/\/roveyayinevi.com.tr\/index.php\/urun\/o-sirada-dublor-cocuk\/"},"modified":"2026-04-15T03:37:15","modified_gmt":"2026-04-15T00:37:15","slug":"o-sirada-dublor-cocuk","status":"publish","type":"product","link":"https:\/\/roveyayinevi.com.tr\/index.php\/urun\/o-sirada-dublor-cocuk\/","title":{"rendered":"O S\u0131rada, Dubl\u00f6r \u00c7ocuk"},"content":{"rendered":"<p>Bol \u00f6d\u00fcll\u00fc ve \u00e7oksatan Jason Reynolds&#8217;tan muhte\u015fem bir \u00e7izgi roman! \u0130\u015fte kar\u015f\u0131n\u0131zda yepyeni s\u00fcper kahraman Dubl\u00f6r \u00c7ocuk!   O, \u015fehrin en yeni s\u00fcper kahraman\u0131. Ya da ya\u015fad\u0131\u011f\u0131 binan\u0131n. Ya da hi\u00e7 de\u011filse kendi zihnindeki d\u00fcnyan\u0131n. O sizi En Fena Herbert Singletary gibi k\u00f6t\u00fclerden koruyacak. Ya da Endi\u015feli Titreyi\u015f\u2019ten. Ya da K\u00f6t\u00fc Zaman\u2019dan. Tabii \u00f6nce kendini kurtard\u0131ktan sonra. Ah, tabii bir de kediyi. Kediyi kurtarmak zorunda. Yoksa\u2026 Kedi mi ONU kurtaracak? <\/p>\n","protected":false},"excerpt":{"rendered":"<p>Bol \u00f6d\u00fcll\u00fc ve \u00e7oksatan Jason Reynolds&#8217;tan muhte\u015fem bir \u00e7izgi roman! \u0130\u015fte kar\u015f\u0131n\u0131zda yepyeni s\u00fcper kahraman Dubl\u00f6r \u00c7ocuk! O, \u015fehrin en yeni s\u00fcper kahraman\u0131. Ya da ya\u015fad\u0131\u011f\u0131<span class=\"excerpt-hellip\"> [\u2026]<\/span><\/p>\n","protected":false},"featured_media":0,"template":"","meta":{"_monsterinsights_skip_tracking":false,"_monsterinsights_sitenote_active":false,"_monsterinsights_sitenote_note":"","_monsterinsights_sitenote_category":0},"product_brand":[],"product_cat":[12416,12291],"product_tag":[],"class_list":{"0":"post-770953","1":"product","2":"type-product","3":"status-publish","5":"product_cat-cizgi-roman","6":"product_cat-edebiyat","7":"pa_cilt-ciltsiz","8":"pa_tur-kitap","9":"pa_yayinevi-ithaki-yayinlari","10":"pa_yazar-jason-reynolds","12":"first","13":"instock","14":"sale","15":"shipping-taxable","16":"purchasable","17":"product-type-simple"},"_links":{"self":[{"href":"https:\/\/roveyayinevi.com.tr\/index.php\/wp-json\/wp\/v2\/product\/770953","targetHints":{"allow":["GET"]}}],"collection":[{"href":"https:\/\/roveyayinevi.com.tr\/index.php\/wp-json\/wp\/v2\/product"}],"about":[{"href":"https:\/\/roveyayinevi.com.tr\/index.php\/wp-json\/wp\/v2\/types\/product"}],"wp:attachment":[{"href":"https:\/\/roveyayinevi.com.tr\/index.php\/wp-json\/wp\/v2\/media?parent=770953"}],"wp:term":[{"taxonomy":"product_brand","embeddable":true,"href":"https:\/\/roveyayinevi.com.tr\/index.php\/wp-json\/wp\/v2\/product_brand?post=770953"},{"taxonomy":"product_cat","embeddable":true,"href":"https:\/\/roveyayinevi.com.tr\/index.php\/wp-json\/wp\/v2\/product_cat?post=770953"},{"taxonomy":"product_tag","embeddable":true,"href":"https:\/\/roveyayinevi.com.tr\/index.php\/wp-json\/wp\/v2\/product_tag?post=770953"}],"curies":[{"name":"wp","href":"https:\/\/api.w.org\/{rel}","templated":true}]}}