{"id":770952,"date":"2025-08-28T14:48:19","date_gmt":"2025-08-28T11:48:19","guid":{"rendered":"https:\/\/roveyayinevi.com.tr\/index.php\/urun\/suclu-dogmak\/"},"modified":"2026-04-15T03:37:15","modified_gmt":"2026-04-15T00:37:15","slug":"suclu-dogmak","status":"publish","type":"product","link":"https:\/\/roveyayinevi.com.tr\/index.php\/urun\/suclu-dogmak\/","title":{"rendered":"Su\u00e7lu Do\u011fmak"},"content":{"rendered":"<p>Thurber Amerikan Mizah \u00d6d\u00fcl\u00fc NAACP Image \u00d6d\u00fcl\u00fc   Trevor Noah\u2019n\u0131n apartheid G\u00fcney Afrika\u2019s\u0131ndan d\u00fcnyaca \u00fcnl\u00fc komedyenli\u011fe uzanan s\u0131rad\u0131\u015f\u0131 yolculu\u011fu, \u00fclkede ba\u015fl\u0131 ba\u015f\u0131na su\u00e7 say\u0131lan bir olayla ba\u015flad\u0131: do\u011fumuyla. Trevor, beyaz bir baba ile siyahi bir annenin \u00e7ocu\u011fu olarak, bu t\u00fcr bir birlikteli\u011fin be\u015f y\u0131l hapisle cezaland\u0131r\u0131ld\u0131\u011f\u0131 bir d\u00f6nemde d\u00fcnyaya geldi. Ailesinin \u201cyasad\u0131\u015f\u0131 ili\u015fkisinin\u201d canl\u0131 kan\u0131t\u0131 olan Trevor, hayat\u0131n\u0131n ilk y\u0131llar\u0131n\u0131 \u00e7o\u011funlukla evde saklanarak ge\u00e7irdi. Annesi, onu her an elinden alabilecek devletten korumak i\u00e7in kimi zaman a\u015f\u0131r\u0131ya ka\u00e7an, hatta abs\u00fcrt \u00f6nlemler almak zorundayd\u0131. G\u00fcney Afrika\u2019daki \u0131rk\u00e7\u0131 rejimin sona ermesiyle \u00f6zg\u00fcrl\u00fc\u011f\u00fcne kavu\u015fan Trevor ve annesi, yeni f\u0131rsatlarla dolu bir d\u00fcnyaya ad\u0131m att\u0131; art\u0131k saklanmadan, \u00f6zg\u00fcrce ya\u015fayabilirlerdi.   Su\u00e7lu Do\u011fmak, hem yaramaz bir \u00e7ocu\u011fun, varl\u0131\u011f\u0131n\u0131n yasad\u0131\u015f\u0131 say\u0131ld\u0131\u011f\u0131 bir d\u00fcnyada kendini bulmaya \u00e7al\u0131\u015fan bir gence d\u00f6n\u00fc\u015f\u00fcm\u00fcn\u00fcn, hem de bu gen\u00e7 adam\u0131 yoksulluk, \u015fiddet ve istismar tehlikesinden kurtarmaya kararl\u0131, ola\u011fan\u00fcst\u00fc bir annenin hik\u00e2yesi. D\u00fcnyaca \u00fcnl\u00fc komedyen Trevor Noah, bu \u00e7arp\u0131c\u0131 otobiyografide, yasaklar\u0131n, yoksullu\u011fun ve ayr\u0131mc\u0131l\u0131\u011f\u0131n g\u00f6lgesinde ge\u00e7en \u00e7ocukluk y\u0131llar\u0131n\u0131 hem dokunakl\u0131 hem de mizahi bir dille anlat\u0131yor. Ama Su\u00e7lu Do\u011fmak, sadece trajik bir ge\u00e7mi\u015f anlat\u0131s\u0131ndan ibaret de\u011fil. Hayatta kalman\u0131n, zorluklara mizahla direnmenin, bir annenin sars\u0131lmaz sevgisinin ve asla pes etmemenin de kitab\u0131.   \u201cTrevor Noah\u2019n\u0131n anlatt\u0131\u011f\u0131 kadar etkileyici bir komedyen ba\u015flang\u0131\u00e7 hik\u00e2yesi bulmak ger\u00e7ekten zor.\u201d \u2013 The Oprah Magazine   \u201cSadece apartheid alt\u0131nda G\u00fcney Afrika\u2019da b\u00fcy\u00fcmenin sars\u0131c\u0131 bir anlat\u0131m\u0131 de\u011fil, ayn\u0131 zamanda yazar\u0131n ola\u011fan\u00fcst\u00fc annesine yaz\u0131lm\u0131\u015f bir a\u015fk mektubu.\u201d \u2013 The New York Times <\/p>\n","protected":false},"excerpt":{"rendered":"<p>Thurber Amerikan Mizah \u00d6d\u00fcl\u00fc NAACP Image \u00d6d\u00fcl\u00fc Trevor Noah\u2019n\u0131n apartheid G\u00fcney Afrika\u2019s\u0131ndan d\u00fcnyaca \u00fcnl\u00fc komedyenli\u011fe uzanan s\u0131rad\u0131\u015f\u0131 yolculu\u011fu, \u00fclkede ba\u015fl\u0131 ba\u015f\u0131na su\u00e7 say\u0131lan bir olayla ba\u015flad\u0131:<span class=\"excerpt-hellip\"> [\u2026]<\/span><\/p>\n","protected":false},"featured_media":0,"template":"","meta":{"_monsterinsights_skip_tracking":false,"_monsterinsights_sitenote_active":false,"_monsterinsights_sitenote_note":"","_monsterinsights_sitenote_category":0},"product_brand":[],"product_cat":[14009,12291],"product_tag":[],"class_list":{"0":"post-770952","1":"product","2":"type-product","3":"status-publish","5":"product_cat-biyografi-otobiyografi-edebiyat","6":"product_cat-edebiyat","7":"pa_cilt-ciltsiz","8":"pa_tur-kitap","9":"pa_yayinevi-ithaki-yayinlari","10":"pa_yazar-trevor-noah","12":"first","13":"instock","14":"sale","15":"shipping-taxable","16":"purchasable","17":"product-type-simple"},"_links":{"self":[{"href":"https:\/\/roveyayinevi.com.tr\/index.php\/wp-json\/wp\/v2\/product\/770952","targetHints":{"allow":["GET"]}}],"collection":[{"href":"https:\/\/roveyayinevi.com.tr\/index.php\/wp-json\/wp\/v2\/product"}],"about":[{"href":"https:\/\/roveyayinevi.com.tr\/index.php\/wp-json\/wp\/v2\/types\/product"}],"wp:attachment":[{"href":"https:\/\/roveyayinevi.com.tr\/index.php\/wp-json\/wp\/v2\/media?parent=770952"}],"wp:term":[{"taxonomy":"product_brand","embeddable":true,"href":"https:\/\/roveyayinevi.com.tr\/index.php\/wp-json\/wp\/v2\/product_brand?post=770952"},{"taxonomy":"product_cat","embeddable":true,"href":"https:\/\/roveyayinevi.com.tr\/index.php\/wp-json\/wp\/v2\/product_cat?post=770952"},{"taxonomy":"product_tag","embeddable":true,"href":"https:\/\/roveyayinevi.com.tr\/index.php\/wp-json\/wp\/v2\/product_tag?post=770952"}],"curies":[{"name":"wp","href":"https:\/\/api.w.org\/{rel}","templated":true}]}}