{"id":770948,"date":"2025-08-28T14:48:12","date_gmt":"2025-08-28T11:48:12","guid":{"rendered":"https:\/\/roveyayinevi.com.tr\/index.php\/urun\/pokemon-ara-ve-bul-boyamalarim-paldeaya-hos-geldin\/"},"modified":"2026-04-15T03:37:15","modified_gmt":"2026-04-15T00:37:15","slug":"pokemon-ara-ve-bul-boyamalarim-paldeaya-hos-geldin","status":"publish","type":"product","link":"https:\/\/roveyayinevi.com.tr\/index.php\/urun\/pokemon-ara-ve-bul-boyamalarim-paldeaya-hos-geldin\/","title":{"rendered":"Pokemon &#8211; Ara ve Bul Boyamalar\u0131m \u2013  Paldea\u2019ya Ho\u015f Geldin"},"content":{"rendered":"<p>\u015e\u0130MD\u0130 SIRA SENDE!   Paldea\u2019n\u0131n yeni b\u00f6lgesinde Quaxly, Fuecoco ve Sprigatito\u2019ya kat\u0131l! Hep birlikte kitab\u0131n\u0131n sayfalar\u0131nda sakl\u0131 Pok\u00e9monlar\u0131 aramaya \u00e7\u0131k\u0131n. Hepsini bulduktan sonra, sahneleri istedi\u011fin gibi renklendirebilecek ve kitab\u0131ndaki \u00f6rnekleri kullanarak bir\u00e7ok Pok\u00e9mon\u2019u boyayabileceksin! <\/p>\n","protected":false},"excerpt":{"rendered":"<p>\u015e\u0130MD\u0130 SIRA SENDE! Paldea\u2019n\u0131n yeni b\u00f6lgesinde Quaxly, Fuecoco ve Sprigatito\u2019ya kat\u0131l! Hep birlikte kitab\u0131n\u0131n sayfalar\u0131nda sakl\u0131 Pok\u00e9monlar\u0131 aramaya \u00e7\u0131k\u0131n. Hepsini bulduktan sonra, sahneleri istedi\u011fin gibi renklendirebilecek<span class=\"excerpt-hellip\"> [\u2026]<\/span><\/p>\n","protected":false},"featured_media":0,"template":"","meta":{"_monsterinsights_skip_tracking":false,"_monsterinsights_sitenote_active":false,"_monsterinsights_sitenote_note":"","_monsterinsights_sitenote_category":0},"product_brand":[],"product_cat":[12644,12274],"product_tag":[],"class_list":{"0":"post-770948","1":"product","2":"type-product","3":"status-publish","5":"product_cat-boyama-kitaplari","6":"product_cat-cocuk-ve-genclik-kitaplari","7":"pa_cilt-ciltsiz","8":"pa_tur-kitap","9":"pa_yayinevi-dogan-cocuk","10":"pa_yazar-kolektif","12":"first","13":"instock","14":"sale","15":"shipping-taxable","16":"purchasable","17":"product-type-simple"},"_links":{"self":[{"href":"https:\/\/roveyayinevi.com.tr\/index.php\/wp-json\/wp\/v2\/product\/770948","targetHints":{"allow":["GET"]}}],"collection":[{"href":"https:\/\/roveyayinevi.com.tr\/index.php\/wp-json\/wp\/v2\/product"}],"about":[{"href":"https:\/\/roveyayinevi.com.tr\/index.php\/wp-json\/wp\/v2\/types\/product"}],"wp:attachment":[{"href":"https:\/\/roveyayinevi.com.tr\/index.php\/wp-json\/wp\/v2\/media?parent=770948"}],"wp:term":[{"taxonomy":"product_brand","embeddable":true,"href":"https:\/\/roveyayinevi.com.tr\/index.php\/wp-json\/wp\/v2\/product_brand?post=770948"},{"taxonomy":"product_cat","embeddable":true,"href":"https:\/\/roveyayinevi.com.tr\/index.php\/wp-json\/wp\/v2\/product_cat?post=770948"},{"taxonomy":"product_tag","embeddable":true,"href":"https:\/\/roveyayinevi.com.tr\/index.php\/wp-json\/wp\/v2\/product_tag?post=770948"}],"curies":[{"name":"wp","href":"https:\/\/api.w.org\/{rel}","templated":true}]}}