{"id":770945,"date":"2025-08-28T14:48:06","date_gmt":"2025-08-28T11:48:06","guid":{"rendered":"https:\/\/roveyayinevi.com.tr\/index.php\/urun\/finaller-sozun-ustalari-2\/"},"modified":"2026-04-15T03:37:15","modified_gmt":"2026-04-15T00:37:15","slug":"finaller-sozun-ustalari-2","status":"publish","type":"product","link":"https:\/\/roveyayinevi.com.tr\/index.php\/urun\/finaller-sozun-ustalari-2\/","title":{"rendered":"Finaller &#8211; S\u00f6z\u00fcn Ustalar\u0131"},"content":{"rendered":"<p>Oyunlar ba\u015flayacak 2 Haziran\u2019da Ad\u0131m ad\u0131m y\u00fcr\u00fc bu yolda Gelirken yan\u0131na bir harita al Etraf\u0131 d\u00f6rt duvar, i\u00e7ine d\u00fcnya s\u0131\u011far.  Mustafa ve arkada\u015flar\u0131 S\u00f6z Oyunlar\u0131n\u0131n finaline kat\u0131lmaya hak kazand\u0131lar. Ama hi\u00e7biri final oyunlar\u0131n\u0131n nerede yap\u0131laca\u011f\u0131n\u0131 bilmiyor. Bakal\u0131m, Apta\u2019dan gelen mektuplardaki bilmeceleri \u00e7\u00f6z\u00fcp oyunlar\u0131n nerede yap\u0131laca\u011f\u0131n\u0131 bulabilecekler mi? <\/p>\n","protected":false},"excerpt":{"rendered":"<p>Oyunlar ba\u015flayacak 2 Haziran\u2019da Ad\u0131m ad\u0131m y\u00fcr\u00fc bu yolda Gelirken yan\u0131na bir harita al Etraf\u0131 d\u00f6rt duvar, i\u00e7ine d\u00fcnya s\u0131\u011far. Mustafa ve arkada\u015flar\u0131 S\u00f6z Oyunlar\u0131n\u0131n finaline<span class=\"excerpt-hellip\"> [\u2026]<\/span><\/p>\n","protected":false},"featured_media":0,"template":"","meta":{"_monsterinsights_skip_tracking":false,"_monsterinsights_sitenote_active":false,"_monsterinsights_sitenote_note":"","_monsterinsights_sitenote_category":0},"product_brand":[],"product_cat":[12274,12284],"product_tag":[],"class_list":{"0":"post-770945","1":"product","2":"type-product","3":"status-publish","5":"product_cat-cocuk-ve-genclik-kitaplari","6":"product_cat-hikayeler","7":"pa_cilt-ciltsiz","8":"pa_tur-kitap","9":"pa_yayinevi-dogan-cocuk","10":"pa_yazar-eda-albayrak","12":"first","13":"instock","14":"sale","15":"shipping-taxable","16":"purchasable","17":"product-type-simple"},"_links":{"self":[{"href":"https:\/\/roveyayinevi.com.tr\/index.php\/wp-json\/wp\/v2\/product\/770945","targetHints":{"allow":["GET"]}}],"collection":[{"href":"https:\/\/roveyayinevi.com.tr\/index.php\/wp-json\/wp\/v2\/product"}],"about":[{"href":"https:\/\/roveyayinevi.com.tr\/index.php\/wp-json\/wp\/v2\/types\/product"}],"wp:attachment":[{"href":"https:\/\/roveyayinevi.com.tr\/index.php\/wp-json\/wp\/v2\/media?parent=770945"}],"wp:term":[{"taxonomy":"product_brand","embeddable":true,"href":"https:\/\/roveyayinevi.com.tr\/index.php\/wp-json\/wp\/v2\/product_brand?post=770945"},{"taxonomy":"product_cat","embeddable":true,"href":"https:\/\/roveyayinevi.com.tr\/index.php\/wp-json\/wp\/v2\/product_cat?post=770945"},{"taxonomy":"product_tag","embeddable":true,"href":"https:\/\/roveyayinevi.com.tr\/index.php\/wp-json\/wp\/v2\/product_tag?post=770945"}],"curies":[{"name":"wp","href":"https:\/\/api.w.org\/{rel}","templated":true}]}}