{"id":770943,"date":"2025-08-28T14:48:02","date_gmt":"2025-08-28T11:48:02","guid":{"rendered":"https:\/\/roveyayinevi.com.tr\/index.php\/urun\/deniz-3\/"},"modified":"2026-03-26T16:23:50","modified_gmt":"2026-03-26T13:23:50","slug":"deniz-3","status":"publish","type":"product","link":"https:\/\/roveyayinevi.com.tr\/index.php\/urun\/deniz-3\/","title":{"rendered":"Deniz"},"content":{"rendered":"<p>\u201cDi\u011fer taraftan deniz kendilerini ona emanet etmi\u015f, onunla ya\u015fam\u0131\u015f, i\u00e7li d\u0131\u015fl\u0131 olmu\u015f insanlar\u0131 kendine \u00f6yle bir ba\u011flar ki ondan asla ayr\u0131lamazlar. K\u00fc\u00e7\u00fck bir limanda g\u00fc\u00e7ten d\u00fc\u015f\u00fcp i\u015flerinden ayr\u0131lan ya\u015fl\u0131 gemi k\u0131lavuzlar\u0131 g\u00f6rd\u00fcm. Ama teselli bulam\u0131yorlard\u0131, sefilce s\u00fcr\u00fcn\u00fcyor, ak\u0131llar\u0131 ba\u015flar\u0131ndan gidiyordu.\u201d   Deniz k\u0131smen bir pop\u00fcler bilim kitab\u0131, k\u0131smen bir otobiyografi, k\u0131smen bir gezi kitab\u0131, k\u0131smen bir tarih, k\u0131smen de \u015fiirsel betimlemeler i\u00e7eren bir do\u011fa g\u00fczellemesi. Denize dair her \u015feyi bulabilirsiniz i\u00e7inde. Balinalar, ringa bal\u0131klar\u0131, yal\u0131yarlar, plaj, gelgit, ak\u0131nt\u0131lar, mercanlar, kabuklular, denizanalar\u0131, deniz k\u0131zlar\u0131, r\u00fczg\u00e2rlar, okyanus ke\u015fifleri, kutuplar, fenerler, deniz hukuku, k\u00e2\u015fifler, bal\u0131k\u00e7\u0131l\u0131k, sayfiye evi, daha neler neler. T\u00fcm bunlar\u0131 \u015fiirsel bir dille anlat\u0131r. Kitab\u0131 okurken bir deniz kenar\u0131na gidip kumlarda y\u00fcr\u00fcmeyi, bir yal\u0131yardan dalgalar\u0131 seyretmeyi ya da kendinizi okyanuslara vurmay\u0131 isteyeceksiniz. Talat K\u0131r\u0131\u015f <\/p>\n","protected":false},"excerpt":{"rendered":"<p>\u201cDi\u011fer taraftan deniz kendilerini ona emanet etmi\u015f, onunla ya\u015fam\u0131\u015f, i\u00e7li d\u0131\u015fl\u0131 olmu\u015f insanlar\u0131 kendine \u00f6yle bir ba\u011flar ki ondan asla ayr\u0131lamazlar. K\u00fc\u00e7\u00fck bir limanda g\u00fc\u00e7ten d\u00fc\u015f\u00fcp<span class=\"excerpt-hellip\"> [\u2026]<\/span><\/p>\n","protected":false},"featured_media":0,"template":"","meta":{"_monsterinsights_skip_tracking":false,"_monsterinsights_sitenote_active":false,"_monsterinsights_sitenote_note":"","_monsterinsights_sitenote_category":0},"product_brand":[],"product_cat":[18545,12291],"product_tag":[],"class_list":{"0":"post-770943","1":"product","2":"type-product","3":"status-publish","5":"product_cat-anlati","6":"product_cat-edebiyat","7":"pa_cilt-ciltsiz","8":"pa_tur-kitap","9":"pa_yayinevi-dogan-kitap","10":"pa_yazar-jules-michelet","12":"first","13":"instock","14":"sale","15":"shipping-taxable","16":"purchasable","17":"product-type-simple"},"_links":{"self":[{"href":"https:\/\/roveyayinevi.com.tr\/index.php\/wp-json\/wp\/v2\/product\/770943","targetHints":{"allow":["GET"]}}],"collection":[{"href":"https:\/\/roveyayinevi.com.tr\/index.php\/wp-json\/wp\/v2\/product"}],"about":[{"href":"https:\/\/roveyayinevi.com.tr\/index.php\/wp-json\/wp\/v2\/types\/product"}],"wp:attachment":[{"href":"https:\/\/roveyayinevi.com.tr\/index.php\/wp-json\/wp\/v2\/media?parent=770943"}],"wp:term":[{"taxonomy":"product_brand","embeddable":true,"href":"https:\/\/roveyayinevi.com.tr\/index.php\/wp-json\/wp\/v2\/product_brand?post=770943"},{"taxonomy":"product_cat","embeddable":true,"href":"https:\/\/roveyayinevi.com.tr\/index.php\/wp-json\/wp\/v2\/product_cat?post=770943"},{"taxonomy":"product_tag","embeddable":true,"href":"https:\/\/roveyayinevi.com.tr\/index.php\/wp-json\/wp\/v2\/product_tag?post=770943"}],"curies":[{"name":"wp","href":"https:\/\/api.w.org\/{rel}","templated":true}]}}