{"id":770940,"date":"2025-08-28T14:47:58","date_gmt":"2025-08-28T11:47:58","guid":{"rendered":"https:\/\/roveyayinevi.com.tr\/index.php\/urun\/birlikte-buyuyoruz\/"},"modified":"2026-04-15T03:37:15","modified_gmt":"2026-04-15T00:37:15","slug":"birlikte-buyuyoruz","status":"publish","type":"product","link":"https:\/\/roveyayinevi.com.tr\/index.php\/urun\/birlikte-buyuyoruz\/","title":{"rendered":"Birlikte B\u00fcy\u00fcyoruz"},"content":{"rendered":"<p>Do\u011fumdan ergenli\u011fe \u00e7ocu\u011fuyla birlikte b\u00fcy\u00fcmeyi se\u00e7enler i\u00e7in\u2026   Ebeveynlik her g\u00fcn yeniden ba\u015flayan, bazen zorlayan ama her zaman d\u00f6n\u00fc\u015ft\u00fcren bir yolculuk. Bu yolculukta her g\u00fcn yeniden \u00f6\u011freniyor, geli\u015fiyor, \u00e7ocu\u011fumuzla birlikte b\u00fcy\u00fcyoruz. Zaman de\u011fi\u015fiyor, \u00e7ocukluk de\u011fi\u015fiyor, biz de\u011fi\u015fiyoruz.   Ama i\u00e7imizdeki \u201ciyi bir ebeveyn olma\u201d iste\u011fi hep ayn\u0131 kal\u0131yor. Bazen yetersiz hissediyoruz, bazen yaln\u0131z&#8230; Ve \u00e7o\u011fu zaman m\u00fckemmel olmaya \u00e7al\u0131\u015f\u0131rken ebeveynli\u011fin tad\u0131na varam\u0131yoruz. Gazeteci, yazar, ebeveyn ko\u00e7u Zeynep \u0130\u015fman, Birlikte B\u00fcy\u00fcyoruz\u2019da kendi deneyimlerinden yola \u00e7\u0131karak hatalar\u0131yla, sorgulamalar\u0131yla, yeniden denemeleriyle ebeveynli\u011fe dair i\u00e7ten ve yal\u0131n bir ses oluyor. Zorland\u0131\u011f\u0131m\u0131z anlarda, \u015fefkatli bir yakla\u015f\u0131mla bize \u015funu hat\u0131rlat\u0131yor: \u201cYaln\u0131z de\u011filsiniz.\u201d   Bu kitap, uyku sorunlar\u0131ndan \u00f6fke patlamalar\u0131na, teknoloji ba\u011f\u0131ml\u0131l\u0131\u011f\u0131ndan akran zorbal\u0131\u011f\u0131na kadar pek \u00e7ok konuda ebeveynli\u011fe dair duyarl\u0131 bir bak\u0131\u015f a\u00e7\u0131s\u0131 sunuyor.   Unutmayal\u0131m ki, m\u00fckemmel ebeveyn yoktur. Anlayan, dinleyen ve birlikte b\u00fcy\u00fcmeye g\u00f6n\u00fcll\u00fc olan ebeveyn vard\u0131r. <\/p>\n","protected":false},"excerpt":{"rendered":"<p>Do\u011fumdan ergenli\u011fe \u00e7ocu\u011fuyla birlikte b\u00fcy\u00fcmeyi se\u00e7enler i\u00e7in\u2026 Ebeveynlik her g\u00fcn yeniden ba\u015flayan, bazen zorlayan ama her zaman d\u00f6n\u00fc\u015ft\u00fcren bir yolculuk. Bu yolculukta her g\u00fcn yeniden \u00f6\u011freniyor,<span class=\"excerpt-hellip\"> [\u2026]<\/span><\/p>\n","protected":false},"featured_media":0,"template":"","meta":{"_monsterinsights_skip_tracking":false,"_monsterinsights_sitenote_active":false,"_monsterinsights_sitenote_note":"","_monsterinsights_sitenote_category":0},"product_brand":[],"product_cat":[12679,12357],"product_tag":[],"class_list":{"0":"post-770940","1":"product","2":"type-product","3":"status-publish","5":"product_cat-cocuk-psikolojisi","6":"product_cat-psikoloji","7":"pa_cilt-ciltsiz","8":"pa_tur-kitap","9":"pa_yayinevi-dogan-kitap","10":"pa_yazar-zeynep-isman","12":"first","13":"instock","14":"sale","15":"shipping-taxable","16":"purchasable","17":"product-type-simple"},"_links":{"self":[{"href":"https:\/\/roveyayinevi.com.tr\/index.php\/wp-json\/wp\/v2\/product\/770940","targetHints":{"allow":["GET"]}}],"collection":[{"href":"https:\/\/roveyayinevi.com.tr\/index.php\/wp-json\/wp\/v2\/product"}],"about":[{"href":"https:\/\/roveyayinevi.com.tr\/index.php\/wp-json\/wp\/v2\/types\/product"}],"wp:attachment":[{"href":"https:\/\/roveyayinevi.com.tr\/index.php\/wp-json\/wp\/v2\/media?parent=770940"}],"wp:term":[{"taxonomy":"product_brand","embeddable":true,"href":"https:\/\/roveyayinevi.com.tr\/index.php\/wp-json\/wp\/v2\/product_brand?post=770940"},{"taxonomy":"product_cat","embeddable":true,"href":"https:\/\/roveyayinevi.com.tr\/index.php\/wp-json\/wp\/v2\/product_cat?post=770940"},{"taxonomy":"product_tag","embeddable":true,"href":"https:\/\/roveyayinevi.com.tr\/index.php\/wp-json\/wp\/v2\/product_tag?post=770940"}],"curies":[{"name":"wp","href":"https:\/\/api.w.org\/{rel}","templated":true}]}}