{"id":770937,"date":"2025-08-28T14:47:52","date_gmt":"2025-08-28T11:47:52","guid":{"rendered":"https:\/\/roveyayinevi.com.tr\/index.php\/urun\/bir-sinematekten-otekine\/"},"modified":"2026-04-15T03:37:15","modified_gmt":"2026-04-15T00:37:15","slug":"bir-sinematekten-otekine","status":"publish","type":"product","link":"https:\/\/roveyayinevi.com.tr\/index.php\/urun\/bir-sinematekten-otekine\/","title":{"rendered":"Bir Sinematekten \u00d6tekine"},"content":{"rendered":"<p>Onat Kutlar, H\u00fcseyin Ba\u015f ve \u015eakir Eczac\u0131ba\u015f\u0131\u2019n\u0131n giri\u015fimleriyle 1965\u2019te kurulan, T\u00fcrkiye\u2019de sinema \u201ck\u00fclt\u00fcr\u00fcn\u00fcn\u201d yer etmesinde \u00f6nemli rol oynayan T\u00fcrk Sinematek Derne\u011fi\u2019nin, ilk \u00fcyesi Jak \u015ealom. Fransa Sinemateki\u2019nin kurucusu, \u201chazinelerin koruyucu ejderi\u201d Henri Langlois ile beraber Frans\u0131z Sinemateki\u2019nde ve D\u00fcnya Sinema M\u00fczesi\u2019nin kurulu\u015funda g\u00f6rev alm\u0131\u015f sinema uzman\u0131 Jak \u015ealom. Film ele\u015ftirileri yazm\u0131\u015f, ger\u00e7ekle\u015fen yeni hareketlerin, kurulan olu\u015fumlar\u0131n i\u00e7inde bulunmu\u015f, hatta bir k\u0131sa film bile \u00e7ekmi\u015f sinemac\u0131 Jak \u015ealom. 50 y\u0131l sonra, yar\u0131m kalan hik\u00e2yenin devam\u0131n\u0131 getirmek \u00fczere kollar\u0131 s\u0131vam\u0131\u015f ve daha kurumsal bir yap\u0131y\u0131 in\u015fa etmi\u015f sinematek\u00e7i Jak \u015ealom. \u0130lk de\u011ferlendirmelerini 12 ya\u015f\u0131ndayken kenara not almaya ba\u015flayan, 1950\u2019lerden bug\u00fcne \u201cb\u00fcy\u00fck beyazperde\u201dye t\u00fcm y\u00f6nleriyle kendini adam\u0131\u015f sinemasever Jak \u015ealom. Bir Sinematekten \u00d6tekine \u2013 Sinemay\u0131 Sevmek Jak \u015ealom\u2019un kaleminden ve dilinden, bir insan\u0131n, d\u00f6nemin, kurumun, o kuruma hayat verenlerin, kendini sinemaya adam\u0131\u015f insanlar\u0131n \u201cbelge\u201dsi. <\/p>\n","protected":false},"excerpt":{"rendered":"<p>Onat Kutlar, H\u00fcseyin Ba\u015f ve \u015eakir Eczac\u0131ba\u015f\u0131\u2019n\u0131n giri\u015fimleriyle 1965\u2019te kurulan, T\u00fcrkiye\u2019de sinema \u201ck\u00fclt\u00fcr\u00fcn\u00fcn\u201d yer etmesinde \u00f6nemli rol oynayan T\u00fcrk Sinematek Derne\u011fi\u2019nin, ilk \u00fcyesi Jak \u015ealom. Fransa<span class=\"excerpt-hellip\"> [\u2026]<\/span><\/p>\n","protected":false},"featured_media":0,"template":"","meta":{"_monsterinsights_skip_tracking":false,"_monsterinsights_sitenote_active":false,"_monsterinsights_sitenote_note":"","_monsterinsights_sitenote_category":0},"product_brand":[],"product_cat":[13701,12291],"product_tag":[],"class_list":{"0":"post-770937","1":"product","2":"type-product","3":"status-publish","5":"product_cat-ani-mektup-gunluk","6":"product_cat-edebiyat","7":"pa_cilt-ciltsiz","8":"pa_tur-kitap","9":"pa_yayinevi-kirmizi-kedi-yayinevi","10":"pa_yazar-jak-salom","12":"first","13":"instock","14":"sale","15":"shipping-taxable","16":"purchasable","17":"product-type-simple"},"_links":{"self":[{"href":"https:\/\/roveyayinevi.com.tr\/index.php\/wp-json\/wp\/v2\/product\/770937","targetHints":{"allow":["GET"]}}],"collection":[{"href":"https:\/\/roveyayinevi.com.tr\/index.php\/wp-json\/wp\/v2\/product"}],"about":[{"href":"https:\/\/roveyayinevi.com.tr\/index.php\/wp-json\/wp\/v2\/types\/product"}],"wp:attachment":[{"href":"https:\/\/roveyayinevi.com.tr\/index.php\/wp-json\/wp\/v2\/media?parent=770937"}],"wp:term":[{"taxonomy":"product_brand","embeddable":true,"href":"https:\/\/roveyayinevi.com.tr\/index.php\/wp-json\/wp\/v2\/product_brand?post=770937"},{"taxonomy":"product_cat","embeddable":true,"href":"https:\/\/roveyayinevi.com.tr\/index.php\/wp-json\/wp\/v2\/product_cat?post=770937"},{"taxonomy":"product_tag","embeddable":true,"href":"https:\/\/roveyayinevi.com.tr\/index.php\/wp-json\/wp\/v2\/product_tag?post=770937"}],"curies":[{"name":"wp","href":"https:\/\/api.w.org\/{rel}","templated":true}]}}