{"id":770935,"date":"2025-08-28T14:47:48","date_gmt":"2025-08-28T11:47:48","guid":{"rendered":"https:\/\/roveyayinevi.com.tr\/index.php\/urun\/evden-cok-uzakta-2\/"},"modified":"2026-04-15T03:37:15","modified_gmt":"2026-04-15T00:37:15","slug":"evden-cok-uzakta-2","status":"publish","type":"product","link":"https:\/\/roveyayinevi.com.tr\/index.php\/urun\/evden-cok-uzakta-2\/","title":{"rendered":"Evden \u00c7ok Uzakta"},"content":{"rendered":"<p>Her evlili\u011fin bir k\u0131r\u0131lma noktas\u0131 vard\u0131r.E\u015fiyle on iki y\u0131ll\u0131k evlilikleri bitmenin e\u015fi\u011fine gelirken iki \u00e7ocuk annesi Jolene birden g\u00f6reve \u00e7a\u011fr\u0131l\u0131r. Helikopter pilotu Jolene tehlikeli bir sava\u015fa giderken, \u00e7al\u0131\u015fmaktan ba\u015fka bir \u015fey bilmeyen Michael iki k\u0131z\u0131na hem anne hem de baba olmak zorunda kal\u0131r.Bir anne olarak ailesinden uzak kalmak Jolene i\u00e7in \u00e7ok ac\u0131 vericidir ancak bir asker olarak da sorumluluklar\u0131n\u0131n bilincindedir. Ailesine yazd\u0131\u011f\u0131 mektuplarda cephedeki hayat\u0131n\u0131 toz pembe bir bi\u00e7imde anlatsa da ger\u00e7ekler \u00e7ok farkl\u0131d\u0131r. Sava\u015f Jolene\u2019i hi\u00e7 kimsenin \u00f6ng\u00f6remedi\u011fi bi\u00e7imde de\u011fi\u015ftirir ve Michael ile Jolene\u2019in en b\u00fcy\u00fck korkular\u0131yla y\u00fczle\u015fmelerine sebep olur.\u201cCesur, ger\u00e7ek\u00e7i ve d\u00fc\u015f\u00fcnd\u00fcr\u00fcc\u00fc bir roman. Kristin Hannah t\u00fcm kalbiyle yazan \u015fefkatli ve inand\u0131r\u0131c\u0131 bir yazar.\u201dLuanne Rice<\/p>\n","protected":false},"excerpt":{"rendered":"<p>Her evlili\u011fin bir k\u0131r\u0131lma noktas\u0131 vard\u0131r.E\u015fiyle on iki y\u0131ll\u0131k evlilikleri bitmenin e\u015fi\u011fine gelirken iki \u00e7ocuk annesi Jolene birden g\u00f6reve \u00e7a\u011fr\u0131l\u0131r. Helikopter pilotu Jolene tehlikeli bir sava\u015fa<span class=\"excerpt-hellip\"> [\u2026]<\/span><\/p>\n","protected":false},"featured_media":0,"template":"","meta":{"_monsterinsights_skip_tracking":false,"_monsterinsights_sitenote_active":false,"_monsterinsights_sitenote_note":"","_monsterinsights_sitenote_category":0},"product_brand":[],"product_cat":[12291,12711],"product_tag":[],"class_list":{"0":"post-770935","1":"product","2":"type-product","3":"status-publish","5":"product_cat-edebiyat","6":"product_cat-roman-oyku","7":"pa_cilt-ciltsiz","8":"pa_tur-kitap","9":"pa_yayinevi-dogan-kitap","10":"pa_yazar-kristin-hannah","12":"first","13":"instock","14":"sale","15":"shipping-taxable","16":"purchasable","17":"product-type-simple"},"_links":{"self":[{"href":"https:\/\/roveyayinevi.com.tr\/index.php\/wp-json\/wp\/v2\/product\/770935","targetHints":{"allow":["GET"]}}],"collection":[{"href":"https:\/\/roveyayinevi.com.tr\/index.php\/wp-json\/wp\/v2\/product"}],"about":[{"href":"https:\/\/roveyayinevi.com.tr\/index.php\/wp-json\/wp\/v2\/types\/product"}],"wp:attachment":[{"href":"https:\/\/roveyayinevi.com.tr\/index.php\/wp-json\/wp\/v2\/media?parent=770935"}],"wp:term":[{"taxonomy":"product_brand","embeddable":true,"href":"https:\/\/roveyayinevi.com.tr\/index.php\/wp-json\/wp\/v2\/product_brand?post=770935"},{"taxonomy":"product_cat","embeddable":true,"href":"https:\/\/roveyayinevi.com.tr\/index.php\/wp-json\/wp\/v2\/product_cat?post=770935"},{"taxonomy":"product_tag","embeddable":true,"href":"https:\/\/roveyayinevi.com.tr\/index.php\/wp-json\/wp\/v2\/product_tag?post=770935"}],"curies":[{"name":"wp","href":"https:\/\/api.w.org\/{rel}","templated":true}]}}