{"id":770934,"date":"2025-08-28T14:47:46","date_gmt":"2025-08-28T11:47:46","guid":{"rendered":"https:\/\/roveyayinevi.com.tr\/index.php\/urun\/gumus-gozyaslari-2\/"},"modified":"2026-04-15T03:37:15","modified_gmt":"2026-04-15T00:37:15","slug":"gumus-gozyaslari-2","status":"publish","type":"product","link":"https:\/\/roveyayinevi.com.tr\/index.php\/urun\/gumus-gozyaslari-2\/","title":{"rendered":"G\u00fcm\u00fc\u015f G\u00f6zya\u015flar\u0131"},"content":{"rendered":"<p>A\u015fk, aile ve s\u0131rlar\u2026\u00c7ok sevdi\u011fi e\u015fi Mikaela ge\u00e7irdi\u011fi bir kaza sonras\u0131nda komaya girince Liam\u2019\u0131n d\u00fcnyas\u0131 alt\u00fcst olur. Doktorlar Liam\u2019a bir beklentiye girmemesini s\u00f6yler ve hi\u00e7 umutlu konu\u015fmazlar. Ancak Liam a\u015fk\u0131n b\u00fct\u00fcn engelleri a\u015faca\u011f\u0131na inan\u0131r. Buna inanmak zorundad\u0131r. Her g\u00fcn e\u015finin yan\u0131nda durup onunla konu\u015fur ve uyanaca\u011f\u0131 g\u00fcn\u00fc bekler. G\u00fcn\u00fcn birinde Mikaela\u2019n\u0131n gizledi\u011fi ge\u00e7mi\u015finden bir isimle kar\u015f\u0131la\u015f\u0131r: Film y\u0131ld\u0131z\u0131 Julian True.Liam sadece eski kocas\u0131n\u0131n ad\u0131na tepki veren kar\u0131s\u0131n\u0131 hayata d\u00f6nd\u00fcrmek i\u00e7in her \u015feyi g\u00f6ze alarak Julian\u2019dan yard\u0131m ister. Birlikte kurduklar\u0131 ailenin ac\u0131 s\u0131rlarla dolu oldu\u011funu \u00f6\u011frenmek Liam\u2019\u0131 derinden yaralar. Hayatlar\u0131na giren bu yeni ger\u00e7ekle birlikte umutlar, ac\u0131lar ve hayal k\u0131r\u0131kl\u0131klar\u0131 birbirine kar\u0131\u015facak, baz\u0131 \u015feyler sonsuza dek de\u011fi\u015fecektir.\u201cHannah karakterlerinin derinliklerine inip duygu n\u00fcanslar\u0131n\u0131 i\u015flerken harika bir i\u015f \u00e7\u0131kar\u0131yor.\u201dThe Washington Post<\/p>\n","protected":false},"excerpt":{"rendered":"<p>A\u015fk, aile ve s\u0131rlar\u2026\u00c7ok sevdi\u011fi e\u015fi Mikaela ge\u00e7irdi\u011fi bir kaza sonras\u0131nda komaya girince Liam\u2019\u0131n d\u00fcnyas\u0131 alt\u00fcst olur. Doktorlar Liam\u2019a bir beklentiye girmemesini s\u00f6yler ve hi\u00e7 umutlu<span class=\"excerpt-hellip\"> [\u2026]<\/span><\/p>\n","protected":false},"featured_media":0,"template":"","meta":{"_monsterinsights_skip_tracking":false,"_monsterinsights_sitenote_active":false,"_monsterinsights_sitenote_note":"","_monsterinsights_sitenote_category":0},"product_brand":[],"product_cat":[12291,12711],"product_tag":[],"class_list":{"0":"post-770934","1":"product","2":"type-product","3":"status-publish","5":"product_cat-edebiyat","6":"product_cat-roman-oyku","7":"pa_cilt-ciltsiz","8":"pa_tur-kitap","9":"pa_yayinevi-dogan-kitap","10":"pa_yazar-kristin-hannah","12":"first","13":"instock","14":"sale","15":"shipping-taxable","16":"purchasable","17":"product-type-simple"},"_links":{"self":[{"href":"https:\/\/roveyayinevi.com.tr\/index.php\/wp-json\/wp\/v2\/product\/770934","targetHints":{"allow":["GET"]}}],"collection":[{"href":"https:\/\/roveyayinevi.com.tr\/index.php\/wp-json\/wp\/v2\/product"}],"about":[{"href":"https:\/\/roveyayinevi.com.tr\/index.php\/wp-json\/wp\/v2\/types\/product"}],"wp:attachment":[{"href":"https:\/\/roveyayinevi.com.tr\/index.php\/wp-json\/wp\/v2\/media?parent=770934"}],"wp:term":[{"taxonomy":"product_brand","embeddable":true,"href":"https:\/\/roveyayinevi.com.tr\/index.php\/wp-json\/wp\/v2\/product_brand?post=770934"},{"taxonomy":"product_cat","embeddable":true,"href":"https:\/\/roveyayinevi.com.tr\/index.php\/wp-json\/wp\/v2\/product_cat?post=770934"},{"taxonomy":"product_tag","embeddable":true,"href":"https:\/\/roveyayinevi.com.tr\/index.php\/wp-json\/wp\/v2\/product_tag?post=770934"}],"curies":[{"name":"wp","href":"https:\/\/api.w.org\/{rel}","templated":true}]}}